{"id":4144,"date":"2025-11-11T11:38:37","date_gmt":"2025-11-11T11:38:37","guid":{"rendered":"https:\/\/dropking.eu\/hu_hu\/product\/funny-christmas-ornament-black-decorations\/"},"modified":"2025-11-11T11:39:43","modified_gmt":"2025-11-11T11:39:43","slug":"funny-christmas-ornament-black-decorations","status":"publish","type":"product","link":"https:\/\/dropking.eu\/hu_hu\/product\/funny-christmas-ornament-black-decorations\/","title":{"rendered":"Funny Christmas Ornament Black Decorations"},"content":{"rendered":"<p> <b> <font dir=\"auto\" style=\"vertical-align: inherit\"> <font dir=\"auto\" style=\"vertical-align: inherit\">Term\u00e9kinform\u00e1ci\u00f3:<\/font> <\/font> <\/b> <br \/> <font dir=\"auto\" style=\"vertical-align: inherit\"> <font dir=\"auto\" style=\"vertical-align: inherit\"> Sz\u00edn: A, B, C, D, E, F, G, H, I, J, K, L, Anyag: M\u0171anyag, Specifik\u00e1ci\u00f3: 6 cm, 4 cm<\/font> <\/font> <\/p>\n<p> <br \/>\n<b> <font dir=\"auto\" style=\"vertical-align: inherit\"> <font dir=\"auto\" style=\"vertical-align: inherit\">Csomagol\u00e1si lista:<\/font> <\/font> <\/b><br \/>\n<br \/> <br \/>\n<font dir=\"auto\" style=\"vertical-align: inherit\"> <font dir=\"auto\" style=\"vertical-align: inherit\"> Dekor\u00e1ci\u00f3k x 1 db <\/font> <\/font><br \/>\n <\/p>\n<p><b> <font dir=\"auto\" style=\"vertical-align: inherit\"> <font dir=\"auto\" style=\"vertical-align: inherit\">Term\u00e9kk\u00e9p:<\/font> <\/font> <\/b><br \/>\n<br \/> <br \/>\n<img decoding=\"async\" src=\"https:\/\/cf.cjdropshipping.com\/quick\/product\/eb4cb761-545f-4a0d-a426-94a95a286748.jpg\"><br \/>\n<img decoding=\"async\" src=\"https:\/\/cf.cjdropshipping.com\/quick\/product\/ad0a4876-0be3-479e-9a49-99263418feca.jpg\"><br \/>\n<img decoding=\"async\" src=\"https:\/\/cf.cjdropshipping.com\/quick\/product\/3144bc77-1edc-484e-97ec-3579d9d29939.jpg\"><br \/>\n<img decoding=\"async\" src=\"https:\/\/cf.cjdropshipping.com\/quick\/product\/c6361dd6-8867-44e7-a758-0a94ab909a45.jpg\"><br \/>\n<img decoding=\"async\" src=\"https:\/\/cf.cjdropshipping.com\/quick\/product\/7e451720-777b-44c9-854a-597d509f3055.jpg\"><br \/>\n<img decoding=\"async\" src=\"https:\/\/cf.cjdropshipping.com\/quick\/product\/1f5f81b6-f8e7-4d7b-a19e-1d3de1dc90c3.jpg\"><\/p>\n","protected":false},"excerpt":{"rendered":"<p>Term\u00e9kinform\u00e1ci\u00f3: Sz\u00edn: A, B, C, D, E, F, G, H, I, J, K, L, Anyag: M\u0171anyag, Specifik\u00e1ci\u00f3: 6 cm, 4 cm Csomagol\u00e1si lista: Dekor\u00e1ci\u00f3k x 1 db Term\u00e9kk\u00e9p:<\/p>\n","protected":false},"featured_media":4134,"comment_status":"open","ping_status":"closed","template":"","meta":{"_uag_custom_page_level_css":"","site-sidebar-layout":"default","site-content-layout":"","ast-site-content-layout":"default","site-content-style":"default","site-sidebar-style":"default","ast-global-header-display":"","ast-banner-title-visibility":"","ast-main-header-display":"","ast-hfb-above-header-display":"","ast-hfb-below-header-display":"","ast-hfb-mobile-header-display":"","site-post-title":"","ast-breadcrumbs-content":"","ast-featured-img":"","footer-sml-layout":"","theme-transparent-header-meta":"","adv-header-id-meta":"","stick-header-meta":"","header-above-stick-meta":"","header-main-stick-meta":"","header-below-stick-meta":"","astra-migrate-meta-layouts":"default","ast-page-background-enabled":"default","ast-page-background-meta":{"desktop":{"background-color":"var(--ast-global-color-4)","background-image":"","background-repeat":"repeat","background-position":"center center","background-size":"auto","background-attachment":"scroll","background-type":"","background-media":"","overlay-type":"","overlay-color":"","overlay-opacity":"","overlay-gradient":""},"tablet":{"background-color":"","background-image":"","background-repeat":"repeat","background-position":"center center","background-size":"auto","background-attachment":"scroll","background-type":"","background-media":"","overlay-type":"","overlay-color":"","overlay-opacity":"","overlay-gradient":""},"mobile":{"background-color":"","background-image":"","background-repeat":"repeat","background-position":"center center","background-size":"auto","background-attachment":"scroll","background-type":"","background-media":"","overlay-type":"","overlay-color":"","overlay-opacity":"","overlay-gradient":""}},"ast-content-background-meta":{"desktop":{"background-color":"var(--ast-global-color-5)","background-image":"","background-repeat":"repeat","background-position":"center center","background-size":"auto","background-attachment":"scroll","background-type":"","background-media":"","overlay-type":"","overlay-color":"","overlay-opacity":"","overlay-gradient":""},"tablet":{"background-color":"var(--ast-global-color-5)","background-image":"","background-repeat":"repeat","background-position":"center center","background-size":"auto","background-attachment":"scroll","background-type":"","background-media":"","overlay-type":"","overlay-color":"","overlay-opacity":"","overlay-gradient":""},"mobile":{"background-color":"var(--ast-global-color-5)","background-image":"","background-repeat":"repeat","background-position":"center center","background-size":"auto","background-attachment":"scroll","background-type":"","background-media":"","overlay-type":"","overlay-color":"","overlay-opacity":"","overlay-gradient":""}}},"product_brand":[],"product_cat":[386],"product_tag":[446,448,447,187],"class_list":{"0":"post-4144","1":"product","2":"type-product","3":"status-publish","4":"has-post-thumbnail","6":"product_cat-christmas","7":"product_tag-christmas","8":"product_tag-christmas-tree","9":"product_tag-decoration","10":"product_tag-funny-decoration","11":"desktop-align-left","12":"tablet-align-left","13":"mobile-align-left","15":"first","16":"instock","17":"taxable","18":"shipping-taxable","19":"purchasable","20":"product-type-variable"},"aioseo_notices":[],"uagb_featured_image_src":{"full":["https:\/\/dropking.eu\/wp-content\/uploads\/2025\/11\/5b4e1847-f5fd-4fc7-9440-a8be1df2c568.jpg",602,597,false],"thumbnail":["https:\/\/dropking.eu\/wp-content\/uploads\/2025\/11\/5b4e1847-f5fd-4fc7-9440-a8be1df2c568-150x150.jpg",150,150,true],"medium":["https:\/\/dropking.eu\/wp-content\/uploads\/2025\/11\/5b4e1847-f5fd-4fc7-9440-a8be1df2c568-300x298.jpg",300,298,true],"medium_large":["https:\/\/dropking.eu\/wp-content\/uploads\/2025\/11\/5b4e1847-f5fd-4fc7-9440-a8be1df2c568.jpg",602,597,false],"large":["https:\/\/dropking.eu\/wp-content\/uploads\/2025\/11\/5b4e1847-f5fd-4fc7-9440-a8be1df2c568.jpg",602,597,false],"1536x1536":["https:\/\/dropking.eu\/wp-content\/uploads\/2025\/11\/5b4e1847-f5fd-4fc7-9440-a8be1df2c568.jpg",602,597,false],"2048x2048":["https:\/\/dropking.eu\/wp-content\/uploads\/2025\/11\/5b4e1847-f5fd-4fc7-9440-a8be1df2c568.jpg",602,597,false],"trp-custom-language-flag":["https:\/\/dropking.eu\/wp-content\/uploads\/2025\/11\/5b4e1847-f5fd-4fc7-9440-a8be1df2c568-12x12.jpg",12,12,true],"mailpoet_newsletter_max":["https:\/\/dropking.eu\/wp-content\/uploads\/2025\/11\/5b4e1847-f5fd-4fc7-9440-a8be1df2c568.jpg",602,597,false],"woocommerce_thumbnail":["https:\/\/dropking.eu\/wp-content\/uploads\/2025\/11\/5b4e1847-f5fd-4fc7-9440-a8be1df2c568-300x300.jpg",300,300,true],"woocommerce_single":["https:\/\/dropking.eu\/wp-content\/uploads\/2025\/11\/5b4e1847-f5fd-4fc7-9440-a8be1df2c568-600x595.jpg",600,595,true],"woocommerce_gallery_thumbnail":["https:\/\/dropking.eu\/wp-content\/uploads\/2025\/11\/5b4e1847-f5fd-4fc7-9440-a8be1df2c568-100x100.jpg",100,100,true]},"uagb_author_info":{"display_name":"Andrea","author_link":"https:\/\/dropking.eu\/hu_hu\/author\/"},"uagb_comment_info":0,"uagb_excerpt":"Term\u00e9kinform\u00e1ci\u00f3: Sz\u00edn: A, B, C, D, E, F, G, H, I, J, K, L, Anyag: M\u0171anyag, Specifik\u00e1ci\u00f3: 6 cm, 4 cm Csomagol\u00e1si lista: Dekor\u00e1ci\u00f3k x 1 db Term\u00e9kk\u00e9p:","_links":{"self":[{"href":"https:\/\/dropking.eu\/hu_hu\/wp-json\/wp\/v2\/product\/4144","targetHints":{"allow":["GET"]}}],"collection":[{"href":"https:\/\/dropking.eu\/hu_hu\/wp-json\/wp\/v2\/product"}],"about":[{"href":"https:\/\/dropking.eu\/hu_hu\/wp-json\/wp\/v2\/types\/product"}],"replies":[{"embeddable":true,"href":"https:\/\/dropking.eu\/hu_hu\/wp-json\/wp\/v2\/comments?post=4144"}],"wp:featuredmedia":[{"embeddable":true,"href":"https:\/\/dropking.eu\/hu_hu\/wp-json\/wp\/v2\/media\/4134"}],"wp:attachment":[{"href":"https:\/\/dropking.eu\/hu_hu\/wp-json\/wp\/v2\/media?parent=4144"}],"wp:term":[{"taxonomy":"product_brand","embeddable":true,"href":"https:\/\/dropking.eu\/hu_hu\/wp-json\/wp\/v2\/product_brand?post=4144"},{"taxonomy":"product_cat","embeddable":true,"href":"https:\/\/dropking.eu\/hu_hu\/wp-json\/wp\/v2\/product_cat?post=4144"},{"taxonomy":"product_tag","embeddable":true,"href":"https:\/\/dropking.eu\/hu_hu\/wp-json\/wp\/v2\/product_tag?post=4144"}],"curies":[{"name":"wp","href":"https:\/\/api.w.org\/{rel}","templated":true}]}}