{"id":3975,"date":"2025-11-11T09:48:20","date_gmt":"2025-11-11T09:48:20","guid":{"rendered":"https:\/\/dropking.eu\/hu_hu\/product\/winter-gloves-touch-screen-riding-motorcycle-sliding-waterproof-sports-gloves-with-fleece\/"},"modified":"2025-11-11T09:50:33","modified_gmt":"2025-11-11T09:50:33","slug":"winter-gloves-touch-screen-riding-motorcycle-sliding-waterproof-sports-gloves-with-fleece","status":"publish","type":"product","link":"https:\/\/dropking.eu\/hu_hu\/product\/winter-gloves-touch-screen-riding-motorcycle-sliding-waterproof-sports-gloves-with-fleece\/","title":{"rendered":"Winter Gloves Touch Screen Riding Motorcycle Sliding Waterproof Sports Gloves With Fleece"},"content":{"rendered":"<p> <b> <font dir=\"auto\" style=\"vertical-align: inherit\"> <font dir=\"auto\" style=\"vertical-align: inherit\">\u00c1ttekint\u00e9s:<\/font> <\/font> <\/b> <br \/> <font dir=\"auto\" style=\"vertical-align: inherit\"> <font dir=\"auto\" style=\"vertical-align: inherit\"> Egyedi diz\u00e1jn, st\u00edlusos \u00e9s gy\u00f6ny\u00f6r\u0171. <\/font> <\/font> <br \/> <font dir=\"auto\" style=\"vertical-align: inherit\"> <font dir=\"auto\" style=\"vertical-align: inherit\">J\u00f3 anyag, k\u00e9nyelmes viselet. <\/font> <\/font> <br \/> <font dir=\"auto\" style=\"vertical-align: inherit\"> <font dir=\"auto\" style=\"vertical-align: inherit\">T\u00f6bbf\u00e9le sz\u00edn, nagyobb v\u00e1laszt\u00e9k.<\/font> <\/font> <span style=\"font-weight: bold\"> <br \/> <\/span> <\/p>\n<p> <\/p>\n<p> <span style=\"font-weight: bold\"> <font dir=\"auto\" style=\"vertical-align: inherit\"> <font dir=\"auto\" style=\"vertical-align: inherit\">Term\u00e9kinform\u00e1ci\u00f3:<\/font> <\/font> <\/span> <\/p>\n<p> <font dir=\"auto\" style=\"vertical-align: inherit\"> <font dir=\"auto\" style=\"vertical-align: inherit\">Anyag: Pol\u00e1r gyapj\u00fa<\/font> <\/font> <\/p>\n<p> <font dir=\"auto\" style=\"vertical-align: inherit\"> <font dir=\"auto\" style=\"vertical-align: inherit\">Haszn\u00e1lati besorol\u00e1s: Lovagl\u00f3keszty\u0171k<\/font> <\/font> <\/p>\n<p> <font dir=\"auto\" style=\"vertical-align: inherit\"> <font dir=\"auto\" style=\"vertical-align: inherit\">Funkci\u00f3: Cs\u00fasz\u00e1sg\u00e1tl\u00f3<\/font> <\/font> <\/p>\n<p> <font dir=\"auto\" style=\"vertical-align: inherit\"> <font dir=\"auto\" style=\"vertical-align: inherit\">St\u00edlus: Ujjkeszty\u0171k<\/font> <\/font> <\/p>\n<p> <font dir=\"auto\" style=\"vertical-align: inherit\"> <font dir=\"auto\" style=\"vertical-align: inherit\">Sz\u00edn: K\u00e9k, lila, fekete, narancss\u00e1rga<\/font> <\/font> <\/p>\n<p> <font dir=\"auto\" style=\"vertical-align: inherit\"> <font dir=\"auto\" style=\"vertical-align: inherit\">M\u00e9ret: M, L, XL<\/font> <\/font> <\/p>\n<p> <\/p>\n<p> <span style=\"font-weight: bold\"> <font dir=\"auto\" style=\"vertical-align: inherit\"> <font dir=\"auto\" style=\"vertical-align: inherit\">A csomag tartalma:<\/font> <\/font> <br \/> <\/span> <\/p>\n<p> <font dir=\"auto\" style=\"vertical-align: inherit\"> <font dir=\"auto\" style=\"vertical-align: inherit\">1 p\u00e1r keszty\u0171<\/font> <\/font> <\/p>\n<p> <img decoding=\"async\" src=\"https:\/\/cf.cjdropshipping.com\/16999200\/1724336302943506432.jpg\"> <br \/> <img decoding=\"async\" src=\"https:\/\/cf.cjdropshipping.com\/16999200\/1724336303182581760.jpg\" class=\"\">  <\/p>\n<p> <img decoding=\"async\" src=\"https:\/\/cf.cjdropshipping.com\/16999200\/1724336303400685568.jpg\"> <img decoding=\"async\" src=\"https:\/\/cf.cjdropshipping.com\/16999200\/1724336303614595072.jpg\"> <img decoding=\"async\" src=\"https:\/\/cf.cjdropshipping.com\/16999200\/1724336303870447616.jpg\"> <img decoding=\"async\" src=\"https:\/\/cf.cjdropshipping.com\/16999200\/1724336304017248256.jpg\"> <img decoding=\"async\" src=\"https:\/\/cf.cjdropshipping.com\/16999200\/1724336304185020416.jpg\"> <img decoding=\"async\" src=\"https:\/\/cf.cjdropshipping.com\/16999200\/1724336304348598272.jpg\"> <img decoding=\"async\" src=\"https:\/\/cf.cjdropshipping.com\/16999200\/1724336304495398912.jpg\"> <img decoding=\"async\" src=\"https:\/\/cf.cjdropshipping.com\/16999200\/1724336304700919808.jpg\"> <img decoding=\"async\" src=\"https:\/\/cf.cjdropshipping.com\/16999200\/1724336304973549568.jpg\">  <\/p>\n<p> <img decoding=\"async\" src=\"https:\/\/cf.cjdropshipping.com\/16999200\/1724336305116155904.jpg\">  <\/p>\n","protected":false},"excerpt":{"rendered":"<p>\u00c1ttekint\u00e9s: Egyedi diz\u00e1jn, st\u00edlusos \u00e9s gy\u00f6ny\u00f6r\u0171. J\u00f3 anyag, k\u00e9nyelmes viselet. T\u00f6bbf\u00e9le sz\u00edn, nagyobb v\u00e1laszt\u00e9k. Term\u00e9kinform\u00e1ci\u00f3: Anyag: Pol\u00e1r gyapj\u00fa Haszn\u00e1lati besorol\u00e1s: Lovagl\u00f3keszty\u0171k Funkci\u00f3: Cs\u00fasz\u00e1sg\u00e1tl\u00f3 St\u00edlus: Ujjkeszty\u0171k Sz\u00edn: K\u00e9k, lila, fekete, narancss\u00e1rga M\u00e9ret: M, L, XL A csomag tartalma: 1 p\u00e1r keszty\u0171<\/p>\n","protected":false},"featured_media":3967,"comment_status":"open","ping_status":"closed","template":"","meta":{"_uag_custom_page_level_css":"","site-sidebar-layout":"default","site-content-layout":"","ast-site-content-layout":"default","site-content-style":"default","site-sidebar-style":"default","ast-global-header-display":"","ast-banner-title-visibility":"","ast-main-header-display":"","ast-hfb-above-header-display":"","ast-hfb-below-header-display":"","ast-hfb-mobile-header-display":"","site-post-title":"","ast-breadcrumbs-content":"","ast-featured-img":"","footer-sml-layout":"","theme-transparent-header-meta":"","adv-header-id-meta":"","stick-header-meta":"","header-above-stick-meta":"","header-main-stick-meta":"","header-below-stick-meta":"","astra-migrate-meta-layouts":"default","ast-page-background-enabled":"default","ast-page-background-meta":{"desktop":{"background-color":"var(--ast-global-color-4)","background-image":"","background-repeat":"repeat","background-position":"center center","background-size":"auto","background-attachment":"scroll","background-type":"","background-media":"","overlay-type":"","overlay-color":"","overlay-opacity":"","overlay-gradient":""},"tablet":{"background-color":"","background-image":"","background-repeat":"repeat","background-position":"center center","background-size":"auto","background-attachment":"scroll","background-type":"","background-media":"","overlay-type":"","overlay-color":"","overlay-opacity":"","overlay-gradient":""},"mobile":{"background-color":"","background-image":"","background-repeat":"repeat","background-position":"center center","background-size":"auto","background-attachment":"scroll","background-type":"","background-media":"","overlay-type":"","overlay-color":"","overlay-opacity":"","overlay-gradient":""}},"ast-content-background-meta":{"desktop":{"background-color":"var(--ast-global-color-5)","background-image":"","background-repeat":"repeat","background-position":"center center","background-size":"auto","background-attachment":"scroll","background-type":"","background-media":"","overlay-type":"","overlay-color":"","overlay-opacity":"","overlay-gradient":""},"tablet":{"background-color":"var(--ast-global-color-5)","background-image":"","background-repeat":"repeat","background-position":"center center","background-size":"auto","background-attachment":"scroll","background-type":"","background-media":"","overlay-type":"","overlay-color":"","overlay-opacity":"","overlay-gradient":""},"mobile":{"background-color":"var(--ast-global-color-5)","background-image":"","background-repeat":"repeat","background-position":"center center","background-size":"auto","background-attachment":"scroll","background-type":"","background-media":"","overlay-type":"","overlay-color":"","overlay-opacity":"","overlay-gradient":""}}},"product_brand":[],"product_cat":[28],"product_tag":[440,435,442,438,439,106,441],"class_list":{"0":"post-3975","1":"product","2":"type-product","3":"status-publish","4":"has-post-thumbnail","6":"product_cat-ruhazat","7":"product_tag-fleece","8":"product_tag-gloves","9":"product_tag-motorcycle-gloves","10":"product_tag-sport-gloves","11":"product_tag-touch-screen-gloves","12":"product_tag-waterproof","13":"product_tag-winer-gloves","14":"desktop-align-left","15":"tablet-align-left","16":"mobile-align-left","18":"first","19":"instock","20":"taxable","21":"shipping-taxable","22":"purchasable","23":"product-type-variable"},"aioseo_notices":[],"uagb_featured_image_src":{"full":["https:\/\/dropking.eu\/wp-content\/uploads\/2025\/11\/57918f97-fb42-42db-8e48-3afe6fda1677-1.jpg",800,800,false],"thumbnail":["https:\/\/dropking.eu\/wp-content\/uploads\/2025\/11\/57918f97-fb42-42db-8e48-3afe6fda1677-1-150x150.jpg",150,150,true],"medium":["https:\/\/dropking.eu\/wp-content\/uploads\/2025\/11\/57918f97-fb42-42db-8e48-3afe6fda1677-1-300x300.jpg",300,300,true],"medium_large":["https:\/\/dropking.eu\/wp-content\/uploads\/2025\/11\/57918f97-fb42-42db-8e48-3afe6fda1677-1-768x768.jpg",768,768,true],"large":["https:\/\/dropking.eu\/wp-content\/uploads\/2025\/11\/57918f97-fb42-42db-8e48-3afe6fda1677-1.jpg",800,800,false],"1536x1536":["https:\/\/dropking.eu\/wp-content\/uploads\/2025\/11\/57918f97-fb42-42db-8e48-3afe6fda1677-1.jpg",800,800,false],"2048x2048":["https:\/\/dropking.eu\/wp-content\/uploads\/2025\/11\/57918f97-fb42-42db-8e48-3afe6fda1677-1.jpg",800,800,false],"trp-custom-language-flag":["https:\/\/dropking.eu\/wp-content\/uploads\/2025\/11\/57918f97-fb42-42db-8e48-3afe6fda1677-1-12x12.jpg",12,12,true],"mailpoet_newsletter_max":["https:\/\/dropking.eu\/wp-content\/uploads\/2025\/11\/57918f97-fb42-42db-8e48-3afe6fda1677-1.jpg",800,800,false],"woocommerce_thumbnail":["https:\/\/dropking.eu\/wp-content\/uploads\/2025\/11\/57918f97-fb42-42db-8e48-3afe6fda1677-1-300x300.jpg",300,300,true],"woocommerce_single":["https:\/\/dropking.eu\/wp-content\/uploads\/2025\/11\/57918f97-fb42-42db-8e48-3afe6fda1677-1-600x600.jpg",600,600,true],"woocommerce_gallery_thumbnail":["https:\/\/dropking.eu\/wp-content\/uploads\/2025\/11\/57918f97-fb42-42db-8e48-3afe6fda1677-1-100x100.jpg",100,100,true]},"uagb_author_info":{"display_name":"Andrea","author_link":"https:\/\/dropking.eu\/hu_hu\/author\/"},"uagb_comment_info":0,"uagb_excerpt":"\u00c1ttekint\u00e9s: Egyedi diz\u00e1jn, st\u00edlusos \u00e9s gy\u00f6ny\u00f6r\u0171. J\u00f3 anyag, k\u00e9nyelmes viselet. T\u00f6bbf\u00e9le sz\u00edn, nagyobb v\u00e1laszt\u00e9k. Term\u00e9kinform\u00e1ci\u00f3: Anyag: Pol\u00e1r gyapj\u00fa Haszn\u00e1lati besorol\u00e1s: Lovagl\u00f3keszty\u0171k Funkci\u00f3: Cs\u00fasz\u00e1sg\u00e1tl\u00f3 St\u00edlus: Ujjkeszty\u0171k Sz\u00edn: K\u00e9k, lila, fekete, narancss\u00e1rga M\u00e9ret: M, L, XL A csomag tartalma: 1 p\u00e1r keszty\u0171","_links":{"self":[{"href":"https:\/\/dropking.eu\/hu_hu\/wp-json\/wp\/v2\/product\/3975","targetHints":{"allow":["GET"]}}],"collection":[{"href":"https:\/\/dropking.eu\/hu_hu\/wp-json\/wp\/v2\/product"}],"about":[{"href":"https:\/\/dropking.eu\/hu_hu\/wp-json\/wp\/v2\/types\/product"}],"replies":[{"embeddable":true,"href":"https:\/\/dropking.eu\/hu_hu\/wp-json\/wp\/v2\/comments?post=3975"}],"wp:featuredmedia":[{"embeddable":true,"href":"https:\/\/dropking.eu\/hu_hu\/wp-json\/wp\/v2\/media\/3967"}],"wp:attachment":[{"href":"https:\/\/dropking.eu\/hu_hu\/wp-json\/wp\/v2\/media?parent=3975"}],"wp:term":[{"taxonomy":"product_brand","embeddable":true,"href":"https:\/\/dropking.eu\/hu_hu\/wp-json\/wp\/v2\/product_brand?post=3975"},{"taxonomy":"product_cat","embeddable":true,"href":"https:\/\/dropking.eu\/hu_hu\/wp-json\/wp\/v2\/product_cat?post=3975"},{"taxonomy":"product_tag","embeddable":true,"href":"https:\/\/dropking.eu\/hu_hu\/wp-json\/wp\/v2\/product_tag?post=3975"}],"curies":[{"name":"wp","href":"https:\/\/api.w.org\/{rel}","templated":true}]}}