{"id":2383,"date":"2025-08-21T13:45:30","date_gmt":"2025-08-21T13:45:30","guid":{"rendered":"https:\/\/dropking.eu\/hu_hu\/product\/extravagans-viragos-bokacsizma-stilus-es-kenyelem-egyben\/"},"modified":"2025-09-03T17:02:40","modified_gmt":"2025-09-03T17:02:40","slug":"extravagans-viragos-bokacsizma-stilus-es-kenyelem-egyben-womens-floral-boots","status":"publish","type":"product","link":"https:\/\/dropking.eu\/hu_hu\/product\/extravagans-viragos-bokacsizma-stilus-es-kenyelem-egyben-womens-floral-boots\/","title":{"rendered":"Women\u2019s floral boots-vir\u00e1gos bokacsizma\u2013st\u00edlus \u00e9s k\u00e9nyelem"},"content":{"rendered":"<p>Women\u2019s floral boots- fiatalos bokacsizma a mindennapi k\u00e9nyelem\u00e9rt<\/p>\n<p><span dir=\"auto\" style=\"vertical-align: inherit;\"><span dir=\"auto\" style=\"vertical-align: inherit;\">Boh\u00e9m elegancia, ami vonzza a tekintetet Engedd, hogy a megjelen\u00e9sed igazi m\u0171alkot\u00e1ss\u00e1 v\u00e1ljon ezzel a vir\u00e1gmint\u00e1s, vastag sark\u00fa bokacsizm\u00e1val! \u2728 A vibr\u00e1l\u00f3 sz\u00ednek, az egyedi mint\u00e1k \u00e9s a k\u00e9nyelmes kialak\u00edt\u00e1s \u00f6ssze\u00e1ll\u00edtja ezt a darabot k\u00fcl\u00f6nlegess\u00e9 \u2013 olyan n\u0151knek, akik nem f\u00e9lnek kit\u0171nni a t\u00f6megb\u0151l.<\/span> <\/span><\/p>\n<p><span dir=\"auto\" style=\"vertical-align: inherit;\"> <span dir=\"auto\" style=\"vertical-align: inherit;\">\u2714 Egyedi vir\u00e1gos design \u2013 minden szett k\u00f6z\u00e9ppontja leszel\u00a0<\/span> <\/span><\/p>\n<p><span dir=\"auto\" style=\"vertical-align: inherit;\"> <span dir=\"auto\" style=\"vertical-align: inherit;\">\u2714 Stabil vastag sarok \u2013 eleg\u00e1ns \u00e9s k\u00e9nyelmes j\u00e1r\u00e1s\u00a0<\/span> <\/span><\/p>\n<p><span dir=\"auto\" style=\"vertical-align: inherit;\"> <span dir=\"auto\" style=\"vertical-align: inherit;\">\u2714 Pr\u00e9mium anyaghaszn\u00e1lat \u2013 tart\u00f3s, m\u00e9gis k\u00e9nyelmes viselet<\/span> <\/span><\/p>\n<p><span dir=\"auto\" style=\"vertical-align: inherit;\"> <span dir=\"auto\" style=\"vertical-align: inherit;\">\u2714 Egyedi vir\u00e1gos design \u2013 minden szett k\u00f6z\u00e9ppontja leszel \u2714 Stabil vastag sarok \u2013 eleg\u00e1ns \u00e9s k\u00e9nyelmes j\u00e1r\u00e1s \u2714 Pr\u00e9mium anyaghaszn\u00e1lat \u2013 tart\u00f3s, m\u00e9gis k\u00e9nyelmes viselet \u2714 M\u0171v\u00e9szi st\u00edlus \u2013 t\u00f6k\u00e9letes fesztiv\u00e1lokra, bulikba, vagy h\u00e9tk\u00f6znapokra, ha extra ragyog\u00e1sra v\u00e1gysz<\/span> <\/span><\/p>\n<p><span dir=\"auto\" style=\"vertical-align: inherit;\"> <span dir=\"auto\" style=\"vertical-align: inherit;\"> Ez nem csak cip\u0151. Ez a Te st\u00edlusod kinyilatkoztat\u00e1sa.<\/span> <\/span><\/p>\n<p data-start=\"696\" data-end=\"910\">Vir\u00e1gmint\u00e1s bokacsizma, amely a boh\u00e9m eleganci\u00e1t \u00e9s a mindennapi k\u00e9nyelmet egyes\u00edti. Ez a <em data-start=\"827\" data-end=\"847\">flower ankle boots<\/em> ide\u00e1lis v\u00e1laszt\u00e1s a h\u00e9tk\u00f6znapokra \u00e9s k\u00fcl\u00f6nleges alkalmakra is.<\/p>\n<p data-start=\"912\" data-end=\"931\"><strong data-start=\"912\" data-end=\"929\">F\u0151bb el\u0151ny\u00f6k:<\/strong><\/p>\n<ul data-start=\"932\" data-end=\"1176\">\n<li data-start=\"932\" data-end=\"995\">\n<p data-start=\"934\" data-end=\"995\">\ud83c\udf38 Egyedi vir\u00e1gos design \u2013 minden szettet k\u00fcl\u00f6nlegess\u00e9 tesz<\/p>\n<\/li>\n<li data-start=\"996\" data-end=\"1051\">\n<p data-start=\"998\" data-end=\"1051\">\ud83d\udc62 Stabil, vastag sarok \u2013 k\u00e9nyelmes j\u00e1r\u00e1s eg\u00e9sz nap<\/p>\n<\/li>\n<li data-start=\"1052\" data-end=\"1108\">\n<p data-start=\"1054\" data-end=\"1108\">\u2728 Pr\u00e9mium anyaghaszn\u00e1lat \u2013 tart\u00f3s, divatos, id\u0151t\u00e1ll\u00f3<\/p>\n<\/li>\n<li data-start=\"1109\" data-end=\"1176\">\n<p data-start=\"1111\" data-end=\"1176\">\ud83c\udf89 T\u00f6k\u00e9letes fesztiv\u00e1lokra, bulikba, de h\u00e9tk\u00f6znapi viseletre is<\/p>\n<\/li>\n<\/ul>\n<p data-start=\"1178\" data-end=\"1201\"><strong data-start=\"1178\" data-end=\"1199\">Term\u00e9kinform\u00e1ci\u00f3:<\/strong><\/p>\n<ul data-start=\"1202\" data-end=\"1342\">\n<li data-start=\"1202\" data-end=\"1223\">\n<p data-start=\"1204\" data-end=\"1223\">Sz\u00ednek: lila, k\u00e9k<\/p>\n<\/li>\n<li data-start=\"1224\" data-end=\"1242\">\n<p data-start=\"1226\" data-end=\"1242\">M\u00e9retek: 36\u201343<\/p>\n<\/li>\n<li data-start=\"1243\" data-end=\"1266\">\n<p data-start=\"1245\" data-end=\"1266\">Sarokmagass\u00e1g: 6 cm<\/p>\n<\/li>\n<li data-start=\"1267\" data-end=\"1290\">\n<p data-start=\"1269\" data-end=\"1290\">Sz\u00e1rmagass\u00e1g: 15 cm<\/p>\n<\/li>\n<li data-start=\"1291\" data-end=\"1327\">\n<p data-start=\"1293\" data-end=\"1327\">Anyag: m\u0171b\u0151r + textil kombin\u00e1ci\u00f3<\/p>\n<\/li>\n<li data-start=\"1328\" data-end=\"1342\">\n<p data-start=\"1330\" data-end=\"1342\">Talp: gumi<\/p>\n<\/li>\n<\/ul>\n<p><b><span dir=\"auto\" style=\"vertical-align: inherit;\"><span dir=\"auto\" style=\"vertical-align: inherit;\"><br \/>\n<\/span> <\/span> <\/b><\/p>\n<p><b> <span dir=\"auto\" style=\"vertical-align: inherit;\"> <span dir=\"auto\" style=\"vertical-align: inherit;\">Term\u00e9kinform\u00e1ci\u00f3:<\/span> <\/span> <\/b><br \/>\n<span dir=\"auto\" style=\"vertical-align: inherit;\"> <span dir=\"auto\" style=\"vertical-align: inherit;\"> Sz\u00edn: lila, k\u00e9k <\/span> <\/span><br \/>\n<span dir=\"auto\" style=\"vertical-align: inherit;\"> <span dir=\"auto\" style=\"vertical-align: inherit;\">Zokni hossza: alacsony cs\u0151 <\/span> <\/span><br \/>\n<span dir=\"auto\" style=\"vertical-align: inherit;\"> <span dir=\"auto\" style=\"vertical-align: inherit;\">M\u00e9ret: 36, 37, 38, 39, 40, 41, 42, 43 <\/span> <\/span><br \/>\n<span dir=\"auto\" style=\"vertical-align: inherit;\"> <span dir=\"auto\" style=\"vertical-align: inherit;\">Talp anyaga: gumi <\/span> <\/span><br \/>\n<span dir=\"auto\" style=\"vertical-align: inherit;\"> <span dir=\"auto\" style=\"vertical-align: inherit;\">L\u00e1bujjtart\u00f3 form\u00e1ja: kerek fej\u0171 <\/span> <\/span><br \/>\n<span dir=\"auto\" style=\"vertical-align: inherit;\"> <span dir=\"auto\" style=\"vertical-align: inherit;\">Cip\u0151 fels\u0151r\u00e9sz anyaga: m\u0171pu <\/span> <\/span><br \/>\n<span dir=\"auto\" style=\"vertical-align: inherit;\"> <span dir=\"auto\" style=\"vertical-align: inherit;\">Visel\u00e9s m\u00f3dja: el\u00f6l f\u0171z\u0151s<\/span> <\/span><\/p>\n<p><b> <span dir=\"auto\" style=\"vertical-align: inherit;\"> <span dir=\"auto\" style=\"vertical-align: inherit;\">M\u00e9ret: <\/span> <\/span> <\/b><\/p>\n<p><img decoding=\"async\" src=\"https:\/\/oss-cf.cjdropshipping.com\/product\/2025\/08\/04\/05\/d8282bd8-8c96-4993-8ed2-02d09740e635.jpeg?x-oss-process=image\/quality,q_100\" data-key=\"1\" \/><\/p>\n<p><b> <span dir=\"auto\" style=\"vertical-align: inherit;\"> <span dir=\"auto\" style=\"vertical-align: inherit;\">Csomagol\u00e1si lista:<\/span> <\/span> <\/b><\/p>\n<p><span dir=\"auto\" style=\"vertical-align: inherit;\"> <span dir=\"auto\" style=\"vertical-align: inherit;\"> Egy p\u00e1r csizma <\/span> <\/span><\/p>\n<p><b> <span dir=\"auto\" style=\"vertical-align: inherit;\"> <span dir=\"auto\" style=\"vertical-align: inherit;\">Term\u00e9kk\u00e9p:<\/span> <\/span> <\/b><\/p>\n<p><img decoding=\"async\" src=\"https:\/\/oss-cf.cjdropshipping.com\/product\/2025\/08\/04\/06\/457e1ac8-979f-4aed-b644-7fe7bd1b8428.jpg\" data-src=\"https:\/\/cbu01.alicdn.com\/img\/ibank\/O1CN0103hZu51ftMc8cw8kO_!!2214841074064-0-cib.jpg\" data-key=\"2\" data-uploadossfail=\"false\" \/><\/p>\n<p>Women\u2019s floral boots blue design<\/p>\n<p><img decoding=\"async\" src=\"https:\/\/oss-cf.cjdropshipping.com\/product\/2025\/08\/04\/06\/8a6d976e-7a5b-4f9b-a8c0-e15f2d35c000.jpg\" data-src=\"https:\/\/cbu01.alicdn.com\/img\/ibank\/O1CN01pYfQlF1ftMc6IR65w_!!2214841074064-0-cib.jpg\" data-key=\"3\" data-uploadossfail=\"false\" \/><\/p>\n<p>Women\u2019s floral boots purple<\/p>\n<p><img decoding=\"async\" src=\"https:\/\/oss-cf.cjdropshipping.com\/product\/2025\/08\/04\/06\/4c854403-1599-402e-9e94-fedf43368c18.jpg\" data-src=\"https:\/\/cbu01.alicdn.com\/img\/ibank\/O1CN01udGQ5t1ftMc6gdHlP_!!2214841074064-0-cib.jpg\" data-key=\"4\" data-uploadossfail=\"false\" \/><\/p>\n<p><img decoding=\"async\" src=\"https:\/\/oss-cf.cjdropshipping.com\/product\/2025\/08\/04\/06\/bd1b4420-60c5-4f20-93c8-752813efded4.jpg\" data-src=\"https:\/\/cbu01.alicdn.com\/img\/ibank\/O1CN01PPTzUx1ftMc54XEaj_!!2214841074064-0-cib.jpg\" data-key=\"5\" data-uploadossfail=\"false\" \/><\/p>\n<p><img decoding=\"async\" src=\"https:\/\/oss-cf.cjdropshipping.com\/product\/2025\/08\/04\/06\/1a64cd04-fa92-41e7-9965-4b9b4c3c1617.jpg\" data-src=\"https:\/\/cbu01.alicdn.com\/img\/ibank\/O1CN01g0WdiR1ftMc8cyHkE_!!2214841074064-0-cib.jpg\" data-key=\"6\" data-uploadossfail=\"false\" \/><\/p>\n<p>&nbsp;<\/p>\n","protected":false},"excerpt":{"rendered":"<p>Women\u2019s floral boots- fiatalos bokacsizma a mindennapi k\u00e9nyelem\u00e9rt Boh\u00e9m elegancia, ami vonzza a tekintetet Engedd, hogy a megjelen\u00e9sed igazi m\u0171alkot\u00e1ss\u00e1 v\u00e1ljon ezzel a vir\u00e1gmint\u00e1s, vastag sark\u00fa bokacsizm\u00e1val! \u2728 A vibr\u00e1l\u00f3 sz\u00ednek, az egyedi mint\u00e1k \u00e9s a k\u00e9nyelmes kialak\u00edt\u00e1s \u00f6ssze\u00e1ll\u00edtja ezt a darabot k\u00fcl\u00f6nlegess\u00e9 \u2013 olyan n\u0151knek, akik nem f\u00e9lnek kit\u0171nni a t\u00f6megb\u0151l. \u2714 Egyedi vir\u00e1gos [&hellip;]<\/p>\n","protected":false},"featured_media":2376,"comment_status":"open","ping_status":"closed","template":"","meta":{"_uag_custom_page_level_css":"","site-sidebar-layout":"default","site-content-layout":"","ast-site-content-layout":"default","site-content-style":"default","site-sidebar-style":"default","ast-global-header-display":"","ast-banner-title-visibility":"","ast-main-header-display":"","ast-hfb-above-header-display":"","ast-hfb-below-header-display":"","ast-hfb-mobile-header-display":"","site-post-title":"","ast-breadcrumbs-content":"","ast-featured-img":"","footer-sml-layout":"","theme-transparent-header-meta":"default","adv-header-id-meta":"","stick-header-meta":"","header-above-stick-meta":"","header-main-stick-meta":"","header-below-stick-meta":"","astra-migrate-meta-layouts":"set","ast-page-background-enabled":"default","ast-page-background-meta":{"desktop":{"background-color":"var(--ast-global-color-4)","background-image":"","background-repeat":"repeat","background-position":"center center","background-size":"auto","background-attachment":"scroll","background-type":"","background-media":"","overlay-type":"","overlay-color":"","overlay-opacity":"","overlay-gradient":""},"tablet":{"background-color":"","background-image":"","background-repeat":"repeat","background-position":"center center","background-size":"auto","background-attachment":"scroll","background-type":"","background-media":"","overlay-type":"","overlay-color":"","overlay-opacity":"","overlay-gradient":""},"mobile":{"background-color":"","background-image":"","background-repeat":"repeat","background-position":"center center","background-size":"auto","background-attachment":"scroll","background-type":"","background-media":"","overlay-type":"","overlay-color":"","overlay-opacity":"","overlay-gradient":""}},"ast-content-background-meta":{"desktop":{"background-color":"var(--ast-global-color-5)","background-image":"","background-repeat":"repeat","background-position":"center center","background-size":"auto","background-attachment":"scroll","background-type":"","background-media":"","overlay-type":"","overlay-color":"","overlay-opacity":"","overlay-gradient":""},"tablet":{"background-color":"var(--ast-global-color-5)","background-image":"","background-repeat":"repeat","background-position":"center center","background-size":"auto","background-attachment":"scroll","background-type":"","background-media":"","overlay-type":"","overlay-color":"","overlay-opacity":"","overlay-gradient":""},"mobile":{"background-color":"var(--ast-global-color-5)","background-image":"","background-repeat":"repeat","background-position":"center center","background-size":"auto","background-attachment":"scroll","background-type":"","background-media":"","overlay-type":"","overlay-color":"","overlay-opacity":"","overlay-gradient":""}}},"product_brand":[],"product_cat":[30],"product_tag":[126,125,123,124,112,122,121],"class_list":{"0":"post-2383","1":"product","2":"type-product","3":"status-publish","4":"has-post-thumbnail","6":"product_cat-cipo","7":"product_tag-bohem-stilus","8":"product_tag-divatos-noi-cipo","9":"product_tag-egyedi-noi-csizma","10":"product_tag-kenyelmes-bokacsizma","11":"product_tag-kenyelmes-csizma","12":"product_tag-magassarku-csizma","13":"product_tag-noi-bokacsizma","14":"product_shipping_class-free-shipping","15":"desktop-align-left","16":"tablet-align-left","17":"mobile-align-left","19":"first","20":"instock","21":"taxable","22":"shipping-taxable","23":"purchasable","24":"product-type-variable"},"aioseo_notices":[],"uagb_featured_image_src":{"full":["https:\/\/dropking.eu\/wp-content\/uploads\/2025\/08\/fa18f43e-0521-4fba-9474-2876041f4868.jpg",1200,1200,false],"thumbnail":["https:\/\/dropking.eu\/wp-content\/uploads\/2025\/08\/fa18f43e-0521-4fba-9474-2876041f4868-150x150.jpg",150,150,true],"medium":["https:\/\/dropking.eu\/wp-content\/uploads\/2025\/08\/fa18f43e-0521-4fba-9474-2876041f4868-300x300.jpg",300,300,true],"medium_large":["https:\/\/dropking.eu\/wp-content\/uploads\/2025\/08\/fa18f43e-0521-4fba-9474-2876041f4868-768x768.jpg",768,768,true],"large":["https:\/\/dropking.eu\/wp-content\/uploads\/2025\/08\/fa18f43e-0521-4fba-9474-2876041f4868-1024x1024.jpg",1024,1024,true],"1536x1536":["https:\/\/dropking.eu\/wp-content\/uploads\/2025\/08\/fa18f43e-0521-4fba-9474-2876041f4868.jpg",1200,1200,false],"2048x2048":["https:\/\/dropking.eu\/wp-content\/uploads\/2025\/08\/fa18f43e-0521-4fba-9474-2876041f4868.jpg",1200,1200,false],"trp-custom-language-flag":["https:\/\/dropking.eu\/wp-content\/uploads\/2025\/08\/fa18f43e-0521-4fba-9474-2876041f4868-12x12.jpg",12,12,true],"mailpoet_newsletter_max":["https:\/\/dropking.eu\/wp-content\/uploads\/2025\/08\/fa18f43e-0521-4fba-9474-2876041f4868.jpg",1200,1200,false],"woocommerce_thumbnail":["https:\/\/dropking.eu\/wp-content\/uploads\/2025\/08\/fa18f43e-0521-4fba-9474-2876041f4868-300x300.jpg",300,300,true],"woocommerce_single":["https:\/\/dropking.eu\/wp-content\/uploads\/2025\/08\/fa18f43e-0521-4fba-9474-2876041f4868-600x600.jpg",600,600,true],"woocommerce_gallery_thumbnail":["https:\/\/dropking.eu\/wp-content\/uploads\/2025\/08\/fa18f43e-0521-4fba-9474-2876041f4868-100x100.jpg",100,100,true]},"uagb_author_info":{"display_name":"Andrea","author_link":"https:\/\/dropking.eu\/hu_hu\/author\/"},"uagb_comment_info":0,"uagb_excerpt":"Women\u2019s floral boots- fiatalos bokacsizma a mindennapi k\u00e9nyelem\u00e9rt Boh\u00e9m elegancia, ami vonzza a tekintetet Engedd, hogy a megjelen\u00e9sed igazi m\u0171alkot\u00e1ss\u00e1 v\u00e1ljon ezzel a vir\u00e1gmint\u00e1s, vastag sark\u00fa bokacsizm\u00e1val! \u2728 A vibr\u00e1l\u00f3 sz\u00ednek, az egyedi mint\u00e1k \u00e9s a k\u00e9nyelmes kialak\u00edt\u00e1s \u00f6ssze\u00e1ll\u00edtja ezt a darabot k\u00fcl\u00f6nlegess\u00e9 \u2013 olyan n\u0151knek, akik nem f\u00e9lnek kit\u0171nni a t\u00f6megb\u0151l. \u2714 Egyedi vir\u00e1gos&hellip;","_links":{"self":[{"href":"https:\/\/dropking.eu\/hu_hu\/wp-json\/wp\/v2\/product\/2383","targetHints":{"allow":["GET"]}}],"collection":[{"href":"https:\/\/dropking.eu\/hu_hu\/wp-json\/wp\/v2\/product"}],"about":[{"href":"https:\/\/dropking.eu\/hu_hu\/wp-json\/wp\/v2\/types\/product"}],"replies":[{"embeddable":true,"href":"https:\/\/dropking.eu\/hu_hu\/wp-json\/wp\/v2\/comments?post=2383"}],"wp:featuredmedia":[{"embeddable":true,"href":"https:\/\/dropking.eu\/hu_hu\/wp-json\/wp\/v2\/media\/2376"}],"wp:attachment":[{"href":"https:\/\/dropking.eu\/hu_hu\/wp-json\/wp\/v2\/media?parent=2383"}],"wp:term":[{"taxonomy":"product_brand","embeddable":true,"href":"https:\/\/dropking.eu\/hu_hu\/wp-json\/wp\/v2\/product_brand?post=2383"},{"taxonomy":"product_cat","embeddable":true,"href":"https:\/\/dropking.eu\/hu_hu\/wp-json\/wp\/v2\/product_cat?post=2383"},{"taxonomy":"product_tag","embeddable":true,"href":"https:\/\/dropking.eu\/hu_hu\/wp-json\/wp\/v2\/product_tag?post=2383"}],"curies":[{"name":"wp","href":"https:\/\/api.w.org\/{rel}","templated":true}]}}