{"id":2141,"date":"2025-08-21T10:57:48","date_gmt":"2025-08-21T10:57:48","guid":{"rendered":"https:\/\/dropking.eu\/hu_hu\/product\/szulo-gyerek-csaladi-polo-szett-felirattal\/"},"modified":"2025-09-03T17:02:42","modified_gmt":"2025-09-03T17:02:42","slug":"father-daughter-t-shirt-set-szulo-gyerek-csaladi-polo-szett-felirattal","status":"publish","type":"product","link":"https:\/\/dropking.eu\/hu_hu\/product\/father-daughter-t-shirt-set-szulo-gyerek-csaladi-polo-szett-felirattal\/","title":{"rendered":"Father daughter t-shirt set- Apa-l\u00e1nya p\u00f3l\u00f3"},"content":{"rendered":"<p><span dir=\"auto\" style=\"vertical-align: inherit;\"> <span dir=\"auto\" style=\"vertical-align: inherit;\"> Father daughter t-shirt set! \u00d6lt\u00f6zz\u00f6n \u00f6ssze a csal\u00e1d! Vid\u00e1m \u00e9s egys\u00e9ges megjelen\u00e9st ad\u00f3 p\u00f3l\u00f3k ap\u00e1knak \u00e9s l\u00e1nyaiknak \u2013 t\u00f6k\u00e9letes v\u00e1laszt\u00e1s csal\u00e1di fot\u00f3z\u00e1sokhoz, sz\u00fclet\u00e9snapokra, nyaral\u00e1sokra vagy ak\u00e1r a h\u00e9tk\u00f6znapi k\u00f6z\u00f6s pillanatokhoz. Mert apa-l\u00e1nya kapcsolat k\u00fcl\u00f6nleges \ud83d\udc93<\/span><\/span><\/p>\n<p><span dir=\"auto\" style=\"vertical-align: inherit;\"> <span dir=\"auto\" style=\"vertical-align: inherit;\">\u2728 Jellemz\u0151k:<\/span> <\/span><\/p>\n<ul>\n<li><span dir=\"auto\" style=\"vertical-align: inherit;\"> <span dir=\"auto\" style=\"vertical-align: inherit;\">Anyag: Pamut, l\u00e9g\u00e1tereszt\u0151 \u00e9s k\u00e9nyelmes viselet<\/span> <\/span><\/li>\n<li><span dir=\"auto\" style=\"vertical-align: inherit;\"> <span dir=\"auto\" style=\"vertical-align: inherit;\">Sz\u00ednek: fekete, feh\u00e9r, sz\u00fcrke<\/span> <\/span><\/li>\n<li><span dir=\"auto\" style=\"vertical-align: inherit;\"> <span dir=\"auto\" style=\"vertical-align: inherit;\">M\u00e9retek: feln\u0151tt (S\u2013XXL), gyermek (90\u2013150 cm)<\/span> <\/span><\/li>\n<li><span dir=\"auto\" style=\"vertical-align: inherit;\"> <span dir=\"auto\" style=\"vertical-align: inherit;\">St\u00edlus: h\u00e9tk\u00f6znapi, csal\u00e1di viselet<\/span> <\/span><\/li>\n<li><span dir=\"auto\" style=\"vertical-align: inherit;\"> <span dir=\"auto\" style=\"vertical-align: inherit;\">Aj\u00e1nd\u00e9knak is ide\u00e1lis \u2013 sz\u00fcl\u0151knek, nagysz\u00fcl\u0151knek, csal\u00e1di \u00fcnnepekre<\/span> <\/span><\/li>\n<\/ul>\n<p>&nbsp;<\/p>\n<p><b> <span dir=\"auto\" style=\"vertical-align: inherit;\"> <span dir=\"auto\" style=\"vertical-align: inherit;\">Term\u00e9kinform\u00e1ci\u00f3:<\/span> <\/span> <\/b><\/p>\n<p><span dir=\"auto\" style=\"vertical-align: inherit;\"> <span dir=\"auto\" style=\"vertical-align: inherit;\">F\u0151 anyag\u00f6sszet\u00e9tel: pamut <\/span> <\/span><br \/>\n<span dir=\"auto\" style=\"vertical-align: inherit;\"> <span dir=\"auto\" style=\"vertical-align: inherit;\">St\u00edlus: Punk <\/span> <\/span><br \/>\n<span dir=\"auto\" style=\"vertical-align: inherit;\"> <span dir=\"auto\" style=\"vertical-align: inherit;\">St\u00edlus: S\u00f6v\u00e9nyes <\/span> <\/span><br \/>\n<span dir=\"auto\" style=\"vertical-align: inherit;\"> <span dir=\"auto\" style=\"vertical-align: inherit;\">Ujjhossz: r\u00f6vid ujj\u00fa <\/span> <\/span><br \/>\n<span dir=\"auto\" style=\"vertical-align: inherit;\"> <span dir=\"auto\" style=\"vertical-align: inherit;\">Elj\u00e1r\u00e1s: Nyomtat\u00e1s\/Fest\u00e9s <\/span> <\/span><br \/>\n<span dir=\"auto\" style=\"vertical-align: inherit;\"> <span dir=\"auto\" style=\"vertical-align: inherit;\">Hossz: h\u00e9tk\u00f6znapi fazon (50cm\uff1chossz\u226465cm) <\/span> <\/span><br \/>\n<span dir=\"auto\" style=\"vertical-align: inherit;\"> <span dir=\"auto\" style=\"vertical-align: inherit;\">Gall\u00e9r t\u00edpusa: kerek nyak\u00fa <\/span> <\/span><br \/>\n<span dir=\"auto\" style=\"vertical-align: inherit;\"> <span dir=\"auto\" style=\"vertical-align: inherit;\">Sz\u00edn: fekete pamut p\u00f3l\u00f3 feln\u0151tteknek, fekete pamut p\u00f3l\u00f3 gyerekeknek<\/span> <\/span><br \/>\n<b><br \/>\n<\/b><\/p>\n<p><b><br \/>\n<\/b><\/p>\n<p><b> <span dir=\"auto\" style=\"vertical-align: inherit;\"> <span dir=\"auto\" style=\"vertical-align: inherit;\">M\u00e9retinform\u00e1ci\u00f3:<\/span> <\/span> <\/b><\/p>\n<p><span dir=\"auto\" style=\"vertical-align: inherit;\"> <span dir=\"auto\" style=\"vertical-align: inherit;\">M\u00e9ret: S, M, L, XL, XXL, XXXL<\/span> <\/span><\/p>\n<p><img decoding=\"async\" src=\"https:\/\/cf.cjdropshipping.com\/20ca1a56-48f9-48a9-8e8b-553c9e8e4379.png\" \/><\/p>\n<p><span dir=\"auto\" style=\"vertical-align: inherit;\"> <span dir=\"auto\" style=\"vertical-align: inherit;\">Gyermek m\u00e9ret<\/span> <\/span><\/p>\n<p><img decoding=\"async\" src=\"https:\/\/cf.cjdropshipping.com\/876c92ef-f617-4f59-8a65-d474e0a5e447.jpg\" \/><\/p>\n<p><b><br \/>\n<\/b><\/p>\n<p><b> <span dir=\"auto\" style=\"vertical-align: inherit;\"> <span dir=\"auto\" style=\"vertical-align: inherit;\">Jegyzet:<\/span> <\/span> <\/b><\/p>\n<p><span dir=\"auto\" style=\"vertical-align: inherit;\"> <span dir=\"auto\" style=\"vertical-align: inherit;\">1. Az \u00e1zsiai m\u00e9retek 1-2 sz\u00e1mmal kisebbek, mint az eur\u00f3pai \u00e9s amerikai m\u00e9retek. V\u00e1lassza a nagyobb m\u00e9retet, ha k\u00e9t m\u00e9ret k\u00f6z\u00f6tt van. K\u00e9rj\u00fck, engedje meg a 2-3 cm-es elt\u00e9r\u00e9st a k\u00e9zi m\u00e9r\u00e9s miatt.<\/span> <\/span><\/p>\n<p><span dir=\"auto\" style=\"vertical-align: inherit;\"> <span dir=\"auto\" style=\"vertical-align: inherit;\">2. K\u00e9rj\u00fck, v\u00e1s\u00e1rl\u00e1s el\u0151tt figyelmesen ellen\u0151rizze a m\u00e9rett\u00e1bl\u00e1zatot. Ha nem tudja, hogyan v\u00e1lasszon m\u00e9retet, k\u00e9rj\u00fck, vegye fel a kapcsolatot \u00fcgyf\u00e9lszolg\u00e1latunkkal.<\/span> <\/span><\/p>\n<p><span dir=\"auto\" style=\"vertical-align: inherit;\"> <span dir=\"auto\" style=\"vertical-align: inherit;\">3. Mint tudod, a k\u00fcl\u00f6nb\u00f6z\u0151 sz\u00e1m\u00edt\u00f3g\u00e9pek elt\u00e9r\u0151en jelen\u00edtik meg a sz\u00edneket, a t\u00e9nyleges elem sz\u00edne kiss\u00e9 elt\u00e9rhet a k\u00f6vetkez\u0151 k\u00e9pekt\u0151l.<\/span> <\/span><\/p>\n<p><b><br \/>\n<\/b><\/p>\n<p><b> <span dir=\"auto\" style=\"vertical-align: inherit;\"> <span dir=\"auto\" style=\"vertical-align: inherit;\">Csomaglista:<\/span> <\/span> <\/b><\/p>\n<p><span dir=\"auto\" style=\"vertical-align: inherit;\"> <span dir=\"auto\" style=\"vertical-align: inherit;\">R\u00f6vid ujj\u00fa*1<\/span> <\/span><\/p>\n<p><img decoding=\"async\" src=\"https:\/\/cf.cjdropshipping.com\/e7e57f1b-94ae-4fd4-b315-a28b44017bee.jpg\" \/><\/p>\n<p>&nbsp;<\/p>\n","protected":false},"excerpt":{"rendered":"<p>Father daughter t-shirt set! \u00d6lt\u00f6zz\u00f6n \u00f6ssze a csal\u00e1d! Vid\u00e1m \u00e9s egys\u00e9ges megjelen\u00e9st ad\u00f3 p\u00f3l\u00f3k ap\u00e1knak \u00e9s l\u00e1nyaiknak \u2013 t\u00f6k\u00e9letes v\u00e1laszt\u00e1s csal\u00e1di fot\u00f3z\u00e1sokhoz, sz\u00fclet\u00e9snapokra, nyaral\u00e1sokra vagy ak\u00e1r a h\u00e9tk\u00f6znapi k\u00f6z\u00f6s pillanatokhoz. Mert apa-l\u00e1nya kapcsolat k\u00fcl\u00f6nleges \ud83d\udc93 \u2728 Jellemz\u0151k: Anyag: Pamut, l\u00e9g\u00e1tereszt\u0151 \u00e9s k\u00e9nyelmes viselet Sz\u00ednek: fekete, feh\u00e9r, sz\u00fcrke M\u00e9retek: feln\u0151tt (S\u2013XXL), gyermek (90\u2013150 cm) St\u00edlus: h\u00e9tk\u00f6znapi, [&hellip;]<\/p>\n","protected":false},"featured_media":2135,"comment_status":"open","ping_status":"closed","template":"","meta":{"_uag_custom_page_level_css":"","site-sidebar-layout":"default","site-content-layout":"","ast-site-content-layout":"default","site-content-style":"default","site-sidebar-style":"default","ast-global-header-display":"","ast-banner-title-visibility":"","ast-main-header-display":"","ast-hfb-above-header-display":"","ast-hfb-below-header-display":"","ast-hfb-mobile-header-display":"","site-post-title":"","ast-breadcrumbs-content":"","ast-featured-img":"","footer-sml-layout":"","theme-transparent-header-meta":"default","adv-header-id-meta":"","stick-header-meta":"","header-above-stick-meta":"","header-main-stick-meta":"","header-below-stick-meta":"","astra-migrate-meta-layouts":"set","ast-page-background-enabled":"default","ast-page-background-meta":{"desktop":{"background-color":"var(--ast-global-color-4)","background-image":"","background-repeat":"repeat","background-position":"center center","background-size":"auto","background-attachment":"scroll","background-type":"","background-media":"","overlay-type":"","overlay-color":"","overlay-opacity":"","overlay-gradient":""},"tablet":{"background-color":"","background-image":"","background-repeat":"repeat","background-position":"center center","background-size":"auto","background-attachment":"scroll","background-type":"","background-media":"","overlay-type":"","overlay-color":"","overlay-opacity":"","overlay-gradient":""},"mobile":{"background-color":"","background-image":"","background-repeat":"repeat","background-position":"center center","background-size":"auto","background-attachment":"scroll","background-type":"","background-media":"","overlay-type":"","overlay-color":"","overlay-opacity":"","overlay-gradient":""}},"ast-content-background-meta":{"desktop":{"background-color":"var(--ast-global-color-5)","background-image":"","background-repeat":"repeat","background-position":"center center","background-size":"auto","background-attachment":"scroll","background-type":"","background-media":"","overlay-type":"","overlay-color":"","overlay-opacity":"","overlay-gradient":""},"tablet":{"background-color":"var(--ast-global-color-5)","background-image":"","background-repeat":"repeat","background-position":"center center","background-size":"auto","background-attachment":"scroll","background-type":"","background-media":"","overlay-type":"","overlay-color":"","overlay-opacity":"","overlay-gradient":""},"mobile":{"background-color":"var(--ast-global-color-5)","background-image":"","background-repeat":"repeat","background-position":"center center","background-size":"auto","background-attachment":"scroll","background-type":"","background-media":"","overlay-type":"","overlay-color":"","overlay-opacity":"","overlay-gradient":""}}},"product_brand":[],"product_cat":[28],"product_tag":[88,168,89,90,167,166,93,91],"class_list":{"0":"post-2141","1":"product","2":"type-product","3":"status-publish","4":"has-post-thumbnail","6":"product_cat-ruhazat","7":"product_tag-apa-lanya-ajandek","8":"product_tag-birthday-t-shirt","9":"product_tag-csaladi-polo-szett","10":"product_tag-family-t-shirt","11":"product_tag-father-daughter-t-shirt-set","12":"product_tag-father-gift","13":"product_tag-kulonleges-polo","14":"product_tag-szuletesnapi-polo","15":"product_shipping_class-free-shipping","16":"desktop-align-left","17":"tablet-align-left","18":"mobile-align-left","20":"first","21":"instock","22":"taxable","23":"shipping-taxable","24":"purchasable","25":"product-type-variable"},"aioseo_notices":[],"uagb_featured_image_src":{"full":["https:\/\/dropking.eu\/wp-content\/uploads\/2025\/08\/ae68e248-92c0-4bf4-b6d5-4274f17ca865.jpg",625,626,false],"thumbnail":["https:\/\/dropking.eu\/wp-content\/uploads\/2025\/08\/ae68e248-92c0-4bf4-b6d5-4274f17ca865-150x150.jpg",150,150,true],"medium":["https:\/\/dropking.eu\/wp-content\/uploads\/2025\/08\/ae68e248-92c0-4bf4-b6d5-4274f17ca865-300x300.jpg",300,300,true],"medium_large":["https:\/\/dropking.eu\/wp-content\/uploads\/2025\/08\/ae68e248-92c0-4bf4-b6d5-4274f17ca865.jpg",625,626,false],"large":["https:\/\/dropking.eu\/wp-content\/uploads\/2025\/08\/ae68e248-92c0-4bf4-b6d5-4274f17ca865.jpg",625,626,false],"1536x1536":["https:\/\/dropking.eu\/wp-content\/uploads\/2025\/08\/ae68e248-92c0-4bf4-b6d5-4274f17ca865.jpg",625,626,false],"2048x2048":["https:\/\/dropking.eu\/wp-content\/uploads\/2025\/08\/ae68e248-92c0-4bf4-b6d5-4274f17ca865.jpg",625,626,false],"trp-custom-language-flag":["https:\/\/dropking.eu\/wp-content\/uploads\/2025\/08\/ae68e248-92c0-4bf4-b6d5-4274f17ca865-12x12.jpg",12,12,true],"mailpoet_newsletter_max":["https:\/\/dropking.eu\/wp-content\/uploads\/2025\/08\/ae68e248-92c0-4bf4-b6d5-4274f17ca865.jpg",625,626,false],"woocommerce_thumbnail":["https:\/\/dropking.eu\/wp-content\/uploads\/2025\/08\/ae68e248-92c0-4bf4-b6d5-4274f17ca865-300x300.jpg",300,300,true],"woocommerce_single":["https:\/\/dropking.eu\/wp-content\/uploads\/2025\/08\/ae68e248-92c0-4bf4-b6d5-4274f17ca865-600x601.jpg",600,601,true],"woocommerce_gallery_thumbnail":["https:\/\/dropking.eu\/wp-content\/uploads\/2025\/08\/ae68e248-92c0-4bf4-b6d5-4274f17ca865-100x100.jpg",100,100,true]},"uagb_author_info":{"display_name":"Andrea","author_link":"https:\/\/dropking.eu\/hu_hu\/author\/"},"uagb_comment_info":0,"uagb_excerpt":"Father daughter t-shirt set! \u00d6lt\u00f6zz\u00f6n \u00f6ssze a csal\u00e1d! Vid\u00e1m \u00e9s egys\u00e9ges megjelen\u00e9st ad\u00f3 p\u00f3l\u00f3k ap\u00e1knak \u00e9s l\u00e1nyaiknak \u2013 t\u00f6k\u00e9letes v\u00e1laszt\u00e1s csal\u00e1di fot\u00f3z\u00e1sokhoz, sz\u00fclet\u00e9snapokra, nyaral\u00e1sokra vagy ak\u00e1r a h\u00e9tk\u00f6znapi k\u00f6z\u00f6s pillanatokhoz. Mert apa-l\u00e1nya kapcsolat k\u00fcl\u00f6nleges \ud83d\udc93 \u2728 Jellemz\u0151k: Anyag: Pamut, l\u00e9g\u00e1tereszt\u0151 \u00e9s k\u00e9nyelmes viselet Sz\u00ednek: fekete, feh\u00e9r, sz\u00fcrke M\u00e9retek: feln\u0151tt (S\u2013XXL), gyermek (90\u2013150 cm) St\u00edlus: h\u00e9tk\u00f6znapi,&hellip;","_links":{"self":[{"href":"https:\/\/dropking.eu\/hu_hu\/wp-json\/wp\/v2\/product\/2141","targetHints":{"allow":["GET"]}}],"collection":[{"href":"https:\/\/dropking.eu\/hu_hu\/wp-json\/wp\/v2\/product"}],"about":[{"href":"https:\/\/dropking.eu\/hu_hu\/wp-json\/wp\/v2\/types\/product"}],"replies":[{"embeddable":true,"href":"https:\/\/dropking.eu\/hu_hu\/wp-json\/wp\/v2\/comments?post=2141"}],"wp:featuredmedia":[{"embeddable":true,"href":"https:\/\/dropking.eu\/hu_hu\/wp-json\/wp\/v2\/media\/2135"}],"wp:attachment":[{"href":"https:\/\/dropking.eu\/hu_hu\/wp-json\/wp\/v2\/media?parent=2141"}],"wp:term":[{"taxonomy":"product_brand","embeddable":true,"href":"https:\/\/dropking.eu\/hu_hu\/wp-json\/wp\/v2\/product_brand?post=2141"},{"taxonomy":"product_cat","embeddable":true,"href":"https:\/\/dropking.eu\/hu_hu\/wp-json\/wp\/v2\/product_cat?post=2141"},{"taxonomy":"product_tag","embeddable":true,"href":"https:\/\/dropking.eu\/hu_hu\/wp-json\/wp\/v2\/product_tag?post=2141"}],"curies":[{"name":"wp","href":"https:\/\/api.w.org\/{rel}","templated":true}]}}