{"id":1829,"date":"2025-08-20T04:59:43","date_gmt":"2025-08-20T04:59:43","guid":{"rendered":"https:\/\/dropking.eu\/hu_hu\/product\/snufkin-travel-cross-body-bag\/"},"modified":"2026-04-04T01:49:37","modified_gmt":"2026-04-04T01:49:37","slug":"snufkin-travel-cross-body-bag-moomin-travel-body-bag","status":"publish","type":"product","link":"https:\/\/dropking.eu\/hu_hu\/product\/snufkin-travel-cross-body-bag-moomin-travel-body-bag\/","title":{"rendered":"Snufkin Moomin Travel Body Bag\u2013Z\u00f6ld, T\u00e1ska"},"content":{"rendered":"<p>Moomin travel body bag-Hivatalos Moomin term\u00e9k a Nordicbuddies-t\u00f3l.Hivatalos Moomin Snufkin cross body bag, z\u00f6ld sz\u00ednben, 100% poli\u00e9szterb\u0151l. Praktikus m\u00e9ret, st\u00edlusos Moomin rajong\u00f3knak \u2013 rendeld meg online<\/p>\n<ul>\n<li>Anyag: 100% poli\u00e9szter<\/li>\n<li>M\u00e9ret: 14 x 20c<\/li>\n<li>Sz\u00edn: Z\u00f6ld<\/li>\n<\/ul>\n<p>A Nordicbuddies 2019 v\u00e9g\u00e9n indult, hogy kifejezze szenved\u00e9ly\u00fcnket a Moomin \u00e9rt\u00e9kek ir\u00e1nt. Finnorsz\u00e1gban \u00e9s Sv\u00e9dorsz\u00e1gban alapulva er\u0151s ig\u00e9nyt \u00e9rezt\u00fcnk egy Moomin kollekci\u00f3ra a fiatal, st\u00edlusos feln\u0151ttek sz\u00e1m\u00e1ra. Mi, a Nordicbuddies alkot\u00f3i, a 90-es \u00e9vek anim\u00e1ci\u00f3j\u00e1n n\u0151tt\u00fcnk fel, \u00e9s most m\u00e1r feln\u0151ttek vagyunk, \u00e9s tov\u00e1bbra is nagy Moomin rajong\u00f3k. Szeretn\u00e9nk k\u00e9pviselni a t\u00f6rt\u00e9net\u00fcket \u00e9s \u00e9rt\u00e9keiket, \u00e9s megh\u00edvni a fiatalabb \u00e9s id\u0151sebb gener\u00e1ci\u00f3kat, hogy csatlakozzanak hozz\u00e1nk!<\/p>\n","protected":false},"excerpt":{"rendered":"<p>Hivatalos Moomin term\u00e9k a Nordicbuddies-t\u00f3l.<\/p>\n<ul>\n<li>Anyag: 100% poli\u00e9szter<\/li>\n<li>M\u00e9ret: 14 x 20c<\/li>\n<li>Sz\u00edn: Z\u00f6ld<\/li>\n<\/ul>\n<p>A Nordicbuddies 2019 v\u00e9g\u00e9n indult, hogy kifejezze szenved\u00e9ly\u00fcnket a Moomin \u00e9rt\u00e9kek ir\u00e1nt. Finnorsz\u00e1gban \u00e9s Sv\u00e9dorsz\u00e1gban alapulva er\u0151s ig\u00e9nyt \u00e9rezt\u00fcnk egy Moomin kollekci\u00f3ra a fiatal, st\u00edlusos feln\u0151ttek sz\u00e1m\u00e1ra. Mi, a Nordicbuddies alkot\u00f3i, a 90-es \u00e9vek anim\u00e1ci\u00f3j\u00e1n n\u0151tt\u00fcnk fel, \u00e9s most m\u00e1r feln\u0151ttek vagyunk, \u00e9s tov\u00e1bbra is nagy Moomin rajong\u00f3k. Szeretn\u00e9nk k\u00e9pviselni a t\u00f6rt\u00e9net\u00fcket \u00e9s \u00e9rt\u00e9keiket, \u00e9s megh\u00edvni a fiatalabb \u00e9s id\u0151sebb gener\u00e1ci\u00f3kat, hogy csatlakozzanak hozz\u00e1nk!<\/p>\n","protected":false},"featured_media":1830,"comment_status":"open","ping_status":"closed","template":"","meta":{"_uag_custom_page_level_css":"","site-sidebar-layout":"default","site-content-layout":"","ast-site-content-layout":"default","site-content-style":"default","site-sidebar-style":"default","ast-global-header-display":"","ast-banner-title-visibility":"","ast-main-header-display":"","ast-hfb-above-header-display":"","ast-hfb-below-header-display":"","ast-hfb-mobile-header-display":"","site-post-title":"","ast-breadcrumbs-content":"","ast-featured-img":"","footer-sml-layout":"","theme-transparent-header-meta":"default","adv-header-id-meta":"","stick-header-meta":"","header-above-stick-meta":"","header-main-stick-meta":"","header-below-stick-meta":"","astra-migrate-meta-layouts":"set","ast-page-background-enabled":"default","ast-page-background-meta":{"desktop":{"background-color":"var(--ast-global-color-4)","background-image":"","background-repeat":"repeat","background-position":"center center","background-size":"auto","background-attachment":"scroll","background-type":"","background-media":"","overlay-type":"","overlay-color":"","overlay-opacity":"","overlay-gradient":""},"tablet":{"background-color":"","background-image":"","background-repeat":"repeat","background-position":"center center","background-size":"auto","background-attachment":"scroll","background-type":"","background-media":"","overlay-type":"","overlay-color":"","overlay-opacity":"","overlay-gradient":""},"mobile":{"background-color":"","background-image":"","background-repeat":"repeat","background-position":"center center","background-size":"auto","background-attachment":"scroll","background-type":"","background-media":"","overlay-type":"","overlay-color":"","overlay-opacity":"","overlay-gradient":""}},"ast-content-background-meta":{"desktop":{"background-color":"var(--ast-global-color-5)","background-image":"","background-repeat":"repeat","background-position":"center center","background-size":"auto","background-attachment":"scroll","background-type":"","background-media":"","overlay-type":"","overlay-color":"","overlay-opacity":"","overlay-gradient":""},"tablet":{"background-color":"var(--ast-global-color-5)","background-image":"","background-repeat":"repeat","background-position":"center center","background-size":"auto","background-attachment":"scroll","background-type":"","background-media":"","overlay-type":"","overlay-color":"","overlay-opacity":"","overlay-gradient":""},"mobile":{"background-color":"var(--ast-global-color-5)","background-image":"","background-repeat":"repeat","background-position":"center center","background-size":"auto","background-attachment":"scroll","background-type":"","background-media":"","overlay-type":"","overlay-color":"","overlay-opacity":"","overlay-gradient":""}}},"product_brand":[],"product_cat":[29],"product_tag":[150,152,151],"class_list":{"0":"post-1829","1":"product","2":"type-product","3":"status-publish","4":"has-post-thumbnail","6":"product_cat-taskak","7":"product_tag-moomin-bag","8":"product_tag-moomin-crossbody-bag","9":"product_tag-snufkin-body-bag","10":"product_shipping_class-free-shipping","11":"desktop-align-left","12":"tablet-align-left","13":"mobile-align-left","15":"first","16":"instock","17":"taxable","18":"shipping-taxable","19":"purchasable","20":"product-type-simple"},"aioseo_notices":[],"uagb_featured_image_src":{"full":["https:\/\/dropking.eu\/wp-content\/uploads\/2025\/08\/snufkin-travel-cross-body-bag-6f91c003.jpg",2048,2048,false],"thumbnail":["https:\/\/dropking.eu\/wp-content\/uploads\/2025\/08\/snufkin-travel-cross-body-bag-6f91c003-150x150.jpg",150,150,true],"medium":["https:\/\/dropking.eu\/wp-content\/uploads\/2025\/08\/snufkin-travel-cross-body-bag-6f91c003-300x300.jpg",300,300,true],"medium_large":["https:\/\/dropking.eu\/wp-content\/uploads\/2025\/08\/snufkin-travel-cross-body-bag-6f91c003-768x768.jpg",768,768,true],"large":["https:\/\/dropking.eu\/wp-content\/uploads\/2025\/08\/snufkin-travel-cross-body-bag-6f91c003-1024x1024.jpg",1024,1024,true],"1536x1536":["https:\/\/dropking.eu\/wp-content\/uploads\/2025\/08\/snufkin-travel-cross-body-bag-6f91c003-1536x1536.jpg",1536,1536,true],"2048x2048":["https:\/\/dropking.eu\/wp-content\/uploads\/2025\/08\/snufkin-travel-cross-body-bag-6f91c003.jpg",2048,2048,false],"trp-custom-language-flag":["https:\/\/dropking.eu\/wp-content\/uploads\/2025\/08\/snufkin-travel-cross-body-bag-6f91c003-12x12.jpg",12,12,true],"mailpoet_newsletter_max":["https:\/\/dropking.eu\/wp-content\/uploads\/2025\/08\/snufkin-travel-cross-body-bag-6f91c003-1320x1320.jpg",1320,1320,true],"woocommerce_thumbnail":["https:\/\/dropking.eu\/wp-content\/uploads\/2025\/08\/snufkin-travel-cross-body-bag-6f91c003-300x300.jpg",300,300,true],"woocommerce_single":["https:\/\/dropking.eu\/wp-content\/uploads\/2025\/08\/snufkin-travel-cross-body-bag-6f91c003-600x600.jpg",600,600,true],"woocommerce_gallery_thumbnail":["https:\/\/dropking.eu\/wp-content\/uploads\/2025\/08\/snufkin-travel-cross-body-bag-6f91c003-100x100.jpg",100,100,true]},"uagb_author_info":{"display_name":"Andrea","author_link":"https:\/\/dropking.eu\/hu_hu\/author\/"},"uagb_comment_info":0,"uagb_excerpt":"Hivatalos Moomin term\u00e9k a Nordicbuddies-t\u00f3l. Anyag: 100% poli\u00e9szter M\u00e9ret: 14 x 20c Sz\u00edn: Z\u00f6ld A Nordicbuddies 2019 v\u00e9g\u00e9n indult, hogy kifejezze szenved\u00e9ly\u00fcnket a Moomin \u00e9rt\u00e9kek ir\u00e1nt. Finnorsz\u00e1gban \u00e9s Sv\u00e9dorsz\u00e1gban alapulva er\u0151s ig\u00e9nyt \u00e9rezt\u00fcnk egy Moomin kollekci\u00f3ra a fiatal, st\u00edlusos feln\u0151ttek sz\u00e1m\u00e1ra. Mi, a Nordicbuddies alkot\u00f3i, a 90-es \u00e9vek anim\u00e1ci\u00f3j\u00e1n n\u0151tt\u00fcnk fel, \u00e9s most m\u00e1r feln\u0151ttek&hellip;","_links":{"self":[{"href":"https:\/\/dropking.eu\/hu_hu\/wp-json\/wp\/v2\/product\/1829","targetHints":{"allow":["GET"]}}],"collection":[{"href":"https:\/\/dropking.eu\/hu_hu\/wp-json\/wp\/v2\/product"}],"about":[{"href":"https:\/\/dropking.eu\/hu_hu\/wp-json\/wp\/v2\/types\/product"}],"replies":[{"embeddable":true,"href":"https:\/\/dropking.eu\/hu_hu\/wp-json\/wp\/v2\/comments?post=1829"}],"wp:featuredmedia":[{"embeddable":true,"href":"https:\/\/dropking.eu\/hu_hu\/wp-json\/wp\/v2\/media\/1830"}],"wp:attachment":[{"href":"https:\/\/dropking.eu\/hu_hu\/wp-json\/wp\/v2\/media?parent=1829"}],"wp:term":[{"taxonomy":"product_brand","embeddable":true,"href":"https:\/\/dropking.eu\/hu_hu\/wp-json\/wp\/v2\/product_brand?post=1829"},{"taxonomy":"product_cat","embeddable":true,"href":"https:\/\/dropking.eu\/hu_hu\/wp-json\/wp\/v2\/product_cat?post=1829"},{"taxonomy":"product_tag","embeddable":true,"href":"https:\/\/dropking.eu\/hu_hu\/wp-json\/wp\/v2\/product_tag?post=1829"}],"curies":[{"name":"wp","href":"https:\/\/api.w.org\/{rel}","templated":true}]}}