{"id":22,"date":"2025-08-16T12:11:05","date_gmt":"2025-08-16T12:11:05","guid":{"rendered":"http:\/\/dropking.eu\/home\/"},"modified":"2025-08-25T05:59:10","modified_gmt":"2025-08-25T05:59:10","slug":"home","status":"publish","type":"page","link":"https:\/\/dropking.eu\/hu_hu\/","title":{"rendered":"Home"},"content":{"rendered":"\t\t<div data-elementor-type=\"wp-page\" data-elementor-id=\"22\" class=\"elementor elementor-22\">\n\t\t\t\t<div class=\"elementor-element elementor-element-aa923d7 e-flex e-con-boxed e-con e-parent\" data-id=\"aa923d7\" data-element_type=\"container\" data-e-type=\"container\">\n\t\t\t\t\t<div class=\"e-con-inner\">\n\t\t<div class=\"elementor-element elementor-element-d8b79ec e-grid e-con-full e-con e-child\" data-id=\"d8b79ec\" data-element_type=\"container\" data-e-type=\"container\">\n\t\t\t\t<div class=\"elementor-element elementor-element-e654383 elementor-widget elementor-widget-text-editor\" data-id=\"e654383\" data-element_type=\"widget\" data-e-type=\"widget\" data-widget_type=\"text-editor.default\">\n\t\t\t\t<div class=\"elementor-widget-container\">\n\t\t\t\t\t\t\t\t\t<h1 data-start=\"284\" data-end=\"356\"><strong>Dropking \u2013 Egyedi Aj\u00e1nd\u00e9kok, amik mosolyt csalnak<\/strong><\/h1>\n<h4 data-start=\"284\" data-end=\"356\">Fedezd fel k\u00fcl\u00f6nleges aj\u00e1nd\u00e9kainkat, amelyek minden alkalmat felejthetetlenn\u00e9 var\u00e1zsolnak. Legyen sz\u00f3 sz\u00fclet\u00e9snapr\u00f3l, \u00e9vfordul\u00f3r\u00f3l vagy csak egy kedves meglepet\u00e9sr\u0151l \u2013 n\u00e1lunk biztosan megtal\u00e1lod a t\u00f6k\u00e9letes v\u00e1laszt\u00e1st. \ud83c\udf81\ud83d\udc9d<\/h4>\t\t\t\t\t\t\t\t<\/div>\n\t\t\t\t<\/div>\n\t\t\t\t<div class=\"elementor-element elementor-element-b7f746b elementor-widget elementor-widget-image\" data-id=\"b7f746b\" data-element_type=\"widget\" data-e-type=\"widget\" data-widget_type=\"image.default\">\n\t\t\t\t<div class=\"elementor-widget-container\">\n\t\t\t\t\t\t\t\t\t\t\t\t\t\t\t<img fetchpriority=\"high\" decoding=\"async\" width=\"683\" height=\"1024\" src=\"https:\/\/dropking.eu\/wp-content\/uploads\/2025\/08\/pexels-hazardos-1860160-683x1024.jpg\" class=\"attachment-large size-large wp-image-1681\" alt=\"\" srcset=\"https:\/\/dropking.eu\/wp-content\/uploads\/2025\/08\/pexels-hazardos-1860160-683x1024.jpg 683w, https:\/\/dropking.eu\/wp-content\/uploads\/2025\/08\/pexels-hazardos-1860160-scaled-600x900.jpg 600w, https:\/\/dropking.eu\/wp-content\/uploads\/2025\/08\/pexels-hazardos-1860160-200x300.jpg 200w, https:\/\/dropking.eu\/wp-content\/uploads\/2025\/08\/pexels-hazardos-1860160-768x1152.jpg 768w, https:\/\/dropking.eu\/wp-content\/uploads\/2025\/08\/pexels-hazardos-1860160-1024x1536.jpg 1024w, https:\/\/dropking.eu\/wp-content\/uploads\/2025\/08\/pexels-hazardos-1860160-1365x2048.jpg 1365w, https:\/\/dropking.eu\/wp-content\/uploads\/2025\/08\/pexels-hazardos-1860160-scaled.webp 1280w\" sizes=\"(max-width: 683px) 100vw, 683px\" \/>\t\t\t\t\t\t\t\t\t\t\t\t\t\t\t<\/div>\n\t\t\t\t<\/div>\n\t\t\t\t<div class=\"elementor-element elementor-element-63751e5 elementor-button-warning elementor-align-justify elementor-widget elementor-widget-button\" data-id=\"63751e5\" data-element_type=\"widget\" data-e-type=\"widget\" data-widget_type=\"button.default\">\n\t\t\t\t<div class=\"elementor-widget-container\">\n\t\t\t\t\t\t\t\t\t<div class=\"elementor-button-wrapper\">\n\t\t\t\t\t<a class=\"elementor-button elementor-button-link elementor-size-sm\" href=\"#\">\n\t\t\t\t\t\t<span class=\"elementor-button-content-wrapper\">\n\t\t\t\t\t\t\t\t\t<span class=\"elementor-button-text\">Fedezd fel a k\u00edn\u00e1latot<\/span>\n\t\t\t\t\t<\/span>\n\t\t\t\t\t<\/a>\n\t\t\t\t<\/div>\n\t\t\t\t\t\t\t\t<\/div>\n\t\t\t\t<\/div>\n\t\t\t\t<\/div>\n\t\t\t\t\t<\/div>\n\t\t\t\t<\/div>\n\t\t<div class=\"elementor-element elementor-element-53b5fe4 e-flex e-con-boxed e-con e-parent\" data-id=\"53b5fe4\" data-element_type=\"container\" data-e-type=\"container\">\n\t\t\t\t\t<div class=\"e-con-inner\">\n\t\t\t\t<div class=\"elementor-element elementor-element-4a4491d elementor-widget elementor-widget-wpforms\" data-id=\"4a4491d\" data-element_type=\"widget\" data-e-type=\"widget\" data-widget_type=\"wpforms.default\">\n\t\t\t\t<div class=\"elementor-widget-container\">\n\t\t\t\t\t<div class=\"wpforms-container \" id=\"wpforms-1795\"><form id=\"wpforms-form-1795\" class=\"wpforms-validate wpforms-form wpforms-ajax-form\" data-formid=\"1795\" method=\"post\" enctype=\"multipart\/form-data\" action=\"\/hu_hu\/wp-json\/wp\/v2\/pages\/22\" data-token=\"9c2020fdfe7f5f62a487ef50a4141c18\" data-token-time=\"1775250383\"><noscript class=\"wpforms-error-noscript\">Please enable JavaScript in your browser to complete this form.<\/noscript><div class=\"wpforms-field-container\">\t\t<div id=\"wpforms-1795-field_3-container\"\n\t\t\tclass=\"wpforms-field wpforms-field-text\"\n\t\t\tdata-field-type=\"text\"\n\t\t\tdata-field-id=\"3\"\n\t\t\t>\n\t\t\t<label class=\"wpforms-field-label\" for=\"wpforms-1795-field_3\" >Name Checkboxes Email<\/label>\n\t\t\t<input type=\"text\" id=\"wpforms-1795-field_3\" class=\"wpforms-field-medium\" name=\"wpforms[fields][3]\" >\n\t\t<\/div>\n\t\t<div id=\"wpforms-1795-field_1-container\" class=\"wpforms-field wpforms-field-name\" data-field-id=\"1\"><label class=\"wpforms-field-label\">Name <span class=\"wpforms-required-label\">*<\/span><\/label><div class=\"wpforms-field-row wpforms-field-medium\"><div class=\"wpforms-field-row-block wpforms-first wpforms-one-half\"><input type=\"text\" id=\"wpforms-1795-field_1\" class=\"wpforms-field-name-first wpforms-field-required\" name=\"wpforms[fields][1][first]\" required><label for=\"wpforms-1795-field_1\" class=\"wpforms-field-sublabel after\">First<\/label><\/div><div class=\"wpforms-field-row-block wpforms-one-half\"><input type=\"text\" id=\"wpforms-1795-field_1-last\" class=\"wpforms-field-name-last wpforms-field-required\" name=\"wpforms[fields][1][last]\" required><label for=\"wpforms-1795-field_1-last\" class=\"wpforms-field-sublabel after\">Last<\/label><\/div><\/div><\/div><div id=\"wpforms-1795-field_2-container\" class=\"wpforms-field wpforms-field-email\" data-field-id=\"2\"><label class=\"wpforms-field-label\" for=\"wpforms-1795-field_2\">Email <span class=\"wpforms-required-label\">*<\/span><\/label><input type=\"email\" id=\"wpforms-1795-field_2\" class=\"wpforms-field-medium wpforms-field-required\" name=\"wpforms[fields][2]\" spellcheck=\"false\" required><\/div><div id=\"wpforms-1795-field_4-container\" class=\"wpforms-field wpforms-field-checkbox\" data-field-id=\"4\"><label class=\"wpforms-field-label\">Checkboxes<\/label><ul id=\"wpforms-1795-field_4\"><li class=\"choice-1 depth-1 wpforms-selected\"><input type=\"checkbox\" id=\"wpforms-1795-field_4_1\" name=\"wpforms[fields][4][]\" value=\"First Choice\"   checked='checked'><label class=\"wpforms-field-label-inline\" for=\"wpforms-1795-field_4_1\">First Choice<\/label><\/li><li class=\"choice-2 depth-1\"><input type=\"checkbox\" id=\"wpforms-1795-field_4_2\" name=\"wpforms[fields][4][]\" value=\"Second Choice\"  ><label class=\"wpforms-field-label-inline\" for=\"wpforms-1795-field_4_2\">Second Choice<\/label><\/li><li class=\"choice-3 depth-1\"><input type=\"checkbox\" id=\"wpforms-1795-field_4_3\" name=\"wpforms[fields][4][]\" value=\"Third Choice\"  ><label class=\"wpforms-field-label-inline\" for=\"wpforms-1795-field_4_3\">Third Choice<\/label><\/li><\/ul><div class=\"wpforms-field-description\">Hozz\u00e1j\u00e1rulok, hogy a DropKing e-maileket k\u00fcldj\u00f6n nekem<\/div><\/div><script>\n\t\t\t\t( function() {\n\t\t\t\t\tconst style = document.createElement( 'style' );\n\t\t\t\t\tstyle.appendChild( document.createTextNode( '#wpforms-1795-field_3-container { position: absolute !important; overflow: hidden !important; display: inline !important; height: 1px !important; width: 1px !important; z-index: -1000 !important; padding: 0 !important; } #wpforms-1795-field_3-container input { visibility: hidden; } #wpforms-conversational-form-page #wpforms-1795-field_3-container label { counter-increment: none; }' ) );\n\t\t\t\t\tdocument.head.appendChild( style );\n\t\t\t\t\tdocument.currentScript?.remove();\n\t\t\t\t} )();\n\t\t\t<\/script><\/div><!-- .wpforms-field-container --><div class=\"wpforms-submit-container\" ><input type=\"hidden\" name=\"wpforms[id]\" value=\"1795\"><input type=\"hidden\" name=\"page_title\" value=\"\"><input type=\"hidden\" name=\"page_url\" value=\"https:\/\/dropking.eu\/hu_hu\/wp-json\/wp\/v2\/pages\/22\"><input type=\"hidden\" name=\"url_referer\" value=\"\"><button type=\"submit\" name=\"wpforms[submit]\" id=\"wpforms-submit-1795\" class=\"wpforms-submit\" data-alt-text=\"Please wait...\" data-submit-text=\"Sign up\" aria-live=\"assertive\" value=\"wpforms-submit\">Sign up<\/button><img decoding=\"async\" src=\"https:\/\/dropking.eu\/wp-content\/plugins\/wpforms-lite\/assets\/images\/submit-spin.svg\" class=\"wpforms-submit-spinner\" style=\"display: none;\" width=\"26\" height=\"26\" alt=\"Loading\"><\/div><\/form><\/div>  <!-- .wpforms-container -->\t\t\t\t<\/div>\n\t\t\t\t<\/div>\n\t\t\t\t\t<\/div>\n\t\t\t\t<\/div>\n\t\t\t\t<\/div>\n\t\t","protected":false},"excerpt":{"rendered":"<p>Dropking \u2013 Egyedi Aj\u00e1nd\u00e9kok, amik mosolyt csalnak Fedezd fel k\u00fcl\u00f6nleges aj\u00e1nd\u00e9kainkat, amelyek minden alkalmat felejthetetlenn\u00e9 var\u00e1zsolnak. Legyen sz\u00f3 sz\u00fclet\u00e9snapr\u00f3l, \u00e9vfordul\u00f3r\u00f3l vagy csak egy kedves meglepet\u00e9sr\u0151l \u2013 n\u00e1lunk biztosan megtal\u00e1lod a t\u00f6k\u00e9letes v\u00e1laszt\u00e1st. \ud83c\udf81\ud83d\udc9d Fedezd fel a k\u00edn\u00e1latot Please enable JavaScript in your browser to complete this form.Name *FirstLastEmail *Checkboxes First Choice Second Choice Third Choice [&hellip;]<\/p>\n","protected":false},"author":2,"featured_media":0,"parent":0,"menu_order":0,"comment_status":"closed","ping_status":"closed","template":"","meta":{"_uag_custom_page_level_css":"","site-sidebar-layout":"no-sidebar","site-content-layout":"page-builder","ast-site-content-layout":"full-width-container","site-content-style":"unboxed","site-sidebar-style":"unboxed","ast-global-header-display":"","ast-banner-title-visibility":"","ast-main-header-display":"","ast-hfb-above-header-display":"","ast-hfb-below-header-display":"","ast-hfb-mobile-header-display":"","site-post-title":"","ast-breadcrumbs-content":"","ast-featured-img":"","footer-sml-layout":"","theme-transparent-header-meta":"enabled","adv-header-id-meta":"","stick-header-meta":"","header-above-stick-meta":"","header-main-stick-meta":"","header-below-stick-meta":"","astra-migrate-meta-layouts":"set","ast-page-background-enabled":"default","ast-page-background-meta":{"desktop":{"background-color":"var(--ast-global-color-4)","background-image":"","background-repeat":"repeat","background-position":"center center","background-size":"auto","background-attachment":"scroll","background-type":"","background-media":"","overlay-type":"","overlay-color":"","overlay-opacity":"","overlay-gradient":""},"tablet":{"background-color":"","background-image":"","background-repeat":"repeat","background-position":"center center","background-size":"auto","background-attachment":"scroll","background-type":"","background-media":"","overlay-type":"","overlay-color":"","overlay-opacity":"","overlay-gradient":""},"mobile":{"background-color":"","background-image":"","background-repeat":"repeat","background-position":"center center","background-size":"auto","background-attachment":"scroll","background-type":"","background-media":"","overlay-type":"","overlay-color":"","overlay-opacity":"","overlay-gradient":""}},"ast-content-background-meta":{"desktop":{"background-color":"var(--ast-global-color-5)","background-image":"","background-repeat":"repeat","background-position":"center center","background-size":"auto","background-attachment":"scroll","background-type":"","background-media":"","overlay-type":"","overlay-color":"","overlay-opacity":"","overlay-gradient":""},"tablet":{"background-color":"var(--ast-global-color-5)","background-image":"","background-repeat":"repeat","background-position":"center center","background-size":"auto","background-attachment":"scroll","background-type":"","background-media":"","overlay-type":"","overlay-color":"","overlay-opacity":"","overlay-gradient":""},"mobile":{"background-color":"var(--ast-global-color-5)","background-image":"","background-repeat":"repeat","background-position":"center center","background-size":"auto","background-attachment":"scroll","background-type":"","background-media":"","overlay-type":"","overlay-color":"","overlay-opacity":"","overlay-gradient":""}},"footnotes":""},"class_list":["post-22","page","type-page","status-publish","hentry"],"aioseo_notices":[],"_hostinger_reach_plugin_has_subscription_block":false,"_hostinger_reach_plugin_is_elementor":false,"uagb_featured_image_src":{"full":false,"thumbnail":false,"medium":false,"medium_large":false,"large":false,"1536x1536":false,"2048x2048":false,"trp-custom-language-flag":false,"mailpoet_newsletter_max":false,"woocommerce_thumbnail":false,"woocommerce_single":false,"woocommerce_gallery_thumbnail":false},"uagb_author_info":{"display_name":"Vincze Andrea","author_link":"https:\/\/dropking.eu\/hu_hu\/author\/andrea\/"},"uagb_comment_info":0,"uagb_excerpt":"Dropking \u2013 Egyedi Aj\u00e1nd\u00e9kok, amik mosolyt csalnak Fedezd fel k\u00fcl\u00f6nleges aj\u00e1nd\u00e9kainkat, amelyek minden alkalmat felejthetetlenn\u00e9 var\u00e1zsolnak. Legyen sz\u00f3 sz\u00fclet\u00e9snapr\u00f3l, \u00e9vfordul\u00f3r\u00f3l vagy csak egy kedves meglepet\u00e9sr\u0151l \u2013 n\u00e1lunk biztosan megtal\u00e1lod a t\u00f6k\u00e9letes v\u00e1laszt\u00e1st. \ud83c\udf81\ud83d\udc9d Fedezd fel a k\u00edn\u00e1latot Please enable JavaScript in your browser to complete this form.Name *FirstLastEmail *Checkboxes First Choice Second Choice Third Choice&hellip;","_links":{"self":[{"href":"https:\/\/dropking.eu\/hu_hu\/wp-json\/wp\/v2\/pages\/22","targetHints":{"allow":["GET"]}}],"collection":[{"href":"https:\/\/dropking.eu\/hu_hu\/wp-json\/wp\/v2\/pages"}],"about":[{"href":"https:\/\/dropking.eu\/hu_hu\/wp-json\/wp\/v2\/types\/page"}],"author":[{"embeddable":true,"href":"https:\/\/dropking.eu\/hu_hu\/wp-json\/wp\/v2\/users\/2"}],"replies":[{"embeddable":true,"href":"https:\/\/dropking.eu\/hu_hu\/wp-json\/wp\/v2\/comments?post=22"}],"version-history":[{"count":13,"href":"https:\/\/dropking.eu\/hu_hu\/wp-json\/wp\/v2\/pages\/22\/revisions"}],"predecessor-version":[{"id":1804,"href":"https:\/\/dropking.eu\/hu_hu\/wp-json\/wp\/v2\/pages\/22\/revisions\/1804"}],"wp:attachment":[{"href":"https:\/\/dropking.eu\/hu_hu\/wp-json\/wp\/v2\/media?parent=22"}],"curies":[{"name":"wp","href":"https:\/\/api.w.org\/{rel}","templated":true}]}}