{"id":4209,"date":"2025-11-11T13:58:03","date_gmt":"2025-11-11T13:58:03","guid":{"rendered":"https:\/\/dropking.eu\/hu_hu\/product\/new-luminous-speaker-christmas-tree-painting-bluetooth-speaker-desktop-ornament-gift-light-and-shadow-art-lighting\/"},"modified":"2025-11-11T13:58:08","modified_gmt":"2025-11-11T13:58:08","slug":"new-luminous-speaker-christmas-tree-painting-bluetooth-speaker-desktop-ornament-gift-light-and-shadow-art-lighting","status":"publish","type":"product","link":"https:\/\/dropking.eu\/en\/product\/new-luminous-speaker-christmas-tree-painting-bluetooth-speaker-desktop-ornament-gift-light-and-shadow-art-lighting\/","title":{"rendered":"New Luminous Speaker Christmas Tree Painting Bluetooth Speaker Desktop Ornament Gift Light And Shadow Art Lighting"},"content":{"rendered":"<p> <font dir=\"auto\" style=\"vertical-align: inherit\"> <font dir=\"auto\" style=\"vertical-align: inherit\"> Vigy\u00e9l melegs\u00e9get \u00e9s zen\u00e9t otthonodba az \u00fcnnepek alatt!<\/font> <\/font> <\/p>\n<p> <font dir=\"auto\" style=\"vertical-align: inherit\"> <font dir=\"auto\" style=\"vertical-align: inherit\">Ez az \u00fcnnepi LED-es m\u0171v\u00e9szeti keret gy\u00f6ny\u00f6r\u0171 kar\u00e1csonyfa jelenetet \u00e1br\u00e1zol, \u00e9s Bluetooth hangsz\u00f3r\u00f3k\u00e9nt is funkcion\u00e1l. Ak\u00e1r a nappalidat d\u00edsz\u00edted, ak\u00e1r egy szeretteidet aj\u00e1nd\u00e9kozod, ez a multifunkcion\u00e1lis darab f\u00e9nyt, hangot \u00e9s \u00f6r\u00f6met hoz.<\/font> <\/font> <\/p>\n<p> <font dir=\"auto\" style=\"vertical-align: inherit\"> <font dir=\"auto\" style=\"vertical-align: inherit\">\u2728 Features:<\/font> <\/font> <\/p>\n<p> <font dir=\"auto\" style=\"vertical-align: inherit\"> <font dir=\"auto\" style=\"vertical-align: inherit\">&#8211; L\u00e1gy, \u00fcnnepi f\u00e9nnyel teli LED \u00e9jszakai f\u00e9ny<\/font> <\/font> <\/p>\n<p> <font dir=\"auto\" style=\"vertical-align: inherit\"> <font dir=\"auto\" style=\"vertical-align: inherit\">&#8211; Bluetooth-kompatibilis hangsz\u00f3r\u00f3 kedvenc \u00fcnnepi dallamaihoz<\/font> <\/font> <\/p>\n<p> <font dir=\"auto\" style=\"vertical-align: inherit\"> <font dir=\"auto\" style=\"vertical-align: inherit\">&#8211; USB-r\u0151l t\u00e1pl\u00e1lt (nincs sz\u00fcks\u00e9g elemekre)<\/font> <\/font> <\/p>\n<p> <font dir=\"auto\" style=\"vertical-align: inherit\"> <font dir=\"auto\" style=\"vertical-align: inherit\">&#8211; M\u00e9ret: 18\u00d724 cm<\/font> <\/font> <\/p>\n<p> <font dir=\"auto\" style=\"vertical-align: inherit\"> <font dir=\"auto\" style=\"vertical-align: inherit\">&#8211; K\u00f6nny\u0171 \u00e9s k\u00f6nnyen b\u00e1rhov\u00e1 elhelyezhet\u0151<\/font> <\/font> <\/p>\n<p> <font dir=\"auto\" style=\"vertical-align: inherit\"> <font dir=\"auto\" style=\"vertical-align: inherit\"> T\u00f6k\u00e9letes kar\u00e1csonyi aj\u00e1nd\u00e9knak, hangulatos t\u00e9li est\u00e9kre vagy irodai dekor\u00e1ci\u00f3nak.<\/font> <\/font> <\/p>\n<p> <font dir=\"auto\" style=\"vertical-align: inherit\"> <font dir=\"auto\" style=\"vertical-align: inherit\"> Ingyenes sz\u00e1ll\u00edt\u00e1s | V\u00e1rhat\u00f3 sz\u00e1ll\u00edt\u00e1si id\u0151: 8\u201314 nap<\/font> <\/font> <\/p>\n<p><b> <font dir=\"auto\" style=\"vertical-align: inherit\"> <font dir=\"auto\" style=\"vertical-align: inherit\">Term\u00e9kk\u00e9p:<\/font> <\/font> <\/b><br \/>\n <\/p>\n<p> <img decoding=\"async\" src=\"https:\/\/oss-cf.cjdropshipping.com\/product\/2024\/10\/16\/06\/e71eaa9e-f3e4-4e63-b6eb-47180699553e_trans.jpeg\"> <\/p>\n<p> <\/p>","protected":false},"excerpt":{"rendered":"<p>Vigy\u00e9l melegs\u00e9get \u00e9s zen\u00e9t otthonodba az \u00fcnnepek alatt! Ez az \u00fcnnepi LED-es m\u0171v\u00e9szeti keret gy\u00f6ny\u00f6r\u0171 kar\u00e1csonyfa jelenetet \u00e1br\u00e1zol, \u00e9s Bluetooth hangsz\u00f3r\u00f3k\u00e9nt is funkcion\u00e1l. Ak\u00e1r a nappalidat d\u00edsz\u00edted, ak\u00e1r egy szeretteidet aj\u00e1nd\u00e9kozod, ez a multifunkcion\u00e1lis darab f\u00e9nyt, hangot \u00e9s \u00f6r\u00f6met hoz. \u2728 Jellemz\u0151k: &#8211; L\u00e1gy, \u00fcnnepi f\u00e9nnyel teli LED \u00e9jszakai f\u00e9ny &#8211; Bluetooth-kompatibilis hangsz\u00f3r\u00f3 kedvenc \u00fcnnepi [&hellip;]<\/p>\n","protected":false},"featured_media":4203,"comment_status":"open","ping_status":"closed","template":"","meta":{"_uag_custom_page_level_css":"","site-sidebar-layout":"default","site-content-layout":"","ast-site-content-layout":"default","site-content-style":"default","site-sidebar-style":"default","ast-global-header-display":"","ast-banner-title-visibility":"","ast-main-header-display":"","ast-hfb-above-header-display":"","ast-hfb-below-header-display":"","ast-hfb-mobile-header-display":"","site-post-title":"","ast-breadcrumbs-content":"","ast-featured-img":"","footer-sml-layout":"","theme-transparent-header-meta":"","adv-header-id-meta":"","stick-header-meta":"","header-above-stick-meta":"","header-main-stick-meta":"","header-below-stick-meta":"","astra-migrate-meta-layouts":"default","ast-page-background-enabled":"default","ast-page-background-meta":{"desktop":{"background-color":"var(--ast-global-color-4)","background-image":"","background-repeat":"repeat","background-position":"center center","background-size":"auto","background-attachment":"scroll","background-type":"","background-media":"","overlay-type":"","overlay-color":"","overlay-opacity":"","overlay-gradient":""},"tablet":{"background-color":"","background-image":"","background-repeat":"repeat","background-position":"center center","background-size":"auto","background-attachment":"scroll","background-type":"","background-media":"","overlay-type":"","overlay-color":"","overlay-opacity":"","overlay-gradient":""},"mobile":{"background-color":"","background-image":"","background-repeat":"repeat","background-position":"center center","background-size":"auto","background-attachment":"scroll","background-type":"","background-media":"","overlay-type":"","overlay-color":"","overlay-opacity":"","overlay-gradient":""}},"ast-content-background-meta":{"desktop":{"background-color":"var(--ast-global-color-5)","background-image":"","background-repeat":"repeat","background-position":"center center","background-size":"auto","background-attachment":"scroll","background-type":"","background-media":"","overlay-type":"","overlay-color":"","overlay-opacity":"","overlay-gradient":""},"tablet":{"background-color":"var(--ast-global-color-5)","background-image":"","background-repeat":"repeat","background-position":"center center","background-size":"auto","background-attachment":"scroll","background-type":"","background-media":"","overlay-type":"","overlay-color":"","overlay-opacity":"","overlay-gradient":""},"mobile":{"background-color":"var(--ast-global-color-5)","background-image":"","background-repeat":"repeat","background-position":"center center","background-size":"auto","background-attachment":"scroll","background-type":"","background-media":"","overlay-type":"","overlay-color":"","overlay-opacity":"","overlay-gradient":""}}},"product_brand":[],"product_cat":[386],"product_tag":[454,446,455,456,183,453,457],"class_list":{"0":"post-4209","1":"product","2":"type-product","3":"status-publish","4":"has-post-thumbnail","6":"product_cat-christmas","7":"product_tag-bluetooth","8":"product_tag-christmas","9":"product_tag-gift","10":"product_tag-holiday","11":"product_tag-home-decor","12":"product_tag-led","13":"product_tag-music","14":"desktop-align-left","15":"tablet-align-left","16":"mobile-align-left","18":"first","19":"instock","20":"taxable","21":"shipping-taxable","22":"purchasable","23":"product-type-variable"},"aioseo_notices":[],"uagb_featured_image_src":{"full":["https:\/\/dropking.eu\/wp-content\/uploads\/2025\/11\/5d725767-750c-4325-bc8b-c004886c23fa_trans.jpeg",800,800,false],"thumbnail":["https:\/\/dropking.eu\/wp-content\/uploads\/2025\/11\/5d725767-750c-4325-bc8b-c004886c23fa_trans-150x150.jpeg",150,150,true],"medium":["https:\/\/dropking.eu\/wp-content\/uploads\/2025\/11\/5d725767-750c-4325-bc8b-c004886c23fa_trans-300x300.jpeg",300,300,true],"medium_large":["https:\/\/dropking.eu\/wp-content\/uploads\/2025\/11\/5d725767-750c-4325-bc8b-c004886c23fa_trans-768x768.jpeg",768,768,true],"large":["https:\/\/dropking.eu\/wp-content\/uploads\/2025\/11\/5d725767-750c-4325-bc8b-c004886c23fa_trans.jpeg",800,800,false],"1536x1536":["https:\/\/dropking.eu\/wp-content\/uploads\/2025\/11\/5d725767-750c-4325-bc8b-c004886c23fa_trans.jpeg",800,800,false],"2048x2048":["https:\/\/dropking.eu\/wp-content\/uploads\/2025\/11\/5d725767-750c-4325-bc8b-c004886c23fa_trans.jpeg",800,800,false],"trp-custom-language-flag":["https:\/\/dropking.eu\/wp-content\/uploads\/2025\/11\/5d725767-750c-4325-bc8b-c004886c23fa_trans-12x12.jpeg",12,12,true],"mailpoet_newsletter_max":["https:\/\/dropking.eu\/wp-content\/uploads\/2025\/11\/5d725767-750c-4325-bc8b-c004886c23fa_trans.jpeg",800,800,false],"woocommerce_thumbnail":["https:\/\/dropking.eu\/wp-content\/uploads\/2025\/11\/5d725767-750c-4325-bc8b-c004886c23fa_trans-300x300.jpeg",300,300,true],"woocommerce_single":["https:\/\/dropking.eu\/wp-content\/uploads\/2025\/11\/5d725767-750c-4325-bc8b-c004886c23fa_trans-600x600.jpeg",600,600,true],"woocommerce_gallery_thumbnail":["https:\/\/dropking.eu\/wp-content\/uploads\/2025\/11\/5d725767-750c-4325-bc8b-c004886c23fa_trans-100x100.jpeg",100,100,true]},"uagb_author_info":{"display_name":"Andrea","author_link":"https:\/\/dropking.eu\/en\/author\/"},"uagb_comment_info":0,"uagb_excerpt":"Vigy\u00e9l melegs\u00e9get \u00e9s zen\u00e9t otthonodba az \u00fcnnepek alatt! Ez az \u00fcnnepi LED-es m\u0171v\u00e9szeti keret gy\u00f6ny\u00f6r\u0171 kar\u00e1csonyfa jelenetet \u00e1br\u00e1zol, \u00e9s Bluetooth hangsz\u00f3r\u00f3k\u00e9nt is funkcion\u00e1l. Ak\u00e1r a nappalidat d\u00edsz\u00edted, ak\u00e1r egy szeretteidet aj\u00e1nd\u00e9kozod, ez a multifunkcion\u00e1lis darab f\u00e9nyt, hangot \u00e9s \u00f6r\u00f6met hoz. \u2728 Jellemz\u0151k: &#8211; L\u00e1gy, \u00fcnnepi f\u00e9nnyel teli LED \u00e9jszakai f\u00e9ny &#8211; Bluetooth-kompatibilis hangsz\u00f3r\u00f3 kedvenc \u00fcnnepi&hellip;","_links":{"self":[{"href":"https:\/\/dropking.eu\/en\/wp-json\/wp\/v2\/product\/4209","targetHints":{"allow":["GET"]}}],"collection":[{"href":"https:\/\/dropking.eu\/en\/wp-json\/wp\/v2\/product"}],"about":[{"href":"https:\/\/dropking.eu\/en\/wp-json\/wp\/v2\/types\/product"}],"replies":[{"embeddable":true,"href":"https:\/\/dropking.eu\/en\/wp-json\/wp\/v2\/comments?post=4209"}],"wp:featuredmedia":[{"embeddable":true,"href":"https:\/\/dropking.eu\/en\/wp-json\/wp\/v2\/media\/4203"}],"wp:attachment":[{"href":"https:\/\/dropking.eu\/en\/wp-json\/wp\/v2\/media?parent=4209"}],"wp:term":[{"taxonomy":"product_brand","embeddable":true,"href":"https:\/\/dropking.eu\/en\/wp-json\/wp\/v2\/product_brand?post=4209"},{"taxonomy":"product_cat","embeddable":true,"href":"https:\/\/dropking.eu\/en\/wp-json\/wp\/v2\/product_cat?post=4209"},{"taxonomy":"product_tag","embeddable":true,"href":"https:\/\/dropking.eu\/en\/wp-json\/wp\/v2\/product_tag?post=4209"}],"curies":[{"name":"wp","href":"https:\/\/api.w.org\/{rel}","templated":true}]}}