{"id":2347,"date":"2025-08-21T13:37:02","date_gmt":"2025-08-21T13:37:02","guid":{"rendered":"https:\/\/dropking.eu\/hu_hu\/product\/noi-elegans-gyongydiszes-magas-sarku-csizma-kenyelmes-es-meleg\/"},"modified":"2025-09-04T09:53:05","modified_gmt":"2025-09-04T09:53:05","slug":"elegant-womens-boots-noi-elegans-gyongydiszes-magas-sarku-csizma-kenyelmes-es-meleg","status":"publish","type":"product","link":"https:\/\/dropking.eu\/en\/product\/elegant-womens-boots-noi-elegans-gyongydiszes-magas-sarku-csizma-kenyelmes-es-meleg\/","title":{"rendered":"N\u0151i eleg\u00e1ns d\u00edszes magas sark\u00fa csizma-Elegant women&#8217;s boots"},"content":{"rendered":"<p>\u2728 Elegancia minden l\u00e9p\u00e9sben \u2728fedezd fel az <em data-start=\"903\" data-end=\"926\">Elegant women\u2019s boots<\/em> var\u00e1zs\u00e1t, amelyek \u00f6tv\u00f6zik a st\u00edlust \u00e9s a k\u00e9nyelmet. A gy\u00f6ny\u00f6r\u0171 gy\u00f6ngyd\u00edsz\u00edt\u00e9s \u00e9s a magas sarok kiemeli n\u0151ies megjelen\u00e9sed\u2026\u201d<\/p>\n<p>Emeld ki n\u0151iess\u00e9ged ezzel a gy\u00f6ny\u00f6r\u0171, gy\u00f6ngyd\u00edszes magas sark\u00fa bokacsizm\u00e1val! Elegant women&#8217;s boots &#8211; A k\u00e9nyelmes b\u00e9l\u00e9s \u00e9s a stabil sarok gondoskodik arr\u00f3l, hogy eg\u00e9sz nap magabiztosan \u00e9s st\u00edlusosan viseld \u2013 ak\u00e1r munk\u00e1ba, ak\u00e1r alkalmakra.<\/p>\n<p>Fedezd fel a n\u0151iess\u00e9g igazi erej\u00e9t ezzel a gy\u00f6ny\u00f6r\u0171, d\u00edszk\u00f6ves magas sark\u00fa csizm\u00e1val! A st\u00edlusos kialak\u00edt\u00e1s, a f\u00e9nyl\u0151 d\u00edsz\u00edt\u00e9sek \u00e9s a k\u00e9nyelmes pamutb\u00e9l\u00e9s gondoskodnak arr\u00f3l, hogy minden megjelen\u00e9sed kifinomult \u00e9s magabiztos legyen.<\/p>\n<h3>Elegant women&#8217;s boots<\/h3>\n<p>&nbsp;<\/p>\n<p>\u2714 K\u00e9nyelmes b\u00e9l\u00e9s \u2013 puha pamut, amely melegen tart<\/p>\n<p>\u2714 Stabil magas sarok \u2013 eleg\u00e1ns, m\u00e9gis k\u00e9nyelmes j\u00e1r\u00e1s<\/p>\n<p>\u2714 K\u00fcl\u00f6nleges d\u00edsz\u00edt\u00e9s \u2013 igazi \u00e9kszer a l\u00e1badon<\/p>\n<p>\u2714 Alkalmi \u00e9s mindennapi viselethez is t\u00f6k\u00e9letes<\/p>\n<p>L\u00e9pj ki a t\u00f6megb\u0151l, \u00e9s ragyogj minden pillanatban!<\/p>\n<p><b> <span dir=\"auto\" style=\"vertical-align: inherit;\"> <span dir=\"auto\" style=\"vertical-align: inherit;\"><br \/>\n<\/span> <\/span> <\/b><\/p>\n<p><b> <span dir=\"auto\" style=\"vertical-align: inherit;\"> <span dir=\"auto\" style=\"vertical-align: inherit;\">Product information:<\/span> <\/span> <\/b><br \/>\n<span dir=\"auto\" style=\"vertical-align: inherit;\"> <span dir=\"auto\" style=\"vertical-align: inherit;\"> Sz\u00edn: fekete, s\u00f6t\u00e9tbarna, lil\u00e1spiros <\/span> <\/span><br \/>\n<span dir=\"auto\" style=\"vertical-align: inherit;\"> <span dir=\"auto\" style=\"vertical-align: inherit;\">Sarokmagass\u00e1g: magassark\u00fa (6-8CM) <\/span> <\/span><br \/>\n<span dir=\"auto\" style=\"vertical-align: inherit;\"> <span dir=\"auto\" style=\"vertical-align: inherit;\">M\u00e9ret: 35, 36, 37, 38, 39, 40, 41 <\/span> <\/span><br \/>\n<span dir=\"auto\" style=\"vertical-align: inherit;\"> <span dir=\"auto\" style=\"vertical-align: inherit;\">Talp anyaga: gumi <\/span> <\/span><br \/>\n<span dir=\"auto\" style=\"vertical-align: inherit;\"> <span dir=\"auto\" style=\"vertical-align: inherit;\">L\u00e1bujjtart\u00f3 form\u00e1ja: kerek fej\u0171 <\/span> <\/span><br \/>\n<span dir=\"auto\" style=\"vertical-align: inherit;\"> <span dir=\"auto\" style=\"vertical-align: inherit;\">Cip\u0151 fels\u0151r\u00e9sz anyaga: pu <\/span> <\/span><br \/>\n<span dir=\"auto\" style=\"vertical-align: inherit;\"> <span dir=\"auto\" style=\"vertical-align: inherit;\">Visel\u00e9s m\u00f3dja: oldals\u00f3 cipz\u00e1r <\/span> <\/span><br \/>\n<span dir=\"auto\" style=\"vertical-align: inherit;\"> <span dir=\"auto\" style=\"vertical-align: inherit;\">Alkalmazhat\u00f3 nem: N\u0151i<\/span> <\/span><\/p>\n<p><b> <span dir=\"auto\" style=\"vertical-align: inherit;\"> <span dir=\"auto\" style=\"vertical-align: inherit;\">M\u00e9ret:<\/span> <\/span> <\/b><\/p>\n<p><img decoding=\"async\" src=\"https:\/\/oss-cf.cjdropshipping.com\/product\/2025\/07\/11\/06\/35a37b10-75a9-469a-8bd8-67da1fd24b3a.jpg?x-oss-process=image\/quality,q_100\" \/><\/p>\n<p><b> <span dir=\"auto\" style=\"vertical-align: inherit;\"> <span dir=\"auto\" style=\"vertical-align: inherit;\">Package list:<\/span> <\/span> <\/b><\/p>\n<p><span dir=\"auto\" style=\"vertical-align: inherit;\"> <span dir=\"auto\" style=\"vertical-align: inherit;\"> Egy p\u00e1r csizma <\/span> <\/span><\/p>\n<p><b> <span dir=\"auto\" style=\"vertical-align: inherit;\"> <span dir=\"auto\" style=\"vertical-align: inherit;\">Term\u00e9kk\u00e9p:<\/span> <\/span> <\/b><\/p>\n<p><img fetchpriority=\"high\" decoding=\"async\" class=\"\" src=\"https:\/\/oss-cf.cjdropshipping.com\/product\/2025\/07\/11\/06\/99a2bafc-1be8-46a7-ad3a-8aeda2dc82cd.jpg\" width=\"1189\" height=\"1584\" \/><\/p>\n<p><img decoding=\"async\" src=\"https:\/\/oss-cf.cjdropshipping.com\/product\/2025\/07\/11\/06\/65a486c1-678c-4df5-9e1b-ccb91fbacd25.jpg\" \/><\/p>\n<p><img decoding=\"async\" src=\"https:\/\/oss-cf.cjdropshipping.com\/product\/2025\/07\/11\/06\/61ea49d3-acc6-4965-a67c-bb9f4b8ebc57.jpg\" \/><\/p>\n<p>&nbsp;<\/p>","protected":false},"excerpt":{"rendered":"<p>\u2728 Elegancia minden l\u00e9p\u00e9sben \u2728fedezd fel az Elegant women\u2019s boots var\u00e1zs\u00e1t, amelyek \u00f6tv\u00f6zik a st\u00edlust \u00e9s a k\u00e9nyelmet. A gy\u00f6ny\u00f6r\u0171 gy\u00f6ngyd\u00edsz\u00edt\u00e9s \u00e9s a magas sarok kiemeli n\u0151ies megjelen\u00e9sed\u2026\u201d Emeld ki n\u0151iess\u00e9ged ezzel a gy\u00f6ny\u00f6r\u0171, gy\u00f6ngyd\u00edszes magas sark\u00fa bokacsizm\u00e1val! Elegant women&#8217;s boots &#8211; A k\u00e9nyelmes b\u00e9l\u00e9s \u00e9s a stabil sarok gondoskodik arr\u00f3l, hogy eg\u00e9sz nap magabiztosan [&hellip;]<\/p>\n","protected":false},"featured_media":2341,"comment_status":"open","ping_status":"closed","template":"","meta":{"_uag_custom_page_level_css":"","site-sidebar-layout":"default","site-content-layout":"","ast-site-content-layout":"default","site-content-style":"default","site-sidebar-style":"default","ast-global-header-display":"","ast-banner-title-visibility":"","ast-main-header-display":"","ast-hfb-above-header-display":"","ast-hfb-below-header-display":"","ast-hfb-mobile-header-display":"","site-post-title":"","ast-breadcrumbs-content":"","ast-featured-img":"","footer-sml-layout":"","theme-transparent-header-meta":"default","adv-header-id-meta":"","stick-header-meta":"","header-above-stick-meta":"","header-main-stick-meta":"","header-below-stick-meta":"","astra-migrate-meta-layouts":"set","ast-page-background-enabled":"default","ast-page-background-meta":{"desktop":{"background-color":"var(--ast-global-color-4)","background-image":"","background-repeat":"repeat","background-position":"center center","background-size":"auto","background-attachment":"scroll","background-type":"","background-media":"","overlay-type":"","overlay-color":"","overlay-opacity":"","overlay-gradient":""},"tablet":{"background-color":"","background-image":"","background-repeat":"repeat","background-position":"center center","background-size":"auto","background-attachment":"scroll","background-type":"","background-media":"","overlay-type":"","overlay-color":"","overlay-opacity":"","overlay-gradient":""},"mobile":{"background-color":"","background-image":"","background-repeat":"repeat","background-position":"center center","background-size":"auto","background-attachment":"scroll","background-type":"","background-media":"","overlay-type":"","overlay-color":"","overlay-opacity":"","overlay-gradient":""}},"ast-content-background-meta":{"desktop":{"background-color":"var(--ast-global-color-5)","background-image":"","background-repeat":"repeat","background-position":"center center","background-size":"auto","background-attachment":"scroll","background-type":"","background-media":"","overlay-type":"","overlay-color":"","overlay-opacity":"","overlay-gradient":""},"tablet":{"background-color":"var(--ast-global-color-5)","background-image":"","background-repeat":"repeat","background-position":"center center","background-size":"auto","background-attachment":"scroll","background-type":"","background-media":"","overlay-type":"","overlay-color":"","overlay-opacity":"","overlay-gradient":""},"mobile":{"background-color":"var(--ast-global-color-5)","background-image":"","background-repeat":"repeat","background-position":"center center","background-size":"auto","background-attachment":"scroll","background-type":"","background-media":"","overlay-type":"","overlay-color":"","overlay-opacity":"","overlay-gradient":""}}},"product_brand":[],"product_cat":[30],"product_tag":[116,119,118,112,117,109,120],"class_list":{"0":"post-2347","1":"product","2":"type-product","3":"status-publish","4":"has-post-thumbnail","6":"product_cat-cipo","7":"product_tag-alkalmi-csizma","8":"product_tag-divatos-bokacsizma","9":"product_tag-elegans-noi-csizma","10":"product_tag-kenyelmes-csizma","11":"product_tag-magas-sarku-csizma","12":"product_tag-noi-csizma","13":"product_tag-teli-cipo","14":"product_shipping_class-free-shipping","15":"desktop-align-left","16":"tablet-align-left","17":"mobile-align-left","19":"first","20":"instock","21":"taxable","22":"shipping-taxable","23":"purchasable","24":"product-type-variable"},"aioseo_notices":[],"uagb_featured_image_src":{"full":["https:\/\/dropking.eu\/wp-content\/uploads\/2025\/08\/6310616b-2d7d-4d56-8368-61dcdfc3d453.jpg",1200,1200,false],"thumbnail":["https:\/\/dropking.eu\/wp-content\/uploads\/2025\/08\/6310616b-2d7d-4d56-8368-61dcdfc3d453-150x150.jpg",150,150,true],"medium":["https:\/\/dropking.eu\/wp-content\/uploads\/2025\/08\/6310616b-2d7d-4d56-8368-61dcdfc3d453-300x300.jpg",300,300,true],"medium_large":["https:\/\/dropking.eu\/wp-content\/uploads\/2025\/08\/6310616b-2d7d-4d56-8368-61dcdfc3d453-768x768.jpg",768,768,true],"large":["https:\/\/dropking.eu\/wp-content\/uploads\/2025\/08\/6310616b-2d7d-4d56-8368-61dcdfc3d453-1024x1024.jpg",1024,1024,true],"1536x1536":["https:\/\/dropking.eu\/wp-content\/uploads\/2025\/08\/6310616b-2d7d-4d56-8368-61dcdfc3d453.jpg",1200,1200,false],"2048x2048":["https:\/\/dropking.eu\/wp-content\/uploads\/2025\/08\/6310616b-2d7d-4d56-8368-61dcdfc3d453.jpg",1200,1200,false],"trp-custom-language-flag":["https:\/\/dropking.eu\/wp-content\/uploads\/2025\/08\/6310616b-2d7d-4d56-8368-61dcdfc3d453-12x12.jpg",12,12,true],"mailpoet_newsletter_max":["https:\/\/dropking.eu\/wp-content\/uploads\/2025\/08\/6310616b-2d7d-4d56-8368-61dcdfc3d453.jpg",1200,1200,false],"woocommerce_thumbnail":["https:\/\/dropking.eu\/wp-content\/uploads\/2025\/08\/6310616b-2d7d-4d56-8368-61dcdfc3d453-300x300.jpg",300,300,true],"woocommerce_single":["https:\/\/dropking.eu\/wp-content\/uploads\/2025\/08\/6310616b-2d7d-4d56-8368-61dcdfc3d453-600x600.jpg",600,600,true],"woocommerce_gallery_thumbnail":["https:\/\/dropking.eu\/wp-content\/uploads\/2025\/08\/6310616b-2d7d-4d56-8368-61dcdfc3d453-100x100.jpg",100,100,true]},"uagb_author_info":{"display_name":"Andrea","author_link":"https:\/\/dropking.eu\/en\/author\/"},"uagb_comment_info":0,"uagb_excerpt":"\u2728 Elegancia minden l\u00e9p\u00e9sben \u2728fedezd fel az Elegant women\u2019s boots var\u00e1zs\u00e1t, amelyek \u00f6tv\u00f6zik a st\u00edlust \u00e9s a k\u00e9nyelmet. A gy\u00f6ny\u00f6r\u0171 gy\u00f6ngyd\u00edsz\u00edt\u00e9s \u00e9s a magas sarok kiemeli n\u0151ies megjelen\u00e9sed\u2026\u201d Emeld ki n\u0151iess\u00e9ged ezzel a gy\u00f6ny\u00f6r\u0171, gy\u00f6ngyd\u00edszes magas sark\u00fa bokacsizm\u00e1val! Elegant women&#8217;s boots &#8211; A k\u00e9nyelmes b\u00e9l\u00e9s \u00e9s a stabil sarok gondoskodik arr\u00f3l, hogy eg\u00e9sz nap magabiztosan&hellip;","_links":{"self":[{"href":"https:\/\/dropking.eu\/en\/wp-json\/wp\/v2\/product\/2347","targetHints":{"allow":["GET"]}}],"collection":[{"href":"https:\/\/dropking.eu\/en\/wp-json\/wp\/v2\/product"}],"about":[{"href":"https:\/\/dropking.eu\/en\/wp-json\/wp\/v2\/types\/product"}],"replies":[{"embeddable":true,"href":"https:\/\/dropking.eu\/en\/wp-json\/wp\/v2\/comments?post=2347"}],"wp:featuredmedia":[{"embeddable":true,"href":"https:\/\/dropking.eu\/en\/wp-json\/wp\/v2\/media\/2341"}],"wp:attachment":[{"href":"https:\/\/dropking.eu\/en\/wp-json\/wp\/v2\/media?parent=2347"}],"wp:term":[{"taxonomy":"product_brand","embeddable":true,"href":"https:\/\/dropking.eu\/en\/wp-json\/wp\/v2\/product_brand?post=2347"},{"taxonomy":"product_cat","embeddable":true,"href":"https:\/\/dropking.eu\/en\/wp-json\/wp\/v2\/product_cat?post=2347"},{"taxonomy":"product_tag","embeddable":true,"href":"https:\/\/dropking.eu\/en\/wp-json\/wp\/v2\/product_tag?post=2347"}],"curies":[{"name":"wp","href":"https:\/\/api.w.org\/{rel}","templated":true}]}}