{"id":2102,"date":"2025-08-21T10:44:35","date_gmt":"2025-08-21T10:44:35","guid":{"rendered":"https:\/\/dropking.eu\/hu_hu\/product\/csaladi-polo-szett-for-daddy-kid-king-and-prince\/"},"modified":"2025-09-03T17:02:43","modified_gmt":"2025-09-03T17:02:43","slug":"family-t-shirt-set-csaladi-polo-szett-for-daddy-kid-king-and-prince","status":"publish","type":"product","link":"https:\/\/dropking.eu\/en\/product\/family-t-shirt-set-csaladi-polo-szett-for-daddy-kid-king-and-prince\/","title":{"rendered":"Csal\u00e1di p\u00f3l\u00f3 szett \u2013 Family t-shirt set For Daddy Kid"},"content":{"rendered":"<h1><strong>Family t-shirt set<\/strong><\/h1>\n<p>\u00d6lt\u00f6zz\u00f6n \u00f6ssze a csal\u00e1d!Ez a family t-shirt set vid\u00e1m \u00e9s egys\u00e9ges megjelen\u00e9st ad\u00f3 p\u00f3l\u00f3k sz\u00fcl\u0151knek \u00e9s gyerekeknek \u2013 t\u00f6k\u00e9letes v\u00e1laszt\u00e1s csal\u00e1di fot\u00f3z\u00e1sokhoz, sz\u00fclet\u00e9snapokra, nyaral\u00e1sokra vagy ak\u00e1r a h\u00e9tk\u00f6znapi k\u00f6z\u00f6s pillanatokhoz.<\/p>\n<p>\u2728 Features:<\/p>\n<ul>\n<li>Material: Cotton, breathable and comfortable to wear<\/li>\n<li>Colors: black, white, gray<\/li>\n<li>Sizes: adult (S\u2013XXL), child (90-150 cm)<\/li>\n<li>Style: casual family outfit<\/li>\n<li>Gift ideal \u2013 parents, grandparents, family holidays<\/li>\n<\/ul>\n<p>M\u00e9retinform\u00e1ci\u00f3: Gyermekm\u00e9retek: 90 cm, 100 cm, 110 cm, 120 cm, 130 cm, 140 cm, 150 cm Feln\u0151ttm\u00e9retek: S, M, L, XL, XXL<\/p>\n<p><b> <span dir=\"auto\" style=\"vertical-align: inherit;\"> <span dir=\"auto\" style=\"vertical-align: inherit;\"><br \/>\n<\/span> <\/span> <\/b><\/p>\n<p><b> <span dir=\"auto\" style=\"vertical-align: inherit;\"> <span dir=\"auto\" style=\"vertical-align: inherit;\">Product information:<\/span> <\/span> <\/b><\/p>\n<p><span dir=\"auto\" style=\"vertical-align: inherit;\"> <span dir=\"auto\" style=\"vertical-align: inherit;\">Alkalmazhat\u00f3 nem: semleges\/f\u00e9rfi \u00e9s n\u0151i <\/span> <\/span><br \/>\n<span dir=\"auto\" style=\"vertical-align: inherit;\"> <span dir=\"auto\" style=\"vertical-align: inherit;\">Sz\u00fcl\u0151-gyermek ruh\u00e1zat kateg\u00f3ria: P\u00f3l\u00f3 <\/span> <\/span><br \/>\n<span dir=\"auto\" style=\"vertical-align: inherit;\"> <span dir=\"auto\" style=\"vertical-align: inherit;\">St\u00edlus: Eur\u00f3pai \u00e9s amerikai <\/span> <\/span><br \/>\n<span dir=\"auto\" style=\"vertical-align: inherit;\"> <span dir=\"auto\" style=\"vertical-align: inherit;\">Anyagtechnol\u00f3gia: csiszol\u00e1s <\/span> <\/span><br \/>\n<span dir=\"auto\" style=\"vertical-align: inherit;\"> <span dir=\"auto\" style=\"vertical-align: inherit;\">Mint\u00e1k: \u00e1llatok, rajzfilmek, bet\u0171k <\/span> <\/span><br \/>\n<span dir=\"auto\" style=\"vertical-align: inherit;\"> <span dir=\"auto\" style=\"vertical-align: inherit;\">Elemek: sport, rajzfilmek, bet\u0171k, aranyos, nyomtat\u00e1s, sz\u00fcl\u0151-gyermek, divatos, eur\u00f3pai \u00e9s amerikai <\/span> <\/span><br \/>\n<span dir=\"auto\" style=\"vertical-align: inherit;\"> <span dir=\"auto\" style=\"vertical-align: inherit;\">Anyag neve: Pamut <\/span> <\/span><br \/>\n<span dir=\"auto\" style=\"vertical-align: inherit;\"> <span dir=\"auto\" style=\"vertical-align: inherit;\">Biztons\u00e1gi szint: B oszt\u00e1ly <\/span> <\/span><br \/>\n<span dir=\"auto\" style=\"vertical-align: inherit;\"> <span dir=\"auto\" style=\"vertical-align: inherit;\">Sz\u00edn: Feh\u00e9r <\/span> <\/span><br \/>\n<span dir=\"auto\" style=\"vertical-align: inherit;\"> <span dir=\"auto\" style=\"vertical-align: inherit;\">St\u00edlus: apa, anya, fi\u00fa, l\u00e1ny<\/span> <\/span><\/p>\n<p><b> <span dir=\"auto\" style=\"vertical-align: inherit;\"> <span dir=\"auto\" style=\"vertical-align: inherit;\">Size information:<\/span> <\/span> <\/b><\/p>\n<p><span dir=\"auto\" style=\"vertical-align: inherit;\"> <span dir=\"auto\" style=\"vertical-align: inherit;\">M\u00e9ret: S, L, XL, XXL, 90 cm, 100 cm, 110 cm, 120 cm, 130 cm, 140 cm, 150 cm<\/span> <\/span><\/p>\n<p><img decoding=\"async\" src=\"https:\/\/cf.cjdropshipping.com\/45dad02f-3ba4-4134-bbf6-93e730ef3fdd.png\" \/><\/p>\n<p><img decoding=\"async\" src=\"https:\/\/cf.cjdropshipping.com\/560bcd05-45db-42e3-b31c-baf75d793d1e.png\" \/><\/p>\n<p><img decoding=\"async\" src=\"https:\/\/cf.cjdropshipping.com\/e8720ba7-10e2-4460-8a4c-ef24df9ef921.png\" \/><\/p>\n<p><b><br \/>\n<\/b><\/p>\n<p><b> <span dir=\"auto\" style=\"vertical-align: inherit;\"> <span dir=\"auto\" style=\"vertical-align: inherit;\">Note:<\/span> <\/span> <\/b><\/p>\n<p><span dir=\"auto\" style=\"vertical-align: inherit;\"> <span dir=\"auto\" style=\"vertical-align: inherit;\">1. Asian sizes are 1-2 sizes too small, smaller than the european and american sizes. Choose the bigger size if two sizes in between. Please allow 2-3 cm deviation for the manual measurement, due to.<\/span> <\/span><\/p>\n<p><span dir=\"auto\" style=\"vertical-align: inherit;\"> <span dir=\"auto\" style=\"vertical-align: inherit;\">2. Please before buying, carefully check the size chart. If you don&#039;t know how to choose size, please contact our customer service.<\/span> <\/span><\/p>\n<p><span dir=\"auto\" style=\"vertical-align: inherit;\"> <span dir=\"auto\" style=\"vertical-align: inherit;\">3. As you know, the different computers different display colors, the actual item color may vary slightly from the following pictures.<\/span> <\/span><\/p>\n<p><b><br \/>\n<\/b><\/p>\n<p><b> <span dir=\"auto\" style=\"vertical-align: inherit;\"> <span dir=\"auto\" style=\"vertical-align: inherit;\">Package list:<\/span> <\/span> <\/b><\/p>\n<p><span dir=\"auto\" style=\"vertical-align: inherit;\"> <span dir=\"auto\" style=\"vertical-align: inherit;\">Pamut sz\u00fcl\u0151-gyermek r\u00f6vid ujj\u00fa*1<\/span> <\/span><\/p>\n<p><img decoding=\"async\" src=\"https:\/\/cf.cjdropshipping.com\/5655d074-f72f-40d4-8c34-c3eab80b899d.jpg\" \/><\/p>\n<p>&nbsp;<\/p>\n<p>&nbsp;<\/p>","protected":false},"excerpt":{"rendered":"<p>Family t-shirt set \u00d6lt\u00f6zz\u00f6n \u00f6ssze a csal\u00e1d!Ez a family t-shirt set vid\u00e1m \u00e9s egys\u00e9ges megjelen\u00e9st ad\u00f3 p\u00f3l\u00f3k sz\u00fcl\u0151knek \u00e9s gyerekeknek \u2013 t\u00f6k\u00e9letes v\u00e1laszt\u00e1s csal\u00e1di fot\u00f3z\u00e1sokhoz, sz\u00fclet\u00e9snapokra, nyaral\u00e1sokra vagy ak\u00e1r a h\u00e9tk\u00f6znapi k\u00f6z\u00f6s pillanatokhoz. \u2728 Jellemz\u0151k: Anyag: Pamut, l\u00e9g\u00e1tereszt\u0151 \u00e9s k\u00e9nyelmes viselet Sz\u00ednek: fekete, feh\u00e9r, sz\u00fcrke M\u00e9retek: feln\u0151tt (S\u2013XXL), gyermek (90\u2013150 cm) St\u00edlus: h\u00e9tk\u00f6znapi, csal\u00e1di viselet [&hellip;]<\/p>\n","protected":false},"featured_media":2094,"comment_status":"open","ping_status":"closed","template":"","meta":{"_uag_custom_page_level_css":"","site-sidebar-layout":"default","site-content-layout":"","ast-site-content-layout":"default","site-content-style":"default","site-sidebar-style":"default","ast-global-header-display":"","ast-banner-title-visibility":"","ast-main-header-display":"","ast-hfb-above-header-display":"","ast-hfb-below-header-display":"","ast-hfb-mobile-header-display":"","site-post-title":"","ast-breadcrumbs-content":"","ast-featured-img":"","footer-sml-layout":"","theme-transparent-header-meta":"default","adv-header-id-meta":"","stick-header-meta":"","header-above-stick-meta":"","header-main-stick-meta":"","header-below-stick-meta":"","astra-migrate-meta-layouts":"set","ast-page-background-enabled":"default","ast-page-background-meta":{"desktop":{"background-color":"var(--ast-global-color-4)","background-image":"","background-repeat":"repeat","background-position":"center center","background-size":"auto","background-attachment":"scroll","background-type":"","background-media":"","overlay-type":"","overlay-color":"","overlay-opacity":"","overlay-gradient":""},"tablet":{"background-color":"","background-image":"","background-repeat":"repeat","background-position":"center center","background-size":"auto","background-attachment":"scroll","background-type":"","background-media":"","overlay-type":"","overlay-color":"","overlay-opacity":"","overlay-gradient":""},"mobile":{"background-color":"","background-image":"","background-repeat":"repeat","background-position":"center center","background-size":"auto","background-attachment":"scroll","background-type":"","background-media":"","overlay-type":"","overlay-color":"","overlay-opacity":"","overlay-gradient":""}},"ast-content-background-meta":{"desktop":{"background-color":"var(--ast-global-color-5)","background-image":"","background-repeat":"repeat","background-position":"center center","background-size":"auto","background-attachment":"scroll","background-type":"","background-media":"","overlay-type":"","overlay-color":"","overlay-opacity":"","overlay-gradient":""},"tablet":{"background-color":"var(--ast-global-color-5)","background-image":"","background-repeat":"repeat","background-position":"center center","background-size":"auto","background-attachment":"scroll","background-type":"","background-media":"","overlay-type":"","overlay-color":"","overlay-opacity":"","overlay-gradient":""},"mobile":{"background-color":"var(--ast-global-color-5)","background-image":"","background-repeat":"repeat","background-position":"center center","background-size":"auto","background-attachment":"scroll","background-type":"","background-media":"","overlay-type":"","overlay-color":"","overlay-opacity":"","overlay-gradient":""}}},"product_brand":[],"product_cat":[28],"product_tag":[85,84,86,83,165,87,164,166],"class_list":{"0":"post-2102","1":"product","2":"type-product","3":"status-publish","4":"has-post-thumbnail","6":"product_cat-ruhazat","7":"product_tag-apa-ajandek","8":"product_tag-apa-fia-ajandek","9":"product_tag-apa-lanya-szett","10":"product_tag-csaladi-szett","11":"product_tag-family-matching-shirt","12":"product_tag-family-shirt","13":"product_tag-family-t-shirt-set","14":"product_tag-father-gift","15":"product_shipping_class-free-shipping","16":"desktop-align-left","17":"tablet-align-left","18":"mobile-align-left","20":"first","21":"instock","22":"taxable","23":"shipping-taxable","24":"purchasable","25":"product-type-variable"},"aioseo_notices":[],"uagb_featured_image_src":{"full":["https:\/\/dropking.eu\/wp-content\/uploads\/2025\/08\/b73a5abb-5783-4b5b-b3f6-ff126327c5d6.jpg",800,800,false],"thumbnail":["https:\/\/dropking.eu\/wp-content\/uploads\/2025\/08\/b73a5abb-5783-4b5b-b3f6-ff126327c5d6-150x150.jpg",150,150,true],"medium":["https:\/\/dropking.eu\/wp-content\/uploads\/2025\/08\/b73a5abb-5783-4b5b-b3f6-ff126327c5d6-300x300.jpg",300,300,true],"medium_large":["https:\/\/dropking.eu\/wp-content\/uploads\/2025\/08\/b73a5abb-5783-4b5b-b3f6-ff126327c5d6-768x768.jpg",768,768,true],"large":["https:\/\/dropking.eu\/wp-content\/uploads\/2025\/08\/b73a5abb-5783-4b5b-b3f6-ff126327c5d6.jpg",800,800,false],"1536x1536":["https:\/\/dropking.eu\/wp-content\/uploads\/2025\/08\/b73a5abb-5783-4b5b-b3f6-ff126327c5d6.jpg",800,800,false],"2048x2048":["https:\/\/dropking.eu\/wp-content\/uploads\/2025\/08\/b73a5abb-5783-4b5b-b3f6-ff126327c5d6.jpg",800,800,false],"trp-custom-language-flag":["https:\/\/dropking.eu\/wp-content\/uploads\/2025\/08\/b73a5abb-5783-4b5b-b3f6-ff126327c5d6-12x12.jpg",12,12,true],"mailpoet_newsletter_max":["https:\/\/dropking.eu\/wp-content\/uploads\/2025\/08\/b73a5abb-5783-4b5b-b3f6-ff126327c5d6.jpg",800,800,false],"woocommerce_thumbnail":["https:\/\/dropking.eu\/wp-content\/uploads\/2025\/08\/b73a5abb-5783-4b5b-b3f6-ff126327c5d6-300x300.jpg",300,300,true],"woocommerce_single":["https:\/\/dropking.eu\/wp-content\/uploads\/2025\/08\/b73a5abb-5783-4b5b-b3f6-ff126327c5d6-600x600.jpg",600,600,true],"woocommerce_gallery_thumbnail":["https:\/\/dropking.eu\/wp-content\/uploads\/2025\/08\/b73a5abb-5783-4b5b-b3f6-ff126327c5d6-100x100.jpg",100,100,true]},"uagb_author_info":{"display_name":"Andrea","author_link":"https:\/\/dropking.eu\/en\/author\/"},"uagb_comment_info":0,"uagb_excerpt":"Family t-shirt set \u00d6lt\u00f6zz\u00f6n \u00f6ssze a csal\u00e1d!Ez a family t-shirt set vid\u00e1m \u00e9s egys\u00e9ges megjelen\u00e9st ad\u00f3 p\u00f3l\u00f3k sz\u00fcl\u0151knek \u00e9s gyerekeknek \u2013 t\u00f6k\u00e9letes v\u00e1laszt\u00e1s csal\u00e1di fot\u00f3z\u00e1sokhoz, sz\u00fclet\u00e9snapokra, nyaral\u00e1sokra vagy ak\u00e1r a h\u00e9tk\u00f6znapi k\u00f6z\u00f6s pillanatokhoz. \u2728 Jellemz\u0151k: Anyag: Pamut, l\u00e9g\u00e1tereszt\u0151 \u00e9s k\u00e9nyelmes viselet Sz\u00ednek: fekete, feh\u00e9r, sz\u00fcrke M\u00e9retek: feln\u0151tt (S\u2013XXL), gyermek (90\u2013150 cm) St\u00edlus: h\u00e9tk\u00f6znapi, csal\u00e1di viselet&hellip;","_links":{"self":[{"href":"https:\/\/dropking.eu\/en\/wp-json\/wp\/v2\/product\/2102","targetHints":{"allow":["GET"]}}],"collection":[{"href":"https:\/\/dropking.eu\/en\/wp-json\/wp\/v2\/product"}],"about":[{"href":"https:\/\/dropking.eu\/en\/wp-json\/wp\/v2\/types\/product"}],"replies":[{"embeddable":true,"href":"https:\/\/dropking.eu\/en\/wp-json\/wp\/v2\/comments?post=2102"}],"wp:featuredmedia":[{"embeddable":true,"href":"https:\/\/dropking.eu\/en\/wp-json\/wp\/v2\/media\/2094"}],"wp:attachment":[{"href":"https:\/\/dropking.eu\/en\/wp-json\/wp\/v2\/media?parent=2102"}],"wp:term":[{"taxonomy":"product_brand","embeddable":true,"href":"https:\/\/dropking.eu\/en\/wp-json\/wp\/v2\/product_brand?post=2102"},{"taxonomy":"product_cat","embeddable":true,"href":"https:\/\/dropking.eu\/en\/wp-json\/wp\/v2\/product_cat?post=2102"},{"taxonomy":"product_tag","embeddable":true,"href":"https:\/\/dropking.eu\/en\/wp-json\/wp\/v2\/product_tag?post=2102"}],"curies":[{"name":"wp","href":"https:\/\/api.w.org\/{rel}","templated":true}]}}