{"id":1883,"date":"2025-08-20T13:58:48","date_gmt":"2025-08-20T13:58:48","guid":{"rendered":"https:\/\/dropking.eu\/hu_hu\/product\/ai-three-generation-smart-bluetooth-glasses-magnetic-frame-sunglasses-men\/"},"modified":"2025-09-06T13:41:30","modified_gmt":"2025-09-06T13:41:30","slug":"three-generation-ai-smart-bluetooth-glasses-magnetic-frame-sunglasses-men","status":"publish","type":"product","link":"https:\/\/dropking.eu\/en\/product\/three-generation-ai-smart-bluetooth-glasses-magnetic-frame-sunglasses-men\/","title":{"rendered":"3. gener\u00e1ci\u00f3s AI okos Bluetooth napszem\u00fcveg f\u00e9rfiaknak"},"content":{"rendered":"<h1>P\u00e1ratlan innov\u00e1ci\u00f3 k\u00e9zn\u00e9l<\/h1>\n<p>L\u00e9pjen be a hordhat\u00f3 technol\u00f3gia j\u00f6v\u0151j\u00e9be az AI Smart Bluetooth Glasses szem\u00fcveggel. A modern \u00e9letm\u00f3dhoz tervezt\u00e9k, ezek a szem\u00fcveg kombin\u00e1lj\u00e1k az \u00e9lvonalbeli mesters\u00e9ges intelligenci\u00e1t a z\u00f6kken\u0151mentes \u00f6sszek\u00f6ttet\u00e9sekkel, hogy p\u00e1ratlan k\u00e9nyelmet \u00e9s hat\u00e9konys\u00e1got biztos\u00edtsanak. F\u00fcggetlen\u00fcl att\u00f3l, hogy mozg\u00e1sban van, dolgozik vagy pihen,<br \/>\nEzek a szem\u00fcvegek a v\u00e9gs\u0151 tartoz\u00e9k, hogy minden pillanatban jav\u00edts\u00e1k.<\/p>\n<h2>A kiv\u00e1l\u00f3 funkcionalit\u00e1s megfelel a karcs\u00fa diz\u00e1jnnak<\/h2>\n<p>Eszt\u00e9tikai szempontb\u00f3l kellemes kialak\u00edt\u00e1s\u00fa AI Smart Bluetooth szem\u00fcveg\u00fcnk nem csup\u00e1n st\u00edlust k\u00edn\u00e1l &#8211; \u00fajradefini\u00e1lj\u00e1k a funkcionalit\u00e1st. Az integr\u00e1lt AI rendszer val\u00f3s idej\u0171 seg\u00edts\u00e9get ny\u00fajt, hangjelz\u0151 k\u00e9pess\u00e9geket,<br \/>\n\u00e9s az er\u0151fesz\u00edt\u00e9s n\u00e9lk\u00fcli interakci\u00f3 intuit\u00edv ellen\u0151rz\u00e9se. Szinkroniz\u00e1lja \u0151ket okostelefonj\u00e1val a h\u00edv\u00e1sok, az \u00e9rtes\u00edt\u00e9sek \u00e9s a zene kezel\u00e9se \u00e9rdek\u00e9ben, mindezt az ujj emel\u00e9se n\u00e9lk\u00fcl.<\/p>\n<p>A fejlett zajsz\u0171r\u0151 mikrofonokkal \u00e9s a pr\u00e9mium audio kimenetkel a besz\u00e9lget\u00e9sek \u00e9s a hallgat\u00e1si \u00e9lm\u00e9ny krist\u00e1lytiszta. K\u00f6nny\u0171, tart\u00f3s \u00e9s ergon\u00f3miailag tervezett,<br \/>\nEzek az intelligens szem\u00fcvegek biztos\u00edtj\u00e1k a maxim\u00e1lis k\u00e9nyelmet, m\u00e9g hosszabb ideig is.<\/p>\n<h2>Ai sart bluetooth glasses &#8211; V\u00e9gs\u0151 k\u00e9nyelem z\u00f6kken\u0151mentes kapcsolatokkal<\/h2>\n<p>\u00c9lvezze a szabads\u00e1g \u00faj szintj\u00e9t a Bluetooth 5.0 csatlakoztathat\u00f3s\u00e1ggal, amely biztos\u00edtja a gyors p\u00e1ros\u00edt\u00e1st \u00e9s a stabil csatlakoz\u00e1st. Az AI intelligens Bluetooth szem\u00fcveg felhatalmazza \u00d6nt a kihangos\u00edt\u00f3 funkci\u00f3k felt\u00e1r\u00e1s\u00e1ra,<br \/>\nlehet\u0151v\u00e9 t\u00e9ve, hogy tov\u00e1bbra is \u00f6sszpontos\u00edtson arra, ami a legfontosabb, mik\u00f6zben k\u00f6lcs\u00f6nhat\u00e1sba l\u00e9p a digit\u00e1lis vil\u00e1g\u00e1val. Ak\u00e1r az \u00fatmutat\u00e1sok navig\u00e1l\u00e1sa, a napt\u00e1ri esem\u00e9nyek ellen\u0151rz\u00e9se vagy az \u00fczenetek v\u00e1laszol\u00e1sa, a be\u00e9p\u00edtett AI asszisztens k\u00e9szen \u00e1ll a seg\u00edts\u00e9gre.<\/p>\n<p>A szem\u00fcveg intelligens \u00e9rz\u00e9kel\u0151kkel is felszerelt,<br \/>\nA belt\u00e9ri \u00e9s a k\u00fclt\u00e9ri haszn\u00e1lat sor\u00e1n a vil\u00e1g\u00edt\u00e1si k\u00f6r\u00fclm\u00e9nyekhez val\u00f3 automatikusan alkalmazkodik a vil\u00e1g\u00edt\u00e1si k\u00f6r\u00fclm\u00e9nyekhez. Legfeljebb 8 \u00f3r\u00e1s akkumul\u00e1tor \u00e9lettartammal kombin\u00e1lva ezek a szem\u00fcvegek t\u00f6k\u00e9letesek a legforgalmasabb napokhoz.<\/p>\n<p>Mi\u00e9rt v\u00e1lassza ki az AI intelligens Bluetooth szem\u00fcveg\u00fcnket?<\/p>\n<p>\u00d6lelje \u00e1t az innov\u00e1ci\u00f3t, \u00e9s emelje \u00e9letm\u00f3dj\u00e1t az AI intelligens Bluetooth szem\u00fcveg\u00fcnkkel.<br \/>\nT\u00f6k\u00e9letes a technol\u00f3giai rajong\u00f3k \u00e9s a mindennapi felhaszn\u00e1l\u00f3k sz\u00e1m\u00e1ra, ez az egyed\u00fcl\u00e1ll\u00f3 kieg\u00e9sz\u00edt\u0151 z\u00f6kken\u0151mentesen \u00f6tv\u00f6zi a st\u00edlust, a technol\u00f3gi\u00e1t \u00e9s a gyakorlati hasznoss\u00e1got. Fokozza a termel\u00e9kenys\u00e9get, egyszer\u0171s\u00edtse a napi feladatokat, \u00e9s \u00e9lvezze a sz\u00f3rakoz\u00e1st, mint m\u00e9g soha.<\/p>\n<p>Szerezd meg a-<br \/>\nPowered Smart Bluetooth szem\u00fcveg ma, \u00e9s megtapasztalja a k\u00e9nyelem \u00e9s az \u00f6sszekapcsolhat\u00f3s\u00e1g j\u00f6v\u0151j\u00e9t k\u00f6zvetlen\u00fcl az arc\u00e1n!<\/p>","protected":false},"excerpt":{"rendered":"<p>P\u00e1ratlan innov\u00e1ci\u00f3 k\u00e9zn\u00e9l L\u00e9pjen be a hordhat\u00f3 technol\u00f3gia j\u00f6v\u0151j\u00e9be az AI Smart Bluetooth Glasses szem\u00fcveggel. A modern \u00e9letm\u00f3dhoz tervezt\u00e9k, ezek a szem\u00fcveg kombin\u00e1lj\u00e1k az \u00e9lvonalbeli mesters\u00e9ges intelligenci\u00e1t a z\u00f6kken\u0151mentes \u00f6sszek\u00f6ttet\u00e9sekkel, hogy p\u00e1ratlan k\u00e9nyelmet \u00e9s hat\u00e9konys\u00e1got biztos\u00edtsanak. F\u00fcggetlen\u00fcl att\u00f3l, hogy mozg\u00e1sban van, dolgozik vagy pihen, Ezek a szem\u00fcvegek a v\u00e9gs\u0151 tartoz\u00e9k, hogy minden pillanatban jav\u00edts\u00e1k. A [&hellip;]<\/p>\n","protected":false},"featured_media":1877,"comment_status":"open","ping_status":"closed","template":"","meta":{"_uag_custom_page_level_css":"","site-sidebar-layout":"default","site-content-layout":"","ast-site-content-layout":"default","site-content-style":"default","site-sidebar-style":"default","ast-global-header-display":"","ast-banner-title-visibility":"","ast-main-header-display":"","ast-hfb-above-header-display":"","ast-hfb-below-header-display":"","ast-hfb-mobile-header-display":"","site-post-title":"","ast-breadcrumbs-content":"","ast-featured-img":"","footer-sml-layout":"","theme-transparent-header-meta":"default","adv-header-id-meta":"","stick-header-meta":"","header-above-stick-meta":"","header-main-stick-meta":"","header-below-stick-meta":"","astra-migrate-meta-layouts":"set","ast-page-background-enabled":"default","ast-page-background-meta":{"desktop":{"background-color":"var(--ast-global-color-4)","background-image":"","background-repeat":"repeat","background-position":"center center","background-size":"auto","background-attachment":"scroll","background-type":"","background-media":"","overlay-type":"","overlay-color":"","overlay-opacity":"","overlay-gradient":""},"tablet":{"background-color":"","background-image":"","background-repeat":"repeat","background-position":"center center","background-size":"auto","background-attachment":"scroll","background-type":"","background-media":"","overlay-type":"","overlay-color":"","overlay-opacity":"","overlay-gradient":""},"mobile":{"background-color":"","background-image":"","background-repeat":"repeat","background-position":"center center","background-size":"auto","background-attachment":"scroll","background-type":"","background-media":"","overlay-type":"","overlay-color":"","overlay-opacity":"","overlay-gradient":""}},"ast-content-background-meta":{"desktop":{"background-color":"var(--ast-global-color-5)","background-image":"","background-repeat":"repeat","background-position":"center center","background-size":"auto","background-attachment":"scroll","background-type":"","background-media":"","overlay-type":"","overlay-color":"","overlay-opacity":"","overlay-gradient":""},"tablet":{"background-color":"var(--ast-global-color-5)","background-image":"","background-repeat":"repeat","background-position":"center center","background-size":"auto","background-attachment":"scroll","background-type":"","background-media":"","overlay-type":"","overlay-color":"","overlay-opacity":"","overlay-gradient":""},"mobile":{"background-color":"var(--ast-global-color-5)","background-image":"","background-repeat":"repeat","background-position":"center center","background-size":"auto","background-attachment":"scroll","background-type":"","background-media":"","overlay-type":"","overlay-color":"","overlay-opacity":"","overlay-gradient":""}}},"product_brand":[],"product_cat":[22],"product_tag":[49,51,52,48,53,50,54],"class_list":{"0":"post-1883","1":"product","2":"type-product","3":"status-publish","4":"has-post-thumbnail","6":"product_cat-tech-telefon","7":"product_tag-ai-translator","8":"product_tag-bluetooth-glasses","9":"product_tag-phone-accessory","10":"product_tag-smart-glasses","11":"product_tag-tech-gadget","12":"product_tag-voice-translator","13":"product_tag-wireless-glasses","14":"product_shipping_class-free-shipping","15":"desktop-align-left","16":"tablet-align-left","17":"mobile-align-left","19":"first","20":"instock","21":"taxable","22":"shipping-taxable","23":"purchasable","24":"product-type-variable"},"aioseo_notices":[],"uagb_featured_image_src":{"full":["https:\/\/dropking.eu\/wp-content\/uploads\/2025\/08\/a56a7dc9-84a2-42a7-bd7d-14acff764338_trans.jpeg",894,894,false],"thumbnail":["https:\/\/dropking.eu\/wp-content\/uploads\/2025\/08\/a56a7dc9-84a2-42a7-bd7d-14acff764338_trans-150x150.jpeg",150,150,true],"medium":["https:\/\/dropking.eu\/wp-content\/uploads\/2025\/08\/a56a7dc9-84a2-42a7-bd7d-14acff764338_trans-300x300.jpeg",300,300,true],"medium_large":["https:\/\/dropking.eu\/wp-content\/uploads\/2025\/08\/a56a7dc9-84a2-42a7-bd7d-14acff764338_trans-768x768.jpeg",768,768,true],"large":["https:\/\/dropking.eu\/wp-content\/uploads\/2025\/08\/a56a7dc9-84a2-42a7-bd7d-14acff764338_trans.jpeg",894,894,false],"1536x1536":["https:\/\/dropking.eu\/wp-content\/uploads\/2025\/08\/a56a7dc9-84a2-42a7-bd7d-14acff764338_trans.jpeg",894,894,false],"2048x2048":["https:\/\/dropking.eu\/wp-content\/uploads\/2025\/08\/a56a7dc9-84a2-42a7-bd7d-14acff764338_trans.jpeg",894,894,false],"trp-custom-language-flag":["https:\/\/dropking.eu\/wp-content\/uploads\/2025\/08\/a56a7dc9-84a2-42a7-bd7d-14acff764338_trans-12x12.jpeg",12,12,true],"mailpoet_newsletter_max":["https:\/\/dropking.eu\/wp-content\/uploads\/2025\/08\/a56a7dc9-84a2-42a7-bd7d-14acff764338_trans.jpeg",894,894,false],"woocommerce_thumbnail":["https:\/\/dropking.eu\/wp-content\/uploads\/2025\/08\/a56a7dc9-84a2-42a7-bd7d-14acff764338_trans-300x300.jpeg",300,300,true],"woocommerce_single":["https:\/\/dropking.eu\/wp-content\/uploads\/2025\/08\/a56a7dc9-84a2-42a7-bd7d-14acff764338_trans-600x600.jpeg",600,600,true],"woocommerce_gallery_thumbnail":["https:\/\/dropking.eu\/wp-content\/uploads\/2025\/08\/a56a7dc9-84a2-42a7-bd7d-14acff764338_trans-100x100.jpeg",100,100,true]},"uagb_author_info":{"display_name":"Andrea","author_link":"https:\/\/dropking.eu\/en\/author\/"},"uagb_comment_info":0,"uagb_excerpt":"P\u00e1ratlan innov\u00e1ci\u00f3 k\u00e9zn\u00e9l L\u00e9pjen be a hordhat\u00f3 technol\u00f3gia j\u00f6v\u0151j\u00e9be az AI Smart Bluetooth Glasses szem\u00fcveggel. A modern \u00e9letm\u00f3dhoz tervezt\u00e9k, ezek a szem\u00fcveg kombin\u00e1lj\u00e1k az \u00e9lvonalbeli mesters\u00e9ges intelligenci\u00e1t a z\u00f6kken\u0151mentes \u00f6sszek\u00f6ttet\u00e9sekkel, hogy p\u00e1ratlan k\u00e9nyelmet \u00e9s hat\u00e9konys\u00e1got biztos\u00edtsanak. F\u00fcggetlen\u00fcl att\u00f3l, hogy mozg\u00e1sban van, dolgozik vagy pihen, Ezek a szem\u00fcvegek a v\u00e9gs\u0151 tartoz\u00e9k, hogy minden pillanatban jav\u00edts\u00e1k. A&hellip;","_links":{"self":[{"href":"https:\/\/dropking.eu\/en\/wp-json\/wp\/v2\/product\/1883","targetHints":{"allow":["GET"]}}],"collection":[{"href":"https:\/\/dropking.eu\/en\/wp-json\/wp\/v2\/product"}],"about":[{"href":"https:\/\/dropking.eu\/en\/wp-json\/wp\/v2\/types\/product"}],"replies":[{"embeddable":true,"href":"https:\/\/dropking.eu\/en\/wp-json\/wp\/v2\/comments?post=1883"}],"wp:featuredmedia":[{"embeddable":true,"href":"https:\/\/dropking.eu\/en\/wp-json\/wp\/v2\/media\/1877"}],"wp:attachment":[{"href":"https:\/\/dropking.eu\/en\/wp-json\/wp\/v2\/media?parent=1883"}],"wp:term":[{"taxonomy":"product_brand","embeddable":true,"href":"https:\/\/dropking.eu\/en\/wp-json\/wp\/v2\/product_brand?post=1883"},{"taxonomy":"product_cat","embeddable":true,"href":"https:\/\/dropking.eu\/en\/wp-json\/wp\/v2\/product_cat?post=1883"},{"taxonomy":"product_tag","embeddable":true,"href":"https:\/\/dropking.eu\/en\/wp-json\/wp\/v2\/product_tag?post=1883"}],"curies":[{"name":"wp","href":"https:\/\/api.w.org\/{rel}","templated":true}]}}