{"id":1853,"date":"2025-08-20T08:47:13","date_gmt":"2025-08-20T08:47:13","guid":{"rendered":"https:\/\/dropking.eu\/hu_hu\/product\/wireless-optical-pen-mouse\/"},"modified":"2025-09-03T17:02:45","modified_gmt":"2025-09-03T17:02:45","slug":"wireless-optical-mouse-pen-vezetek-nelkuli-optikai-eger","status":"publish","type":"product","link":"https:\/\/dropking.eu\/en\/product\/wireless-optical-mouse-pen-vezetek-nelkuli-optikai-eger\/","title":{"rendered":"Wireless Optical Mouse Pen-vezet\u00e9k n\u00e9lk\u00fcli optikai eg\u00e9r"},"content":{"rendered":"<p><span dir=\"auto\" style=\"vertical-align: inherit;\">Wireless optical mouse pen-<span dir=\"auto\" style=\"vertical-align: inherit;\">Forradalmi vezet\u00e9k n\u00e9lk\u00fcli toll eg\u00e9r! K\u00e9nyelmes, ergonomikus kialak\u00edt\u00e1s\u00fa, amely cs\u00f6kkenti a k\u00e9zf\u00e1jdalmat \u00e9s pontosabb\u00e1 teszi a munk\u00e1t. T\u00f6k\u00e9letes di\u00e1koknak, gamereknek \u00e9s irodai dolgoz\u00f3knak<\/span> <\/span><\/p>\n<p>&nbsp;<\/p>\n<p><span dir=\"auto\" style=\"vertical-align: inherit;\"> <span dir=\"auto\" style=\"vertical-align: inherit;\">Wireless Optikai Toll Eg\u00e9r \u2013 Ergonomikus \u00e9s hordozhat\u00f3 megold\u00e1s<\/span> <\/span><\/p>\n<p><span dir=\"auto\" style=\"vertical-align: inherit;\"> <span dir=\"auto\" style=\"vertical-align: inherit;\">Unod m\u00e1r a hagyom\u00e1nyos egereket, amelyek k\u00e9nyelmesek hosszabb haszn\u00e1lat sor\u00e1n? Ismerd meg a vezet\u00e9k n\u00e9lk\u00fcli optikai \u00fatd\u00edj egeret, amely a modern technol\u00f3gia \u00e9s az ergon\u00f3mia t\u00f6k\u00e9letes \u00f6tv\u00f6zete.<\/span> <\/span><\/p>\n<p><span dir=\"auto\" style=\"vertical-align: inherit;\"> <span dir=\"auto\" style=\"vertical-align: inherit;\">\u2714 K\u00e9nyelmes toll form\u00e1j\u00fa kialak\u00edt\u00e1s \u2013 term\u00e9szetes k\u00e9ztart\u00e1s, kevesebb csukl\u00f3- \u00e9s k\u00e9zf\u00e1jdalom. \u2714 Vezet\u00e9k n\u00e9lk\u00fcli szabads\u00e1g \u2013 USB-vev\u0151vel pillanatok alatt csatlakoztathat\u00f3 laptophoz, PC-hez vagy ak\u00e1r okos TV-hez. \u2714 Prec\u00edz optikai \u00e9rz\u00e9kel\u0151 \u2013 pontos kurzormozg\u00e1s dokumentumok szerkeszt\u00e9s\u00e9hez, grafikai munk\u00e1khoz vagy j\u00e1t\u00e9khoz. \u2714 Hordozhat\u00f3 \u00e9s k\u00f6nny\u0171 \u2013 mind\u00f6ssze 70 g, \u00edgy b\u00e1rhov\u00e1 magaddal viheted. \u2714 Univerz\u00e1lis kompatibilit\u00e1s \u2013 Windows, Mac \u00e9s Linux rendszerekkel is m\u0171k\u00f6dik.<\/span> <\/span><\/p>\n<p><span dir=\"auto\" style=\"vertical-align: inherit;\"> <span dir=\"auto\" style=\"vertical-align: inherit;\">Ez a toll eg\u00e9r ide\u00e1lis v\u00e1laszt\u00e1s:<\/span> <\/span><\/p>\n<ul>\n<li><span dir=\"auto\" style=\"vertical-align: inherit;\"> <span dir=\"auto\" style=\"vertical-align: inherit;\">di\u00e1koknak \u00e9s irodai dolgoz\u00f3knak,<\/span> <\/span><\/li>\n<li><span dir=\"auto\" style=\"vertical-align: inherit;\"> <span dir=\"auto\" style=\"vertical-align: inherit;\">grafikusoknak \u00e9s prezent\u00e1ci\u00f3khoz,<\/span> <\/span><\/li>\n<li><span dir=\"auto\" style=\"vertical-align: inherit;\"> <span dir=\"auto\" style=\"vertical-align: inherit;\">vagy b\u00e1rkinek, aki szeretn\u00e9 k\u00e9nyelmesebb\u00e9 tenni a mindennapi sz\u00e1m\u00edt\u00f3g\u00e9p-haszn\u00e1latot.<\/span> <\/span><\/li>\n<\/ul>\n<p>&nbsp;<\/p>\n<p>&nbsp;<\/p>\n<p><span dir=\"auto\" style=\"vertical-align: inherit;\"> <span dir=\"auto\" style=\"vertical-align: inherit;\"> Extra tipp: T\u00f6k\u00e9letes aj\u00e1nd\u00e9k technol\u00f3gia-rajong\u00f3knak, gamereknek vagy azoknak, akik sok id\u0151t t\u00f6ltenek a g\u00e9p el\u0151tt.<\/span> <\/span><\/p>\n<p><span dir=\"auto\" style=\"vertical-align: inherit;\"> <span dir=\"auto\" style=\"vertical-align: inherit;\"><br \/>\n<\/span> <\/span><\/p>\n<p><span dir=\"auto\" style=\"vertical-align: inherit;\"> <span dir=\"auto\" style=\"vertical-align: inherit;\">\u25cf \u00daj \u00e9s kiv\u00e1l\u00f3 min\u0151s\u00e9g\u0171 <\/span> <\/span><br \/>\n<span dir=\"auto\" style=\"vertical-align: inherit;\"> <span dir=\"auto\" style=\"vertical-align: inherit;\">\u25cf 2,4 GHz-es vezet\u00e9k n\u00e9lk\u00fcli kapcsolat, ak\u00e1r 10 m m\u0171k\u00f6d\u00e9si t\u00e1vols\u00e1g (k\u00f6rnyezett\u0151l f\u00fcgg\u0151en) <\/span> <\/span><br \/>\n<span dir=\"auto\" style=\"vertical-align: inherit;\"> <span dir=\"auto\" style=\"vertical-align: inherit;\">\u25cf Energiatakar\u00e9kos: Ha nincs 2,4 GHz-es jel, automatikusan kikapcsol. <\/span> <\/span><br \/>\n<span dir=\"auto\" style=\"vertical-align: inherit;\"> <span dir=\"auto\" style=\"vertical-align: inherit;\">\u25cf Ergonomikus kialak\u00edt\u00e1s, k\u00e9nyelmesen illeszkedik a k\u00e9zbe, alacsony fesz\u00fclts\u00e9g\u0171 riaszt\u00e1si funkci\u00f3, eml\u00e9keztet az akkumul\u00e1tor id\u0151ben t\u00f6rt\u00e9n\u0151 cser\u00e9j\u00e9re. <\/span> <\/span><br \/>\n<span dir=\"auto\" style=\"vertical-align: inherit;\"> <span dir=\"auto\" style=\"vertical-align: inherit;\">\u25cf Toll alak\u00fa, k\u00fcl\u00f6n\u00f6sen alkalmas k\u00e9z\u00edr\u00e1shoz. Val\u00f3di plug and play, nincs sz\u00fcks\u00e9g tov\u00e1bbi illeszt\u0151programra. <\/span> <\/span><\/p>\n<p><span dir=\"auto\" style=\"vertical-align: inherit;\"> <span dir=\"auto\" style=\"vertical-align: inherit;\">Term\u00e9kle\u00edr\u00e1sok: <\/span> <\/span><\/p>\n<p><span dir=\"auto\" style=\"vertical-align: inherit;\"> <span dir=\"auto\" style=\"vertical-align: inherit;\">Vadonat\u00faj \u00e9s kiv\u00e1l\u00f3 min\u0151s\u00e9g\u0171 <\/span> <\/span><br \/>\n<span dir=\"auto\" style=\"vertical-align: inherit;\"> <span dir=\"auto\" style=\"vertical-align: inherit;\">2,4 GHz-es vezet\u00e9k n\u00e9lk\u00fcli kapcsolat, ak\u00e1r 10 m m\u0171k\u00f6d\u00e9si t\u00e1vols\u00e1g (k\u00f6rnyezett\u0151l f\u00fcgg\u0151en). <\/span> <\/span><br \/>\n<span dir=\"auto\" style=\"vertical-align: inherit;\"> <span dir=\"auto\" style=\"vertical-align: inherit;\">Energiatakar\u00e9kos: ha nincs 2,4 GHz-es jel, automatikusan kikapcsol. <\/span> <\/span><br \/>\n<span dir=\"auto\" style=\"vertical-align: inherit;\"> <span dir=\"auto\" style=\"vertical-align: inherit;\">Ergonomikus kialak\u00edt\u00e1s, k\u00e9nyelmesen illeszkedik a k\u00e9zbe, alacsony fesz\u00fclts\u00e9g\u0171 riaszt\u00e1si funkci\u00f3, eml\u00e9keztet az akkumul\u00e1tor id\u0151ben t\u00f6rt\u00e9n\u0151 cser\u00e9j\u00e9re. <\/span> <\/span><\/p>\n<p><span dir=\"auto\" style=\"vertical-align: inherit;\"> <span dir=\"auto\" style=\"vertical-align: inherit;\">Specifik\u00e1ci\u00f3k: <\/span> <\/span><br \/>\n<span dir=\"auto\" style=\"vertical-align: inherit;\"> <span dir=\"auto\" style=\"vertical-align: inherit;\">* M\u0171k\u00f6d\u00e9si frekvencia: 2402 MHz-2480 MHz <\/span> <\/span><br \/>\n<span dir=\"auto\" style=\"vertical-align: inherit;\"> <span dir=\"auto\" style=\"vertical-align: inherit;\">* \u00c1tviteli t\u00e1vols\u00e1g:&gt; 10M, 360\u00b0 <\/span> <\/span><br \/>\n<span dir=\"auto\" style=\"vertical-align: inherit;\"> <span dir=\"auto\" style=\"vertical-align: inherit;\">* \u00c1ll\u00edthat\u00f3 felbont\u00e1s: 500 \/ 1000cpi <\/span> <\/span><br \/>\n<span dir=\"auto\" style=\"vertical-align: inherit;\"> <span dir=\"auto\" style=\"vertical-align: inherit;\">* K\u00f6vet\u00e9si rendszer: Optical <\/span> <\/span><br \/>\n<span dir=\"auto\" style=\"vertical-align: inherit;\"> <span dir=\"auto\" style=\"vertical-align: inherit;\">* \u00dczemi \u00e1ramer\u0151ss\u00e9g: 15mA <\/span> <\/span><br \/>\n<span dir=\"auto\" style=\"vertical-align: inherit;\"> <span dir=\"auto\" style=\"vertical-align: inherit;\">* T\u00e1pell\u00e1t\u00e1s: 1.5V AAA * 1 <\/span> <\/span><br \/>\n<span dir=\"auto\" style=\"vertical-align: inherit;\"> <span dir=\"auto\" style=\"vertical-align: inherit;\">* Rendszerk\u00f6vetelm\u00e9nyek: Windows98, XP, Vista, Windows7, Tablet PC, Mac OS X, Linux <\/span> <\/span><\/p>\n<p><span dir=\"auto\" style=\"vertical-align: inherit;\"> <span dir=\"auto\" style=\"vertical-align: inherit;\">A csomag tartalma: <\/span> <\/span><br \/>\n<span dir=\"auto\" style=\"vertical-align: inherit;\"> <span dir=\"auto\" style=\"vertical-align: inherit;\">1 * Eg\u00e9r toll <\/span> <\/span><br \/>\n<span dir=\"auto\" style=\"vertical-align: inherit;\"> <span dir=\"auto\" style=\"vertical-align: inherit;\">1 * 2.4 GHz-es USB vev\u0151 <\/span> <\/span><br \/>\n<span dir=\"auto\" style=\"vertical-align: inherit;\"> <span dir=\"auto\" style=\"vertical-align: inherit;\">1 * t\u00e1mogat\u00e1s<\/span> <\/span><\/p>\n<p>&nbsp;<\/p>","protected":false},"excerpt":{"rendered":"<p>Wireless optical mouse pen-Forradalmi vezet\u00e9k n\u00e9lk\u00fcli toll eg\u00e9r! K\u00e9nyelmes, ergonomikus kialak\u00edt\u00e1s\u00fa, amely cs\u00f6kkenti a k\u00e9zf\u00e1jdalmat \u00e9s pontosabb\u00e1 teszi a munk\u00e1t. T\u00f6k\u00e9letes di\u00e1koknak, gamereknek \u00e9s irodai dolgoz\u00f3knak &nbsp; Wireless Optikai Toll Eg\u00e9r \u2013 Ergonomikus \u00e9s hordozhat\u00f3 megold\u00e1s Unod m\u00e1r a hagyom\u00e1nyos egereket, amelyek k\u00e9nyelmesek hosszabb haszn\u00e1lat sor\u00e1n? Ismerd meg a vezet\u00e9k n\u00e9lk\u00fcli optikai \u00fatd\u00edj egeret, amely [&hellip;]<\/p>\n","protected":false},"featured_media":1846,"comment_status":"open","ping_status":"closed","template":"","meta":{"_uag_custom_page_level_css":"","site-sidebar-layout":"default","site-content-layout":"","ast-site-content-layout":"default","site-content-style":"default","site-sidebar-style":"default","ast-global-header-display":"","ast-banner-title-visibility":"","ast-main-header-display":"","ast-hfb-above-header-display":"","ast-hfb-below-header-display":"","ast-hfb-mobile-header-display":"","site-post-title":"","ast-breadcrumbs-content":"","ast-featured-img":"","footer-sml-layout":"","theme-transparent-header-meta":"default","adv-header-id-meta":"","stick-header-meta":"","header-above-stick-meta":"","header-main-stick-meta":"","header-below-stick-meta":"","astra-migrate-meta-layouts":"set","ast-page-background-enabled":"default","ast-page-background-meta":{"desktop":{"background-color":"var(--ast-global-color-4)","background-image":"","background-repeat":"repeat","background-position":"center center","background-size":"auto","background-attachment":"scroll","background-type":"","background-media":"","overlay-type":"","overlay-color":"","overlay-opacity":"","overlay-gradient":""},"tablet":{"background-color":"","background-image":"","background-repeat":"repeat","background-position":"center center","background-size":"auto","background-attachment":"scroll","background-type":"","background-media":"","overlay-type":"","overlay-color":"","overlay-opacity":"","overlay-gradient":""},"mobile":{"background-color":"","background-image":"","background-repeat":"repeat","background-position":"center center","background-size":"auto","background-attachment":"scroll","background-type":"","background-media":"","overlay-type":"","overlay-color":"","overlay-opacity":"","overlay-gradient":""}},"ast-content-background-meta":{"desktop":{"background-color":"var(--ast-global-color-5)","background-image":"","background-repeat":"repeat","background-position":"center center","background-size":"auto","background-attachment":"scroll","background-type":"","background-media":"","overlay-type":"","overlay-color":"","overlay-opacity":"","overlay-gradient":""},"tablet":{"background-color":"var(--ast-global-color-5)","background-image":"","background-repeat":"repeat","background-position":"center center","background-size":"auto","background-attachment":"scroll","background-type":"","background-media":"","overlay-type":"","overlay-color":"","overlay-opacity":"","overlay-gradient":""},"mobile":{"background-color":"var(--ast-global-color-5)","background-image":"","background-repeat":"repeat","background-position":"center center","background-size":"auto","background-attachment":"scroll","background-type":"","background-media":"","overlay-type":"","overlay-color":"","overlay-opacity":"","overlay-gradient":""}}},"product_brand":[],"product_cat":[22],"product_tag":[35,38,37,39,36,40],"class_list":{"0":"post-1853","1":"product","2":"type-product","3":"status-publish","4":"has-post-thumbnail","6":"product_cat-tech-telefon","7":"product_tag-computer-gadgets","8":"product_tag-ergonomic-mouse","9":"product_tag-laptop-accessory","10":"product_tag-optical-pen","11":"product_tag-portable-mouse","12":"product_tag-wireless-mouse","13":"product_shipping_class-free-shipping","14":"desktop-align-left","15":"tablet-align-left","16":"mobile-align-left","18":"first","19":"instock","20":"taxable","21":"shipping-taxable","22":"purchasable","23":"product-type-variable"},"aioseo_notices":[],"uagb_featured_image_src":{"full":["https:\/\/dropking.eu\/wp-content\/uploads\/2025\/08\/114329867904.jpg",732,732,false],"thumbnail":["https:\/\/dropking.eu\/wp-content\/uploads\/2025\/08\/114329867904-150x150.jpg",150,150,true],"medium":["https:\/\/dropking.eu\/wp-content\/uploads\/2025\/08\/114329867904-300x300.jpg",300,300,true],"medium_large":["https:\/\/dropking.eu\/wp-content\/uploads\/2025\/08\/114329867904.jpg",732,732,false],"large":["https:\/\/dropking.eu\/wp-content\/uploads\/2025\/08\/114329867904.jpg",732,732,false],"1536x1536":["https:\/\/dropking.eu\/wp-content\/uploads\/2025\/08\/114329867904.jpg",732,732,false],"2048x2048":["https:\/\/dropking.eu\/wp-content\/uploads\/2025\/08\/114329867904.jpg",732,732,false],"trp-custom-language-flag":["https:\/\/dropking.eu\/wp-content\/uploads\/2025\/08\/114329867904-12x12.jpg",12,12,true],"mailpoet_newsletter_max":["https:\/\/dropking.eu\/wp-content\/uploads\/2025\/08\/114329867904.jpg",732,732,false],"woocommerce_thumbnail":["https:\/\/dropking.eu\/wp-content\/uploads\/2025\/08\/114329867904-300x300.jpg",300,300,true],"woocommerce_single":["https:\/\/dropking.eu\/wp-content\/uploads\/2025\/08\/114329867904-600x600.jpg",600,600,true],"woocommerce_gallery_thumbnail":["https:\/\/dropking.eu\/wp-content\/uploads\/2025\/08\/114329867904-100x100.jpg",100,100,true]},"uagb_author_info":{"display_name":"Andrea","author_link":"https:\/\/dropking.eu\/en\/author\/"},"uagb_comment_info":0,"uagb_excerpt":"Wireless optical mouse pen-Forradalmi vezet\u00e9k n\u00e9lk\u00fcli toll eg\u00e9r! K\u00e9nyelmes, ergonomikus kialak\u00edt\u00e1s\u00fa, amely cs\u00f6kkenti a k\u00e9zf\u00e1jdalmat \u00e9s pontosabb\u00e1 teszi a munk\u00e1t. T\u00f6k\u00e9letes di\u00e1koknak, gamereknek \u00e9s irodai dolgoz\u00f3knak &nbsp; Wireless Optikai Toll Eg\u00e9r \u2013 Ergonomikus \u00e9s hordozhat\u00f3 megold\u00e1s Unod m\u00e1r a hagyom\u00e1nyos egereket, amelyek k\u00e9nyelmesek hosszabb haszn\u00e1lat sor\u00e1n? Ismerd meg a vezet\u00e9k n\u00e9lk\u00fcli optikai \u00fatd\u00edj egeret, amely&hellip;","_links":{"self":[{"href":"https:\/\/dropking.eu\/en\/wp-json\/wp\/v2\/product\/1853","targetHints":{"allow":["GET"]}}],"collection":[{"href":"https:\/\/dropking.eu\/en\/wp-json\/wp\/v2\/product"}],"about":[{"href":"https:\/\/dropking.eu\/en\/wp-json\/wp\/v2\/types\/product"}],"replies":[{"embeddable":true,"href":"https:\/\/dropking.eu\/en\/wp-json\/wp\/v2\/comments?post=1853"}],"wp:featuredmedia":[{"embeddable":true,"href":"https:\/\/dropking.eu\/en\/wp-json\/wp\/v2\/media\/1846"}],"wp:attachment":[{"href":"https:\/\/dropking.eu\/en\/wp-json\/wp\/v2\/media?parent=1853"}],"wp:term":[{"taxonomy":"product_brand","embeddable":true,"href":"https:\/\/dropking.eu\/en\/wp-json\/wp\/v2\/product_brand?post=1853"},{"taxonomy":"product_cat","embeddable":true,"href":"https:\/\/dropking.eu\/en\/wp-json\/wp\/v2\/product_cat?post=1853"},{"taxonomy":"product_tag","embeddable":true,"href":"https:\/\/dropking.eu\/en\/wp-json\/wp\/v2\/product_tag?post=1853"}],"curies":[{"name":"wp","href":"https:\/\/api.w.org\/{rel}","templated":true}]}}