{"id":1833,"date":"2025-08-20T04:59:47","date_gmt":"2025-08-20T04:59:47","guid":{"rendered":"https:\/\/dropking.eu\/hu_hu\/product\/premium-cotton-hoodie-moominpappa\/"},"modified":"2026-03-28T14:41:05","modified_gmt":"2026-03-28T14:41:05","slug":"premium-cotton-moomin-hoodie-moominpappa","status":"publish","type":"product","link":"https:\/\/dropking.eu\/en\/product\/premium-cotton-moomin-hoodie-moominpappa\/","title":{"rendered":"Premium Cotton Moomin Hoodie &#8211; Moominpappa"},"content":{"rendered":"<p data-start=\"325\" data-end=\"542\"><strong data-start=\"325\" data-end=\"364\">Premium Cotton Moomin Hoodie \u2013 Moominpappa<\/strong><br data-start=\"364\" data-end=\"367\" \/>Hivatalos <em data-start=\"377\" data-end=\"385\">Moomin<\/em> term\u00e9k a <strong data-start=\"395\" data-end=\"412\">Nordicbuddies<\/strong> m\u00e1rk\u00e1t\u00f3l. Ez a pr\u00e9mium min\u0151s\u00e9g\u0171 kapucnis pul\u00f3ver nemcsak k\u00e9nyelmes viselet, hanem egyedi st\u00edlust is k\u00f6lcs\u00f6n\u00f6z mindennapjaidnak.<\/p>\n<p data-start=\"544\" data-end=\"1024\">\u2714 <strong data-start=\"546\" data-end=\"562\">Unisex fazon<\/strong> \u2013 fiataloknak \u00e9s feln\u0151tteknek egyar\u00e1nt t\u00f6k\u00e9letes.<br data-start=\"612\" data-end=\"615\" \/>\u2714 <strong data-start=\"617\" data-end=\"644\">Pr\u00e9mium anyag\u00f6sszet\u00e9tel<\/strong>: 65% pamut, 35% poli\u00e9szter, 300 gsm \u2013 tart\u00f3s, m\u00e9gis puha \u00e9s kellemes tapint\u00e1s\u00fa.<br data-start=\"724\" data-end=\"727\" \/>\u2714 <strong data-start=\"729\" data-end=\"748\">St\u00edlusos diz\u00e1jn<\/strong>: Moominpappa grafika a mellkason, hivatalos licencelt term\u00e9k.<br data-start=\"810\" data-end=\"813\" \/>\u2714 <strong data-start=\"815\" data-end=\"836\">K\u00e9nyelmes viselet<\/strong> \u2013 puha bels\u0151 b\u00e9l\u00e9s, bord\u00e1zott mandzsetta \u00e9s der\u00e9kr\u00e9sz, \u00e1ll\u00edthat\u00f3 kapucni.<br data-start=\"910\" data-end=\"913\" data-is-only-node=\"\" \/>\u2714 <strong data-start=\"915\" data-end=\"941\">Mindennapi haszn\u00e1latra<\/strong> \u2013 t\u00f6k\u00e9letes v\u00e1laszt\u00e1s iskol\u00e1ba, munk\u00e1ba, v\u00e1rosi s\u00e9t\u00e1hoz vagy otthoni pihen\u00e9shez.<\/p>\n<p data-start=\"1026\" data-end=\"1091\"><strong data-start=\"1026\" data-end=\"1047\">El\u00e9rhet\u0151 m\u00e9retek:<\/strong> XS, S, M, L, XL, XXL<br data-start=\"1068\" data-end=\"1071\" \/><strong data-start=\"1071\" data-end=\"1080\">Sz\u00edn:<\/strong> S\u00f6t\u00e9tk\u00e9k<\/p>\n<p data-start=\"1093\" data-end=\"1237\">\ud83c\udf81 <strong data-start=\"1096\" data-end=\"1112\">Aj\u00e1nd\u00e9k\u00f6tlet<\/strong>: Ide\u00e1lis v\u00e1laszt\u00e1s Moomin-rajong\u00f3knak, gy\u0171jt\u0151knek vagy b\u00e1rkinek, aki szereti a k\u00fcl\u00f6nleges, hivatalos licencelt term\u00e9keket.<\/p>\n<p>Hivatalos Moomin term\u00e9k a Nordicbuddies\u00a0.<\/p>\n<ul>\n<li>Unisex<\/li>\n<li>Anyag:\u00a0 65% pamut 35% poli\u00e9szter, 300 gsm<\/li>\n<li>El\u00e9rhet\u0151 m\u00e9retek: XS, S, M, L, XL, XXL<\/li>\n<li>Sz\u00edn: S\u00f6t\u00e9tk\u00e9k<\/li>\n<\/ul>","protected":false},"excerpt":{"rendered":"<p>Hivatalos Moomin term\u00e9k a Nordicbuddies\u00a0.<\/p>\n<ul>\n<li>Unisex<\/li>\n<li>Anyag:\u00a0 65% pamut 35% poli\u00e9szter, 300 gsm<\/li>\n<li>El\u00e9rhet\u0151 m\u00e9retek: XS, S, M, L, XL, XXL<\/li>\n<li>Sz\u00edn: S\u00f6t\u00e9tk\u00e9k<\/li>\n<\/ul>","protected":false},"featured_media":1841,"comment_status":"open","ping_status":"closed","template":"","meta":{"_uag_custom_page_level_css":"","site-sidebar-layout":"default","site-content-layout":"","ast-site-content-layout":"default","site-content-style":"default","site-sidebar-style":"default","ast-global-header-display":"","ast-banner-title-visibility":"","ast-main-header-display":"","ast-hfb-above-header-display":"","ast-hfb-below-header-display":"","ast-hfb-mobile-header-display":"","site-post-title":"","ast-breadcrumbs-content":"","ast-featured-img":"","footer-sml-layout":"","theme-transparent-header-meta":"default","adv-header-id-meta":"","stick-header-meta":"","header-above-stick-meta":"","header-main-stick-meta":"","header-below-stick-meta":"","astra-migrate-meta-layouts":"set","ast-page-background-enabled":"default","ast-page-background-meta":{"desktop":{"background-color":"var(--ast-global-color-4)","background-image":"","background-repeat":"repeat","background-position":"center center","background-size":"auto","background-attachment":"scroll","background-type":"","background-media":"","overlay-type":"","overlay-color":"","overlay-opacity":"","overlay-gradient":""},"tablet":{"background-color":"","background-image":"","background-repeat":"repeat","background-position":"center center","background-size":"auto","background-attachment":"scroll","background-type":"","background-media":"","overlay-type":"","overlay-color":"","overlay-opacity":"","overlay-gradient":""},"mobile":{"background-color":"","background-image":"","background-repeat":"repeat","background-position":"center center","background-size":"auto","background-attachment":"scroll","background-type":"","background-media":"","overlay-type":"","overlay-color":"","overlay-opacity":"","overlay-gradient":""}},"ast-content-background-meta":{"desktop":{"background-color":"var(--ast-global-color-5)","background-image":"","background-repeat":"repeat","background-position":"center center","background-size":"auto","background-attachment":"scroll","background-type":"","background-media":"","overlay-type":"","overlay-color":"","overlay-opacity":"","overlay-gradient":""},"tablet":{"background-color":"var(--ast-global-color-5)","background-image":"","background-repeat":"repeat","background-position":"center center","background-size":"auto","background-attachment":"scroll","background-type":"","background-media":"","overlay-type":"","overlay-color":"","overlay-opacity":"","overlay-gradient":""},"mobile":{"background-color":"var(--ast-global-color-5)","background-image":"","background-repeat":"repeat","background-position":"center center","background-size":"auto","background-attachment":"scroll","background-type":"","background-media":"","overlay-type":"","overlay-color":"","overlay-opacity":"","overlay-gradient":""}}},"product_brand":[],"product_cat":[28],"product_tag":[156,153,154,155],"class_list":{"0":"post-1833","1":"product","2":"type-product","3":"status-publish","4":"has-post-thumbnail","6":"product_cat-ruhazat","7":"product_tag-meleg-pulover","8":"product_tag-moomin-hoodie","9":"product_tag-warm-hoodie","10":"product_tag-warm-sweater","11":"product_shipping_class-free-shipping","12":"desktop-align-left","13":"tablet-align-left","14":"mobile-align-left","16":"first","17":"instock","18":"taxable","19":"shipping-taxable","20":"purchasable","21":"product-type-variable"},"aioseo_notices":[],"uagb_featured_image_src":{"full":["https:\/\/dropking.eu\/wp-content\/uploads\/2025\/08\/premium-cotton-hoodie-snufkin-duplicate-11edcab4.jpg",2048,2048,false],"thumbnail":["https:\/\/dropking.eu\/wp-content\/uploads\/2025\/08\/premium-cotton-hoodie-snufkin-duplicate-11edcab4-150x150.jpg",150,150,true],"medium":["https:\/\/dropking.eu\/wp-content\/uploads\/2025\/08\/premium-cotton-hoodie-snufkin-duplicate-11edcab4-300x300.jpg",300,300,true],"medium_large":["https:\/\/dropking.eu\/wp-content\/uploads\/2025\/08\/premium-cotton-hoodie-snufkin-duplicate-11edcab4-768x768.jpg",768,768,true],"large":["https:\/\/dropking.eu\/wp-content\/uploads\/2025\/08\/premium-cotton-hoodie-snufkin-duplicate-11edcab4-1024x1024.jpg",1024,1024,true],"1536x1536":["https:\/\/dropking.eu\/wp-content\/uploads\/2025\/08\/premium-cotton-hoodie-snufkin-duplicate-11edcab4-1536x1536.jpg",1536,1536,true],"2048x2048":["https:\/\/dropking.eu\/wp-content\/uploads\/2025\/08\/premium-cotton-hoodie-snufkin-duplicate-11edcab4.jpg",2048,2048,false],"trp-custom-language-flag":["https:\/\/dropking.eu\/wp-content\/uploads\/2025\/08\/premium-cotton-hoodie-snufkin-duplicate-11edcab4-12x12.jpg",12,12,true],"mailpoet_newsletter_max":["https:\/\/dropking.eu\/wp-content\/uploads\/2025\/08\/premium-cotton-hoodie-snufkin-duplicate-11edcab4-1320x1320.jpg",1320,1320,true],"woocommerce_thumbnail":["https:\/\/dropking.eu\/wp-content\/uploads\/2025\/08\/premium-cotton-hoodie-snufkin-duplicate-11edcab4-300x300.jpg",300,300,true],"woocommerce_single":["https:\/\/dropking.eu\/wp-content\/uploads\/2025\/08\/premium-cotton-hoodie-snufkin-duplicate-11edcab4-600x600.jpg",600,600,true],"woocommerce_gallery_thumbnail":["https:\/\/dropking.eu\/wp-content\/uploads\/2025\/08\/premium-cotton-hoodie-snufkin-duplicate-11edcab4-100x100.jpg",100,100,true]},"uagb_author_info":{"display_name":"Andrea","author_link":"https:\/\/dropking.eu\/en\/author\/"},"uagb_comment_info":0,"uagb_excerpt":"Hivatalos Moomin term\u00e9k a Nordicbuddies\u00a0. Unisex Anyag:\u00a0 65% pamut 35% poli\u00e9szter, 300 gsm El\u00e9rhet\u0151 m\u00e9retek: XS, S, M, L, XL, XXL Sz\u00edn: S\u00f6t\u00e9tk\u00e9k","_links":{"self":[{"href":"https:\/\/dropking.eu\/en\/wp-json\/wp\/v2\/product\/1833","targetHints":{"allow":["GET"]}}],"collection":[{"href":"https:\/\/dropking.eu\/en\/wp-json\/wp\/v2\/product"}],"about":[{"href":"https:\/\/dropking.eu\/en\/wp-json\/wp\/v2\/types\/product"}],"replies":[{"embeddable":true,"href":"https:\/\/dropking.eu\/en\/wp-json\/wp\/v2\/comments?post=1833"}],"wp:featuredmedia":[{"embeddable":true,"href":"https:\/\/dropking.eu\/en\/wp-json\/wp\/v2\/media\/1841"}],"wp:attachment":[{"href":"https:\/\/dropking.eu\/en\/wp-json\/wp\/v2\/media?parent=1833"}],"wp:term":[{"taxonomy":"product_brand","embeddable":true,"href":"https:\/\/dropking.eu\/en\/wp-json\/wp\/v2\/product_brand?post=1833"},{"taxonomy":"product_cat","embeddable":true,"href":"https:\/\/dropking.eu\/en\/wp-json\/wp\/v2\/product_cat?post=1833"},{"taxonomy":"product_tag","embeddable":true,"href":"https:\/\/dropking.eu\/en\/wp-json\/wp\/v2\/product_tag?post=1833"}],"curies":[{"name":"wp","href":"https:\/\/api.w.org\/{rel}","templated":true}]}}