{"id":27,"date":"2025-08-16T12:11:06","date_gmt":"2025-08-16T12:11:06","guid":{"rendered":"http:\/\/dropking.eu\/contact\/"},"modified":"2025-08-19T11:40:56","modified_gmt":"2025-08-19T11:40:56","slug":"contact","status":"publish","type":"page","link":"https:\/\/dropking.eu\/en\/contact\/","title":{"rendered":"Connection"},"content":{"rendered":"\t\t<div data-elementor-type=\"wp-page\" data-elementor-id=\"27\" class=\"elementor elementor-27\">\n\t\t\t\t<div class=\"elementor-element elementor-element-377f8a3a e-con-full e-flex e-con e-parent\" data-id=\"377f8a3a\" data-element_type=\"container\" data-e-type=\"container\">\n\t\t\t\t<div class=\"elementor-element elementor-element-a1dadf5 elementor-widget elementor-widget-image\" data-id=\"a1dadf5\" data-element_type=\"widget\" data-e-type=\"widget\" data-widget_type=\"image.default\">\n\t\t\t\t<div class=\"elementor-widget-container\">\n\t\t\t\t\t\t\t\t\t\t\t\t\t\t\t<img fetchpriority=\"high\" decoding=\"async\" width=\"1024\" height=\"683\" src=\"https:\/\/dropking.eu\/wp-content\/uploads\/2025\/08\/pexels-element5-1550334-1024x683.webp\" class=\"attachment-large size-large wp-image-1692\" alt=\"\" srcset=\"https:\/\/dropking.eu\/wp-content\/uploads\/2025\/08\/pexels-element5-1550334-1024x683.webp 1024w, https:\/\/dropking.eu\/wp-content\/uploads\/2025\/08\/pexels-element5-1550334-scaled-600x400.webp 600w, https:\/\/dropking.eu\/wp-content\/uploads\/2025\/08\/pexels-element5-1550334-300x200.webp 300w, https:\/\/dropking.eu\/wp-content\/uploads\/2025\/08\/pexels-element5-1550334-768x512.webp 768w, https:\/\/dropking.eu\/wp-content\/uploads\/2025\/08\/pexels-element5-1550334-1536x1024.webp 1536w, https:\/\/dropking.eu\/wp-content\/uploads\/2025\/08\/pexels-element5-1550334-scaled.webp 1920w\" sizes=\"(max-width: 1024px) 100vw, 1024px\" \/>\t\t\t\t\t\t\t\t\t\t\t\t\t\t\t<\/div>\n\t\t\t\t<\/div>\n\t\t\t\t<\/div>\n\t\t<div class=\"elementor-element elementor-element-891f0af e-flex e-con-boxed e-con e-parent\" data-id=\"891f0af\" data-element_type=\"container\" data-e-type=\"container\">\n\t\t\t\t\t<div class=\"e-con-inner\">\n\t\t\t\t<div class=\"elementor-element elementor-element-75e20d5 elementor-widget elementor-widget-text-editor\" data-id=\"75e20d5\" data-element_type=\"widget\" data-e-type=\"widget\" data-widget_type=\"text-editor.default\">\n\t\t\t\t<div class=\"elementor-widget-container\">\n\t\t\t\t\t\t\t\t\t<div class=\"wp-block-uagb-advanced-heading uagb-block-b38aeda8\">\n<h1 class=\"uagb-heading-text\">L\u00e9pj vel\u00fcnk kapcsolatba<\/h1>\n<div class=\"uagb-separator\">\u00a0<\/div>\n<\/div>\n<p><!-- \/wp:uagb\/advanced-heading --><!-- wp:uagb\/advanced-heading {\"block_id\":\"7bad6440\",\"classMigrate\":true,\"headingAlign\":\"center\",\"headingTag\":\"h3\",\"headSpace\":0,\"headFontStyle\":\"italic\",\"blockTopPadding\":0,\"blockRightPadding\":0,\"blockLeftPadding\":0,\"blockBottomPadding\":0,\"blockTopMargin\":0,\"blockRightMargin\":0,\"blockLeftMargin\":0,\"blockBottomMargin\":0} --><\/p>\n<div class=\"wp-block-uagb-advanced-heading uagb-block-7bad6440\">\n<h3 class=\"uagb-heading-text\">K\u00e9rd\u00e9sed van a rendel\u00e9ssel, sz\u00e1ll\u00edt\u00e1ssal vagy egy\u00fcttm\u0171k\u00f6d\u00e9ssel kapcsolatban?<br data-start=\"367\" data-end=\"370\" \/>\u00cdrj nek\u00fcnk b\u00e1tran, \u00e9s mi a lehet\u0151 legr\u00f6videbb id\u0151n bel\u00fcl v\u00e1laszolunk!<\/h3>\n<\/div>\t\t\t\t\t\t\t\t<\/div>\n\t\t\t\t<\/div>\n\t\t\t\t\t<\/div>\n\t\t\t\t<\/div>\n\t\t<div class=\"elementor-element elementor-element-be50a73 e-flex e-con-boxed e-con e-parent\" data-id=\"be50a73\" data-element_type=\"container\" data-e-type=\"container\">\n\t\t\t\t\t<div class=\"e-con-inner\">\n\t\t<div class=\"elementor-element elementor-element-644f933 e-con-full e-flex e-con e-child\" data-id=\"644f933\" data-element_type=\"container\" data-e-type=\"container\">\n\t\t\t\t<div class=\"elementor-element elementor-element-5ad991e elementor-widget elementor-widget-text-editor\" data-id=\"5ad991e\" data-element_type=\"widget\" data-e-type=\"widget\" data-widget_type=\"text-editor.default\">\n\t\t\t\t<div class=\"elementor-widget-container\">\n\t\t\t\t\t\t\t\t\t<h1 class=\"wp-block-uagb-advanced-heading uagb-block-395f8b3f\"><strong>El\u00e9rhet\u0151s\u00e9gek<\/strong><\/h1>\t\t\t\t\t\t\t\t<\/div>\n\t\t\t\t<\/div>\n\t\t\t\t<\/div>\n\t\t<div class=\"elementor-element elementor-element-a65da47 e-grid e-con-full e-con e-child\" data-id=\"a65da47\" data-element_type=\"container\" data-e-type=\"container\">\n\t\t\t\t<div class=\"elementor-element elementor-element-89c1559 elementor-widget elementor-widget-text-editor\" data-id=\"89c1559\" data-element_type=\"widget\" data-e-type=\"widget\" data-widget_type=\"text-editor.default\">\n\t\t\t\t<div class=\"elementor-widget-container\">\n\t\t\t\t\t\t\t\t\t<h4 class=\"wp-block-uagb-advanced-heading uagb-block-395f8b3f\"><span style=\"font-size: 20.8px;\">Tel.: +36303723490\u00a0 \u00a0<\/span><\/h4>\n<div class=\"wp-block-uagb-icon-list uagb-block-b4cc8be9\">\n<div class=\"uagb-icon-list__wrap\"><!-- \/wp:uagb\/icon-list-child --><!-- wp:uagb\/icon-list-child {\"block_id\":\"d3543451\",\"label\":\"E: contact@info.com\",\"label_color\":\"\",\"fromParentIcon\":\"\"} -->\n<div>\u00a0<\/div>\n<\/div>\n<\/div>\t\t\t\t\t\t\t\t<\/div>\n\t\t\t\t<\/div>\n\t\t\t\t<div class=\"elementor-element elementor-element-cf83423 elementor-widget elementor-widget-button\" data-id=\"cf83423\" data-element_type=\"widget\" data-e-type=\"widget\" data-widget_type=\"button.default\">\n\t\t\t\t<div class=\"elementor-widget-container\">\n\t\t\t\t\t\t\t\t\t<div class=\"elementor-button-wrapper\">\n\t\t\t\t\t<a class=\"elementor-button elementor-button-link elementor-size-sm\" href=\"tel:+36303723490\">\n\t\t\t\t\t\t<span class=\"elementor-button-content-wrapper\">\n\t\t\t\t\t\t\t\t\t<span class=\"elementor-button-text\">H\u00cdVJ<\/span>\n\t\t\t\t\t<\/span>\n\t\t\t\t\t<\/a>\n\t\t\t\t<\/div>\n\t\t\t\t\t\t\t\t<\/div>\n\t\t\t\t<\/div>\n\t\t\t\t<\/div>\n\t\t\t\t\t<\/div>\n\t\t\t\t<\/div>\n\t\t<div class=\"elementor-element elementor-element-28073af e-flex e-con-boxed e-con e-parent\" data-id=\"28073af\" data-element_type=\"container\" data-e-type=\"container\">\n\t\t\t\t\t<div class=\"e-con-inner\">\n\t\t<div class=\"elementor-element elementor-element-a9b7584 e-grid e-con-full e-con e-child\" data-id=\"a9b7584\" data-element_type=\"container\" data-e-type=\"container\">\n\t\t\t\t<div class=\"elementor-element elementor-element-ea4fbc3 elementor-widget elementor-widget-text-editor\" data-id=\"ea4fbc3\" data-element_type=\"widget\" data-e-type=\"widget\" data-widget_type=\"text-editor.default\">\n\t\t\t\t<div class=\"elementor-widget-container\">\n\t\t\t\t\t\t\t\t\t<div class=\"wp-block-uagb-icon-list-child uagb-block-d3543451\"><span class=\"uagb-icon-list__label\">E-mail: info@dropking.eu<\/span><\/div>\n<p><!-- \/wp:uagb\/icon-list-child --><!-- wp:uagb\/icon-list-child {\"block_id\":\"b6a8fdbf\",\"label\":\"A: 123 Fifth Avenue, New York, NY 10160\",\"label_color\":\"\",\"fromParentIcon\":\"\"} --><\/p>\n<div>\u00a0<\/div>\t\t\t\t\t\t\t\t<\/div>\n\t\t\t\t<\/div>\n\t\t\t\t<div class=\"elementor-element elementor-element-da29bae elementor-button-success elementor-align-left elementor-widget__width-auto elementor-widget elementor-widget-button\" data-id=\"da29bae\" data-element_type=\"widget\" data-e-type=\"widget\" data-widget_type=\"button.default\">\n\t\t\t\t<div class=\"elementor-widget-container\">\n\t\t\t\t\t\t\t\t\t<div class=\"elementor-button-wrapper\">\n\t\t\t\t\t<a class=\"elementor-button elementor-button-link elementor-size-sm\" href=\"mailto:info@dropking.eu\" target=\"_blank\">\n\t\t\t\t\t\t<span class=\"elementor-button-content-wrapper\">\n\t\t\t\t\t\t\t\t\t<span class=\"elementor-button-text\">\u00cdrj<\/span>\n\t\t\t\t\t<\/span>\n\t\t\t\t\t<\/a>\n\t\t\t\t<\/div>\n\t\t\t\t\t\t\t\t<\/div>\n\t\t\t\t<\/div>\n\t\t\t\t<\/div>\n\t\t\t\t\t<\/div>\n\t\t\t\t<\/div>\n\t\t<div class=\"elementor-element elementor-element-78debe9 e-flex e-con-boxed e-con e-parent\" data-id=\"78debe9\" data-element_type=\"container\" data-e-type=\"container\">\n\t\t\t\t\t<div class=\"e-con-inner\">\n\t\t<div class=\"elementor-element elementor-element-c124f5a e-grid e-con-full e-con e-child\" data-id=\"c124f5a\" data-element_type=\"container\" data-e-type=\"container\">\n\t\t\t\t<div class=\"elementor-element elementor-element-ea2e538 elementor-widget elementor-widget-text-editor\" data-id=\"ea2e538\" data-element_type=\"widget\" data-e-type=\"widget\" data-widget_type=\"text-editor.default\">\n\t\t\t\t<div class=\"elementor-widget-container\">\n\t\t\t\t\t\t\t\t\t<div class=\"wp-block-uagb-icon-list-child uagb-block-b6a8fdbf\"><span class=\"uagb-icon-list__label\">C\u00edm: 4741 J\u00e1nkmajtis Kossuth ut 27 <\/span><\/div>\n<div>Magyarorsz\u00e1g<\/div>\t\t\t\t\t\t\t\t<\/div>\n\t\t\t\t<\/div>\n\t\t\t\t<div class=\"elementor-element elementor-element-f06098e elementor-widget elementor-widget-shortcode\" data-id=\"f06098e\" data-element_type=\"widget\" data-e-type=\"widget\" data-widget_type=\"shortcode.default\">\n\t\t\t\t<div class=\"elementor-widget-container\">\n\t\t\t\t\t\t\t<div class=\"elementor-shortcode\"><div class=\"wpforms-container \" id=\"wpforms-1795\"><form id=\"wpforms-form-1795\" class=\"wpforms-validate wpforms-form wpforms-ajax-form\" data-formid=\"1795\" method=\"post\" enctype=\"multipart\/form-data\" action=\"\/en\/wp-json\/wp\/v2\/pages\/27\" data-token=\"9c2020fdfe7f5f62a487ef50a4141c18\" data-token-time=\"1775243379\"><noscript class=\"wpforms-error-noscript\">Please enable JavaScript in your browser to complete this form.<\/noscript><div class=\"wpforms-field-container\"><div id=\"wpforms-1795-field_1-container\" class=\"wpforms-field wpforms-field-name\" data-field-id=\"1\"><label class=\"wpforms-field-label\">Name <span class=\"wpforms-required-label\">*<\/span><\/label><div class=\"wpforms-field-row wpforms-field-medium\"><div class=\"wpforms-field-row-block wpforms-first wpforms-one-half\"><input type=\"text\" id=\"wpforms-1795-field_1\" class=\"wpforms-field-name-first wpforms-field-required\" name=\"wpforms[fields][1][first]\" required><label for=\"wpforms-1795-field_1\" class=\"wpforms-field-sublabel after\">First<\/label><\/div><div class=\"wpforms-field-row-block wpforms-one-half\"><input type=\"text\" id=\"wpforms-1795-field_1-last\" class=\"wpforms-field-name-last wpforms-field-required\" name=\"wpforms[fields][1][last]\" required><label for=\"wpforms-1795-field_1-last\" class=\"wpforms-field-sublabel after\">Last<\/label><\/div><\/div><\/div>\t\t<div id=\"wpforms-1795-field_3-container\"\n\t\t\tclass=\"wpforms-field wpforms-field-text\"\n\t\t\tdata-field-type=\"text\"\n\t\t\tdata-field-id=\"3\"\n\t\t\t>\n\t\t\t<label class=\"wpforms-field-label\" for=\"wpforms-1795-field_3\" >Checkboxes Email Name<\/label>\n\t\t\t<input type=\"text\" id=\"wpforms-1795-field_3\" class=\"wpforms-field-medium\" name=\"wpforms[fields][3]\" >\n\t\t<\/div>\n\t\t<div id=\"wpforms-1795-field_2-container\" class=\"wpforms-field wpforms-field-email\" data-field-id=\"2\"><label class=\"wpforms-field-label\" for=\"wpforms-1795-field_2\">Email <span class=\"wpforms-required-label\">*<\/span><\/label><input type=\"email\" id=\"wpforms-1795-field_2\" class=\"wpforms-field-medium wpforms-field-required\" name=\"wpforms[fields][2]\" spellcheck=\"false\" required><\/div><div id=\"wpforms-1795-field_4-container\" class=\"wpforms-field wpforms-field-checkbox\" data-field-id=\"4\"><label class=\"wpforms-field-label\">Checkboxes<\/label><ul id=\"wpforms-1795-field_4\"><li class=\"choice-1 depth-1 wpforms-selected\"><input type=\"checkbox\" id=\"wpforms-1795-field_4_1\" name=\"wpforms[fields][4][]\" value=\"First Choice\"   checked='checked'><label class=\"wpforms-field-label-inline\" for=\"wpforms-1795-field_4_1\">First Choice<\/label><\/li><li class=\"choice-2 depth-1\"><input type=\"checkbox\" id=\"wpforms-1795-field_4_2\" name=\"wpforms[fields][4][]\" value=\"Second Choice\"  ><label class=\"wpforms-field-label-inline\" for=\"wpforms-1795-field_4_2\">Second Choice<\/label><\/li><li class=\"choice-3 depth-1\"><input type=\"checkbox\" id=\"wpforms-1795-field_4_3\" name=\"wpforms[fields][4][]\" value=\"Third Choice\"  ><label class=\"wpforms-field-label-inline\" for=\"wpforms-1795-field_4_3\">Third Choice<\/label><\/li><\/ul><div class=\"wpforms-field-description\">Hozz\u00e1j\u00e1rulok, hogy a DropKing e-maileket k\u00fcldj\u00f6n nekem<\/div><\/div><script>\n\t\t\t\t( function() {\n\t\t\t\t\tconst style = document.createElement( 'style' );\n\t\t\t\t\tstyle.appendChild( document.createTextNode( '#wpforms-1795-field_3-container { position: absolute !important; overflow: hidden !important; display: inline !important; height: 1px !important; width: 1px !important; z-index: -1000 !important; padding: 0 !important; } #wpforms-1795-field_3-container input { visibility: hidden; } #wpforms-conversational-form-page #wpforms-1795-field_3-container label { counter-increment: none; }' ) );\n\t\t\t\t\tdocument.head.appendChild( style );\n\t\t\t\t\tdocument.currentScript?.remove();\n\t\t\t\t} )();\n\t\t\t<\/script><\/div><!-- .wpforms-field-container --><div class=\"wpforms-submit-container\" ><input type=\"hidden\" name=\"wpforms[id]\" value=\"1795\"><input type=\"hidden\" name=\"page_title\" value=\"\"><input type=\"hidden\" name=\"page_url\" value=\"https:\/\/dropking.eu\/en\/wp-json\/wp\/v2\/pages\/27\"><input type=\"hidden\" name=\"url_referer\" value=\"\"><button type=\"submit\" name=\"wpforms[submit]\" id=\"wpforms-submit-1795\" class=\"wpforms-submit\" data-alt-text=\"Please wait...\" data-submit-text=\"Sign up\" aria-live=\"assertive\" value=\"wpforms-submit\">Sign up<\/button><img decoding=\"async\" src=\"https:\/\/dropking.eu\/wp-content\/plugins\/wpforms-lite\/assets\/images\/submit-spin.svg\" class=\"wpforms-submit-spinner\" style=\"display: none;\" width=\"26\" height=\"26\" alt=\"Loading\"><\/div><\/form><\/div>  <!-- .wpforms-container -->\n<\/div>\n\t\t\t\t\t\t<\/div>\n\t\t\t\t<\/div>\n\t\t\t\t<\/div>\n\t\t\t\t\t<\/div>\n\t\t\t\t<\/div>\n\t\t<div class=\"elementor-element elementor-element-d9d5b8d e-flex e-con-boxed e-con e-parent\" data-id=\"d9d5b8d\" data-element_type=\"container\" data-e-type=\"container\">\n\t\t\t\t\t<div class=\"e-con-inner\">\n\t\t\t\t\t<\/div>\n\t\t\t\t<\/div>\n\t\t<div class=\"elementor-element elementor-element-6cbc8df e-flex e-con-boxed e-con e-parent\" data-id=\"6cbc8df\" data-element_type=\"container\" data-e-type=\"container\">\n\t\t\t\t\t<div class=\"e-con-inner\">\n\t\t\t\t\t<\/div>\n\t\t\t\t<\/div>\n\t\t\t\t<\/div>\n\t\t","protected":false},"excerpt":{"rendered":"<p>L\u00e9pj vel\u00fcnk kapcsolatba \u00a0 K\u00e9rd\u00e9sed van a rendel\u00e9ssel, sz\u00e1ll\u00edt\u00e1ssal vagy egy\u00fcttm\u0171k\u00f6d\u00e9ssel kapcsolatban?\u00cdrj nek\u00fcnk b\u00e1tran, \u00e9s mi a lehet\u0151 legr\u00f6videbb id\u0151n bel\u00fcl v\u00e1laszolunk! El\u00e9rhet\u0151s\u00e9gek Tel.: +36303723490\u00a0 \u00a0 \u00a0 H\u00cdVJ E-mail: info@dropking.eu \u00a0 \u00cdrj C\u00edm: 4741 J\u00e1nkmajtis Kossuth ut 27 Magyarorsz\u00e1g<\/p>","protected":false},"author":1,"featured_media":0,"parent":0,"menu_order":0,"comment_status":"closed","ping_status":"closed","template":"","meta":{"_uag_custom_page_level_css":"","site-sidebar-layout":"no-sidebar","site-content-layout":"page-builder","ast-site-content-layout":"full-width-container","site-content-style":"unboxed","site-sidebar-style":"unboxed","ast-global-header-display":"","ast-banner-title-visibility":"","ast-main-header-display":"","ast-hfb-above-header-display":"","ast-hfb-below-header-display":"","ast-hfb-mobile-header-display":"","site-post-title":"","ast-breadcrumbs-content":"","ast-featured-img":"","footer-sml-layout":"","theme-transparent-header-meta":"enabled","adv-header-id-meta":"","stick-header-meta":"","header-above-stick-meta":"","header-main-stick-meta":"","header-below-stick-meta":"","astra-migrate-meta-layouts":"set","ast-page-background-enabled":"default","ast-page-background-meta":{"desktop":{"background-color":"var(--ast-global-color-4)","background-image":"","background-repeat":"repeat","background-position":"center center","background-size":"auto","background-attachment":"scroll","background-type":"","background-media":"","overlay-type":"","overlay-color":"","overlay-opacity":"","overlay-gradient":""},"tablet":{"background-color":"","background-image":"","background-repeat":"repeat","background-position":"center center","background-size":"auto","background-attachment":"scroll","background-type":"","background-media":"","overlay-type":"","overlay-color":"","overlay-opacity":"","overlay-gradient":""},"mobile":{"background-color":"","background-image":"","background-repeat":"repeat","background-position":"center center","background-size":"auto","background-attachment":"scroll","background-type":"","background-media":"","overlay-type":"","overlay-color":"","overlay-opacity":"","overlay-gradient":""}},"ast-content-background-meta":{"desktop":{"background-color":"var(--ast-global-color-5)","background-image":"","background-repeat":"repeat","background-position":"center center","background-size":"auto","background-attachment":"scroll","background-type":"","background-media":"","overlay-type":"","overlay-color":"","overlay-opacity":"","overlay-gradient":""},"tablet":{"background-color":"var(--ast-global-color-5)","background-image":"","background-repeat":"repeat","background-position":"center center","background-size":"auto","background-attachment":"scroll","background-type":"","background-media":"","overlay-type":"","overlay-color":"","overlay-opacity":"","overlay-gradient":""},"mobile":{"background-color":"var(--ast-global-color-5)","background-image":"","background-repeat":"repeat","background-position":"center center","background-size":"auto","background-attachment":"scroll","background-type":"","background-media":"","overlay-type":"","overlay-color":"","overlay-opacity":"","overlay-gradient":""}},"footnotes":""},"class_list":["post-27","page","type-page","status-publish","hentry"],"aioseo_notices":[],"_hostinger_reach_plugin_has_subscription_block":false,"_hostinger_reach_plugin_is_elementor":false,"uagb_featured_image_src":{"full":false,"thumbnail":false,"medium":false,"medium_large":false,"large":false,"1536x1536":false,"2048x2048":false,"trp-custom-language-flag":false,"mailpoet_newsletter_max":false,"woocommerce_thumbnail":false,"woocommerce_single":false,"woocommerce_gallery_thumbnail":false},"uagb_author_info":{"display_name":"Andrea","author_link":"https:\/\/dropking.eu\/en\/author\/kingfutargmail-com\/"},"uagb_comment_info":0,"uagb_excerpt":"L\u00e9pj vel\u00fcnk kapcsolatba \u00a0 K\u00e9rd\u00e9sed van a rendel\u00e9ssel, sz\u00e1ll\u00edt\u00e1ssal vagy egy\u00fcttm\u0171k\u00f6d\u00e9ssel kapcsolatban?\u00cdrj nek\u00fcnk b\u00e1tran, \u00e9s mi a lehet\u0151 legr\u00f6videbb id\u0151n bel\u00fcl v\u00e1laszolunk! El\u00e9rhet\u0151s\u00e9gek Tel.: +36303723490\u00a0 \u00a0 \u00a0 H\u00cdVJ E-mail: info@dropking.eu \u00a0 \u00cdrj C\u00edm: 4741 J\u00e1nkmajtis Kossuth ut 27 Magyarorsz\u00e1g","_links":{"self":[{"href":"https:\/\/dropking.eu\/en\/wp-json\/wp\/v2\/pages\/27","targetHints":{"allow":["GET"]}}],"collection":[{"href":"https:\/\/dropking.eu\/en\/wp-json\/wp\/v2\/pages"}],"about":[{"href":"https:\/\/dropking.eu\/en\/wp-json\/wp\/v2\/types\/page"}],"author":[{"embeddable":true,"href":"https:\/\/dropking.eu\/en\/wp-json\/wp\/v2\/users\/1"}],"replies":[{"embeddable":true,"href":"https:\/\/dropking.eu\/en\/wp-json\/wp\/v2\/comments?post=27"}],"version-history":[{"count":37,"href":"https:\/\/dropking.eu\/en\/wp-json\/wp\/v2\/pages\/27\/revisions"}],"predecessor-version":[{"id":1816,"href":"https:\/\/dropking.eu\/en\/wp-json\/wp\/v2\/pages\/27\/revisions\/1816"}],"wp:attachment":[{"href":"https:\/\/dropking.eu\/en\/wp-json\/wp\/v2\/media?parent=27"}],"curies":[{"name":"wp","href":"https:\/\/api.w.org\/{rel}","templated":true}]}}